{"id":8267,"date":"2024-02-22T10:25:21","date_gmt":"2024-02-22T15:25:21","guid":{"rendered":"https:\/\/groupedevonian.com\/?page_id=8267"},"modified":"2025-12-15T15:15:32","modified_gmt":"2025-12-15T20:15:32","slug":"presentation-aux-investisseurs","status":"publish","type":"page","link":"https:\/\/groupedevonian.com\/fr\/communiques-de-presse\/presentation-aux-investisseurs\/","title":{"rendered":"Pr\u00e9sentation aux investisseurs"},"content":{"rendered":"<p>[et_pb_section fb_built=\u00a0\u00bb1&Prime; specialty=\u00a0\u00bbon\u00a0\u00bb _builder_version=\u00a0\u00bb4.27.5&Prime; _module_preset=\u00a0\u00bbdefault\u00a0\u00bb inner_width=\u00a0\u00bb80%\u00a0\u00bb inner_max_width=\u00a0\u00bb80%\u00a0\u00bb custom_padding=\u00a0\u00bb130px||130px||true|false\u00a0\u00bb top_divider_color=\u00a0\u00bb#1B303B\u00a0\u00bb top_divider_height=\u00a0\u00bb50px\u00a0\u00bb bottom_divider_style=\u00a0\u00bbwave\u00a0\u00bb bottom_divider_color=\u00a0\u00bb#1F386B\u00a0\u00bb bottom_divider_height=\u00a0\u00bb50px\u00a0\u00bb bottom_divider_flip=\u00a0\u00bbhorizontal\u00a0\u00bb hover_enabled=\u00a0\u00bb0&Prime; custom_css_main_element=\u00a0\u00bbbackground: url(\/wp-content\/uploads\/2025\/11\/dots-br.png), url(\/wp-content\/uploads\/2025\/11\/lines-bl.png), url(\/wp-content\/uploads\/2025\/11\/dots-tl.png), url(\/wp-content\/uploads\/2025\/11\/lueur-bl-v2.png) !important;||background-repeat: no-repeat !important;||background-position: right bottom, left bottom, left top, left bottom  !important;||background-size: auto !important;\u00a0\u00bb global_colors_info=\u00a0\u00bb{}\u00a0\u00bb custom_css_main_element_last_edited=\u00a0\u00bbon|phone\u00a0\u00bb custom_css_main_element_tablet=\u00a0\u00bbbackground: url(\/wp-content\/uploads\/2025\/11\/dots-br.png)\/*, url(\/wp-content\/uploads\/2025\/11\/lines-bl.png)*\/, url(\/wp-content\/uploads\/2025\/12\/dot-top-right.png)\/*, url(\/wp-content\/uploads\/2025\/11\/lueur-bl-v2.png)*\/ !important;||background-repeat: no-repeat !important;||background-position: right bottom\/*, left bottom*\/, right top\/*, left bottom *\/ !important;||background-size: auto !important;\u00a0\u00bb custom_css_main_element_phone=\u00a0\u00bbbackground:none !important;\u00a0\u00bb sticky_enabled=\u00a0\u00bb0&Prime;][et_pb_column type=\u00a0\u00bb1_4&Prime; _builder_version=\u00a0\u00bb4.16&Prime; custom_padding=\u00a0\u00bb|||\u00a0\u00bb global_colors_info=\u00a0\u00bb{}\u00a0\u00bb custom_padding__hover=\u00a0\u00bb|||\u00a0\u00bb][et_pb_sidebar area=\u00a0\u00bbet_pb_widget_area_1&Prime; _builder_version=\u00a0\u00bb4.27.5&Prime; _module_preset=\u00a0\u00bbdefault\u00a0\u00bb header_text_color=\u00a0\u00bb#1F386B\u00a0\u00bb header_font_size=\u00a0\u00bb36px\u00a0\u00bb background_color=\u00a0\u00bb#FFFFFF\u00a0\u00bb width=\u00a0\u00bb101%\u00a0\u00bb max_width=\u00a0\u00bb101%\u00a0\u00bb custom_margin=\u00a0\u00bb||||false|false\u00a0\u00bb custom_padding=\u00a0\u00bb|20px|20px|20px|false|true\u00a0\u00bb filter_hue_rotate=\u00a0\u00bb30deg\u00a0\u00bb sticky_position=\u00a0\u00bbtop\u00a0\u00bb sticky_offset_top=\u00a0\u00bb-60px\u00a0\u00bb sticky_limit_bottom=\u00a0\u00bbsection\u00a0\u00bb hover_enabled=\u00a0\u00bb0&Prime; global_colors_info=\u00a0\u00bb{}\u00a0\u00bb sticky_position_last_edited=\u00a0\u00bbon|tablet\u00a0\u00bb sticky_enabled=\u00a0\u00bb0&Prime; sticky_position_tablet=\u00a0\u00bbnone\u00a0\u00bb sticky_position_phone=\u00a0\u00bbnone\u00a0\u00bb][\/et_pb_sidebar][\/et_pb_column][et_pb_column type=\u00a0\u00bb3_4&Prime; specialty_columns=\u00a0\u00bb3&Prime; _builder_version=\u00a0\u00bb4.16&Prime; custom_padding=\u00a0\u00bb|||\u00a0\u00bb global_colors_info=\u00a0\u00bb{}\u00a0\u00bb custom_padding__hover=\u00a0\u00bb|||\u00a0\u00bb][et_pb_row_inner custom_padding_last_edited=\u00a0\u00bbon|tablet\u00a0\u00bb _builder_version=\u00a0\u00bb4.27.4&Prime; _module_preset=\u00a0\u00bbdefault\u00a0\u00bb background_enable_image=\u00a0\u00bboff\u00a0\u00bb background_size=\u00a0\u00bbcontain\u00a0\u00bb background_blend=\u00a0\u00bbsoft-light\u00a0\u00bb width=\u00a0\u00bb100%\u00a0\u00bb max_width=\u00a0\u00bb100%\u00a0\u00bb custom_margin_tablet=\u00a0\u00bb0px||||false|false\u00a0\u00bb custom_margin_phone=\u00a0\u00bb0px||||false|false\u00a0\u00bb custom_margin_last_edited=\u00a0\u00bbon|tablet\u00a0\u00bb custom_padding_tablet=\u00a0\u00bb0px||||false|false\u00a0\u00bb custom_padding_phone=\u00a0\u00bb0px||||false|false\u00a0\u00bb global_colors_info=\u00a0\u00bb{}\u00a0\u00bb][et_pb_column_inner saved_specialty_column_type=\u00a0\u00bb3_4&Prime; _builder_version=\u00a0\u00bb4.27.4&Prime; _module_preset=\u00a0\u00bbdefault\u00a0\u00bb global_colors_info=\u00a0\u00bb{}\u00a0\u00bb][et_pb_text admin_label=\u00a0\u00bbPr\u00e9sentation aux investisseurs\u00a0\u00bb _builder_version=\u00a0\u00bb4.27.5&Prime; _module_preset=\u00a0\u00bbdefault\u00a0\u00bb header_2_text_color=\u00a0\u00bb#1F386B\u00a0\u00bb header_2_font_size=\u00a0\u00bb36px\u00a0\u00bb hover_enabled=\u00a0\u00bb0&Prime; global_colors_info=\u00a0\u00bb{}\u00a0\u00bb sticky_enabled=\u00a0\u00bb0&Prime;]<\/p>\n<h2><strong>Pr\u00e9sentation aux investisseurs<\/strong><\/h2>\n<p>[\/et_pb_text][et_pb_text admin_label=\u00a0\u00bbVous trouverez un compte-rendu complet&#8230;\u00a0\u00bb _builder_version=\u00a0\u00bb4.27.5&Prime; _module_preset=\u00a0\u00bbdefault\u00a0\u00bb global_colors_info=\u00a0\u00bb{}\u00a0\u00bb]Vous trouverez dans ce rapport un compte rendu complet et d\u00e9taill\u00e9 des discussions, d\u00e9cisions et faits saillants issus de notre plus r\u00e9cente assembl\u00e9e g\u00e9n\u00e9rale annuelle des actionnaires.<br \/>\nCe document constitue une occasion de partager les progr\u00e8s importants r\u00e9alis\u00e9s par notre organisation, les d\u00e9fis rencontr\u00e9s, ainsi que les perspectives prometteuses qui s\u2019offrent \u00e0 nous.<\/p>\n<p>Con\u00e7u pour offrir une vue d\u2019ensemble claire et exhaustive de notre parcours au cours de la derni\u00e8re ann\u00e9e, ce rapport illustre notre engagement constant envers la transparence, la croissance et la collaboration.<\/p>\n<p>Nous esp\u00e9rons qu\u2019il vous fournira un aper\u00e7u \u00e9clairant de nos r\u00e9alisations et de la strat\u00e9gie qui continue d\u2019orienter nos efforts vers un avenir prosp\u00e8re et durable.<\/p>\n<p><u><strong>Pr\u00e9sentation corporative 2025 (<!--anglais seulement-->disponible bient\u00f4t)<\/strong><\/u>[\/et_pb_text][\/et_pb_column_inner][\/et_pb_row_inner][\/et_pb_column][\/et_pb_section]<\/p>\n","protected":false},"excerpt":{"rendered":"<p>Pr\u00e9sentation aux investisseursVous trouverez dans ce rapport un compte rendu complet et d\u00e9taill\u00e9 des discussions, d\u00e9cisions et faits saillants issus de notre plus r\u00e9cente assembl\u00e9e g\u00e9n\u00e9rale annuelle des actionnaires. Ce document constitue une occasion de partager les progr\u00e8s importants r\u00e9alis\u00e9s par notre organisation, les d\u00e9fis rencontr\u00e9s, ainsi que les perspectives prometteuses qui s\u2019offrent \u00e0 nous. [&hellip;]<\/p>\n","protected":false},"author":4,"featured_media":0,"parent":1775,"menu_order":0,"comment_status":"closed","ping_status":"closed","template":"","meta":{"_et_pb_use_builder":"on","_et_pb_old_content":"","_et_gb_content_width":"","footnotes":""},"class_list":["post-8267","page","type-page","status-publish","hentry"],"yoast_head":"<!-- This site is optimized with the Yoast SEO plugin v27.5 - https:\/\/yoast.com\/product\/yoast-seo-wordpress\/ -->\n<title>Pr\u00e9sentation aux investisseurs - DEVONIAN HEALTH GROUP INC.<\/title>\n<meta name=\"robots\" content=\"index, follow, max-snippet:-1, max-image-preview:large, max-video-preview:-1\" \/>\n<link rel=\"canonical\" href=\"https:\/\/groupedevonian.com\/fr\/communiques-de-presse\/presentation-aux-investisseurs\/\" \/>\n<meta property=\"og:locale\" content=\"fr_FR\" \/>\n<meta property=\"og:type\" content=\"article\" \/>\n<meta property=\"og:title\" content=\"Pr\u00e9sentation aux investisseurs - DEVONIAN HEALTH GROUP INC.\" \/>\n<meta property=\"og:description\" content=\"Pr\u00e9sentation aux investisseursVous trouverez dans ce rapport un compte rendu complet et d\u00e9taill\u00e9 des discussions, d\u00e9cisions et faits saillants issus de notre plus r\u00e9cente assembl\u00e9e g\u00e9n\u00e9rale annuelle des actionnaires. Ce document constitue une occasion de partager les progr\u00e8s importants r\u00e9alis\u00e9s par notre organisation, les d\u00e9fis rencontr\u00e9s, ainsi que les perspectives prometteuses qui s\u2019offrent \u00e0 nous. [&hellip;]\" \/>\n<meta property=\"og:url\" content=\"https:\/\/groupedevonian.com\/fr\/communiques-de-presse\/presentation-aux-investisseurs\/\" \/>\n<meta property=\"og:site_name\" content=\"DEVONIAN HEALTH GROUP INC.\" \/>\n<meta property=\"article:modified_time\" content=\"2025-12-15T20:15:32+00:00\" \/>\n<meta name=\"twitter:card\" content=\"summary_large_image\" \/>\n<meta name=\"twitter:label1\" content=\"Dur\u00e9e de lecture estim\u00e9e\" \/>\n\t<meta name=\"twitter:data1\" content=\"1 minute\" \/>\n<script type=\"application\/ld+json\" class=\"yoast-schema-graph\">{\"@context\":\"https:\\\/\\\/schema.org\",\"@graph\":[{\"@type\":\"WebPage\",\"@id\":\"https:\\\/\\\/groupedevonian.com\\\/fr\\\/communiques-de-presse\\\/presentation-aux-investisseurs\\\/\",\"url\":\"https:\\\/\\\/groupedevonian.com\\\/fr\\\/communiques-de-presse\\\/presentation-aux-investisseurs\\\/\",\"name\":\"Pr\u00e9sentation aux investisseurs - DEVONIAN HEALTH GROUP INC.\",\"isPartOf\":{\"@id\":\"https:\\\/\\\/groupedevonian.com\\\/fr\\\/#website\"},\"datePublished\":\"2024-02-22T15:25:21+00:00\",\"dateModified\":\"2025-12-15T20:15:32+00:00\",\"breadcrumb\":{\"@id\":\"https:\\\/\\\/groupedevonian.com\\\/fr\\\/communiques-de-presse\\\/presentation-aux-investisseurs\\\/#breadcrumb\"},\"inLanguage\":\"fr-FR\",\"potentialAction\":[{\"@type\":\"ReadAction\",\"target\":[\"https:\\\/\\\/groupedevonian.com\\\/fr\\\/communiques-de-presse\\\/presentation-aux-investisseurs\\\/\"]}]},{\"@type\":\"BreadcrumbList\",\"@id\":\"https:\\\/\\\/groupedevonian.com\\\/fr\\\/communiques-de-presse\\\/presentation-aux-investisseurs\\\/#breadcrumb\",\"itemListElement\":[{\"@type\":\"ListItem\",\"position\":1,\"name\":\"Home\",\"item\":\"https:\\\/\\\/groupedevonian.com\\\/fr\\\/\"},{\"@type\":\"ListItem\",\"position\":2,\"name\":\"INVESTISSEURS\",\"item\":\"https:\\\/\\\/groupedevonian.com\\\/fr\\\/investor-center\\\/\"},{\"@type\":\"ListItem\",\"position\":3,\"name\":\"Pr\u00e9sentation aux investisseurs\"}]},{\"@type\":\"WebSite\",\"@id\":\"https:\\\/\\\/groupedevonian.com\\\/fr\\\/#website\",\"url\":\"https:\\\/\\\/groupedevonian.com\\\/fr\\\/\",\"name\":\"DEVONIAN HEALTH GROUP INC.\",\"description\":\"Botanical pharmaceutical corporation\",\"publisher\":{\"@id\":\"https:\\\/\\\/groupedevonian.com\\\/fr\\\/#organization\"},\"potentialAction\":[{\"@type\":\"SearchAction\",\"target\":{\"@type\":\"EntryPoint\",\"urlTemplate\":\"https:\\\/\\\/groupedevonian.com\\\/fr\\\/?s={search_term_string}\"},\"query-input\":{\"@type\":\"PropertyValueSpecification\",\"valueRequired\":true,\"valueName\":\"search_term_string\"}}],\"inLanguage\":\"fr-FR\"},{\"@type\":\"Organization\",\"@id\":\"https:\\\/\\\/groupedevonian.com\\\/fr\\\/#organization\",\"name\":\"Groupe Sant\u00e9 Devonian inc.\",\"alternateName\":\"Groupe Sant\u00e9 Devonian inc.\",\"url\":\"https:\\\/\\\/groupedevonian.com\\\/fr\\\/\",\"logo\":{\"@type\":\"ImageObject\",\"inLanguage\":\"fr-FR\",\"@id\":\"https:\\\/\\\/groupedevonian.com\\\/fr\\\/#\\\/schema\\\/logo\\\/image\\\/\",\"url\":\"https:\\\/\\\/groupedevonian.com\\\/wp-content\\\/uploads\\\/2022\\\/05\\\/logo-devonian-2x.png\",\"contentUrl\":\"https:\\\/\\\/groupedevonian.com\\\/wp-content\\\/uploads\\\/2022\\\/05\\\/logo-devonian-2x.png\",\"width\":309,\"height\":183,\"caption\":\"Groupe Sant\u00e9 Devonian inc.\"},\"image\":{\"@id\":\"https:\\\/\\\/groupedevonian.com\\\/fr\\\/#\\\/schema\\\/logo\\\/image\\\/\"}}]}<\/script>\n<!-- \/ Yoast SEO plugin. -->","yoast_head_json":{"title":"Pr\u00e9sentation aux investisseurs - DEVONIAN HEALTH GROUP INC.","robots":{"index":"index","follow":"follow","max-snippet":"max-snippet:-1","max-image-preview":"max-image-preview:large","max-video-preview":"max-video-preview:-1"},"canonical":"https:\/\/groupedevonian.com\/fr\/communiques-de-presse\/presentation-aux-investisseurs\/","og_locale":"fr_FR","og_type":"article","og_title":"Pr\u00e9sentation aux investisseurs - DEVONIAN HEALTH GROUP INC.","og_description":"Pr\u00e9sentation aux investisseursVous trouverez dans ce rapport un compte rendu complet et d\u00e9taill\u00e9 des discussions, d\u00e9cisions et faits saillants issus de notre plus r\u00e9cente assembl\u00e9e g\u00e9n\u00e9rale annuelle des actionnaires. Ce document constitue une occasion de partager les progr\u00e8s importants r\u00e9alis\u00e9s par notre organisation, les d\u00e9fis rencontr\u00e9s, ainsi que les perspectives prometteuses qui s\u2019offrent \u00e0 nous. [&hellip;]","og_url":"https:\/\/groupedevonian.com\/fr\/communiques-de-presse\/presentation-aux-investisseurs\/","og_site_name":"DEVONIAN HEALTH GROUP INC.","article_modified_time":"2025-12-15T20:15:32+00:00","twitter_card":"summary_large_image","twitter_misc":{"Dur\u00e9e de lecture estim\u00e9e":"1 minute"},"schema":{"@context":"https:\/\/schema.org","@graph":[{"@type":"WebPage","@id":"https:\/\/groupedevonian.com\/fr\/communiques-de-presse\/presentation-aux-investisseurs\/","url":"https:\/\/groupedevonian.com\/fr\/communiques-de-presse\/presentation-aux-investisseurs\/","name":"Pr\u00e9sentation aux investisseurs - DEVONIAN HEALTH GROUP INC.","isPartOf":{"@id":"https:\/\/groupedevonian.com\/fr\/#website"},"datePublished":"2024-02-22T15:25:21+00:00","dateModified":"2025-12-15T20:15:32+00:00","breadcrumb":{"@id":"https:\/\/groupedevonian.com\/fr\/communiques-de-presse\/presentation-aux-investisseurs\/#breadcrumb"},"inLanguage":"fr-FR","potentialAction":[{"@type":"ReadAction","target":["https:\/\/groupedevonian.com\/fr\/communiques-de-presse\/presentation-aux-investisseurs\/"]}]},{"@type":"BreadcrumbList","@id":"https:\/\/groupedevonian.com\/fr\/communiques-de-presse\/presentation-aux-investisseurs\/#breadcrumb","itemListElement":[{"@type":"ListItem","position":1,"name":"Home","item":"https:\/\/groupedevonian.com\/fr\/"},{"@type":"ListItem","position":2,"name":"INVESTISSEURS","item":"https:\/\/groupedevonian.com\/fr\/investor-center\/"},{"@type":"ListItem","position":3,"name":"Pr\u00e9sentation aux investisseurs"}]},{"@type":"WebSite","@id":"https:\/\/groupedevonian.com\/fr\/#website","url":"https:\/\/groupedevonian.com\/fr\/","name":"DEVONIAN HEALTH GROUP INC.","description":"Botanical pharmaceutical corporation","publisher":{"@id":"https:\/\/groupedevonian.com\/fr\/#organization"},"potentialAction":[{"@type":"SearchAction","target":{"@type":"EntryPoint","urlTemplate":"https:\/\/groupedevonian.com\/fr\/?s={search_term_string}"},"query-input":{"@type":"PropertyValueSpecification","valueRequired":true,"valueName":"search_term_string"}}],"inLanguage":"fr-FR"},{"@type":"Organization","@id":"https:\/\/groupedevonian.com\/fr\/#organization","name":"Groupe Sant\u00e9 Devonian inc.","alternateName":"Groupe Sant\u00e9 Devonian inc.","url":"https:\/\/groupedevonian.com\/fr\/","logo":{"@type":"ImageObject","inLanguage":"fr-FR","@id":"https:\/\/groupedevonian.com\/fr\/#\/schema\/logo\/image\/","url":"https:\/\/groupedevonian.com\/wp-content\/uploads\/2022\/05\/logo-devonian-2x.png","contentUrl":"https:\/\/groupedevonian.com\/wp-content\/uploads\/2022\/05\/logo-devonian-2x.png","width":309,"height":183,"caption":"Groupe Sant\u00e9 Devonian inc."},"image":{"@id":"https:\/\/groupedevonian.com\/fr\/#\/schema\/logo\/image\/"}}]}},"_links":{"self":[{"href":"https:\/\/groupedevonian.com\/fr\/wp-json\/wp\/v2\/pages\/8267","targetHints":{"allow":["GET"]}}],"collection":[{"href":"https:\/\/groupedevonian.com\/fr\/wp-json\/wp\/v2\/pages"}],"about":[{"href":"https:\/\/groupedevonian.com\/fr\/wp-json\/wp\/v2\/types\/page"}],"author":[{"embeddable":true,"href":"https:\/\/groupedevonian.com\/fr\/wp-json\/wp\/v2\/users\/4"}],"replies":[{"embeddable":true,"href":"https:\/\/groupedevonian.com\/fr\/wp-json\/wp\/v2\/comments?post=8267"}],"version-history":[{"count":5,"href":"https:\/\/groupedevonian.com\/fr\/wp-json\/wp\/v2\/pages\/8267\/revisions"}],"predecessor-version":[{"id":12937,"href":"https:\/\/groupedevonian.com\/fr\/wp-json\/wp\/v2\/pages\/8267\/revisions\/12937"}],"up":[{"embeddable":true,"href":"https:\/\/groupedevonian.com\/fr\/wp-json\/wp\/v2\/pages\/1775"}],"wp:attachment":[{"href":"https:\/\/groupedevonian.com\/fr\/wp-json\/wp\/v2\/media?parent=8267"}],"curies":[{"name":"wp","href":"https:\/\/api.w.org\/{rel}","templated":true}]}}