{"id":5365,"date":"2022-01-17T17:37:01","date_gmt":"2022-01-17T22:37:01","guid":{"rendered":"https:\/\/devonian.acxcomdev.com\/pipeline\/pipeline-therapeutiques-2\/"},"modified":"2025-12-15T15:09:31","modified_gmt":"2025-12-15T20:09:31","slug":"pipeline-therapeutiques-2","status":"publish","type":"page","link":"https:\/\/groupedevonian.com\/fr\/pipeline\/pipeline-therapeutiques-2\/","title":{"rendered":"Portefeuille de produits th\u00e9rapeutique"},"content":{"rendered":"<p>[et_pb_section fb_built=\u00a0\u00bb1&Prime; _builder_version=\u00a0\u00bb4.27.5&Prime; _module_preset=\u00a0\u00bbdefault\u00a0\u00bb custom_padding=\u00a0\u00bb100px||100px||true|false\u00a0\u00bb top_divider_color=\u00a0\u00bb#1B303B\u00a0\u00bb top_divider_height=\u00a0\u00bb50px\u00a0\u00bb bottom_divider_color=\u00a0\u00bb#1B303B\u00a0\u00bb bottom_divider_height=\u00a0\u00bb50px\u00a0\u00bb bottom_divider_flip=\u00a0\u00bbhorizontal\u00a0\u00bb hover_enabled=\u00a0\u00bb0&Prime; custom_css_main_element=\u00a0\u00bbbackground: url(\/wp-content\/uploads\/2025\/11\/dots-br.png)\/*, url(\/wp-content\/uploads\/2025\/11\/lines-bl.png)*\/, url(\/wp-content\/uploads\/2025\/11\/dots-tl.png)\/*, url(\/wp-content\/uploads\/2025\/11\/lueur-bl-v2.png)*\/ !important;||background-repeat: no-repeat !important;||background-position: right bottom,\/* left bottom,*\/ left top\/*, left bottom*\/  !important;||background-size: auto !important;\u00a0\u00bb global_colors_info=\u00a0\u00bb{}\u00a0\u00bb custom_css_main_element_last_edited=\u00a0\u00bbon|phone\u00a0\u00bb custom_css_main_element_tablet=\u00a0\u00bbbackground: url(\/wp-content\/uploads\/2025\/11\/dots-br.png)\/*, url(\/wp-content\/uploads\/2025\/11\/lines-bl.png)*\/, url(\/wp-content\/uploads\/2025\/12\/dot-top-right.png)\/*, url(\/wp-content\/uploads\/2025\/11\/lueur-bl-v2.png)*\/ !important;||background-repeat: no-repeat !important;||background-position: right bottom\/*, left bottom*\/, right top\/*, left bottom *\/ !important;||background-size: auto !important;\u00a0\u00bb custom_css_main_element_phone=\u00a0\u00bbbackground:none !important;\u00a0\u00bb sticky_enabled=\u00a0\u00bb0&Prime;][et_pb_row _builder_version=\u00a0\u00bb4.27.5&Prime; _module_preset=\u00a0\u00bbdefault\u00a0\u00bb global_colors_info=\u00a0\u00bb{}\u00a0\u00bb][et_pb_column type=\u00a0\u00bb4_4&Prime; _builder_version=\u00a0\u00bb4.27.4&Prime; _module_preset=\u00a0\u00bbdefault\u00a0\u00bb global_colors_info=\u00a0\u00bb{}\u00a0\u00bb][et_pb_text admin_label=\u00a0\u00bbPipeline\u00a0\u00bb _builder_version=\u00a0\u00bb4.27.5&Prime; _module_preset=\u00a0\u00bbdefault\u00a0\u00bb header_2_font=\u00a0\u00bb|300|||||||\u00a0\u00bb header_2_text_color=\u00a0\u00bb#1F386B\u00a0\u00bb header_2_font_size=\u00a0\u00bb36px\u00a0\u00bb background_enable_color=\u00a0\u00bboff\u00a0\u00bb global_colors_info=\u00a0\u00bb{}\u00a0\u00bb]<\/p>\n<h2><strong>Portefeuille de produits th\u00e9rapeutiques<\/strong><\/h2>\n<p>[\/et_pb_text][et_pb_image src=\u00a0\u00bbhttps:\/\/groupedevonian.com\/wp-content\/uploads\/2025\/12\/graph-therapeutics-pipeline-FR-losanges.png\u00a0\u00bb title_text=\u00a0\u00bbgraph-therapeutics-pipeline-EN-losanges\u00a0\u00bb _builder_version=\u00a0\u00bb4.27.5&Prime; _module_preset=\u00a0\u00bbdefault\u00a0\u00bb global_colors_info=\u00a0\u00bb{}\u00a0\u00bb][\/et_pb_image][et_pb_text admin_label=\u00a0\u00bb*Mucoadhesive Formulation development    **Differentiating preclinical work\u00a0\u00bb _builder_version=\u00a0\u00bb4.27.5&Prime; _module_preset=\u00a0\u00bbdefault\u00a0\u00bb global_colors_info=\u00a0\u00bb{}\u00a0\u00bb]<\/p>\n<p><em><img loading=\"lazy\" decoding=\"async\" class=\"wp-image-12448 alignnone size-full\" src=\"https:\/\/groupedevonian.com\/wp-content\/uploads\/2025\/12\/star.png\" alt=\"\" width=\"15\" height=\"15\" \/> D\u00e9veloppement de formulations mucoadh\u00e9sives <img loading=\"lazy\" decoding=\"async\" class=\"wp-image-12448 alignnone size-full\" src=\"https:\/\/groupedevonian.com\/wp-content\/uploads\/2025\/12\/star.png\" alt=\"\" width=\"15\" height=\"15\" \/> <img loading=\"lazy\" decoding=\"async\" class=\"wp-image-12448 alignnone size-full\" src=\"https:\/\/groupedevonian.com\/wp-content\/uploads\/2025\/12\/star.png\" alt=\"\" width=\"15\" height=\"15\" \/>\u00a0Diff\u00e9renciation des travaux pr\u00e9cliniques <img loading=\"lazy\" decoding=\"async\" class=\"wp-image-12446 alignnone size-full\" src=\"https:\/\/groupedevonian.com\/wp-content\/uploads\/2025\/12\/losange.png\" alt=\"\" width=\"15\" height=\"15\" \/> En vertu de la r\u00e9glementation 510(k) de la FDA am\u00e9ricaine et de Sant\u00e9 Canada relative aux dispositifs m\u00e9dicaux <img loading=\"lazy\" decoding=\"async\" class=\"wp-image-12446 alignnone size-full\" src=\"https:\/\/groupedevonian.com\/wp-content\/uploads\/2025\/12\/losange.png\" alt=\"\" width=\"15\" height=\"15\" \/> <img loading=\"lazy\" decoding=\"async\" class=\"wp-image-12446 alignnone size-full\" src=\"https:\/\/groupedevonian.com\/wp-content\/uploads\/2025\/12\/losange.png\" alt=\"\" width=\"15\" height=\"15\" \/> Phase 2a achev\u00e9e<br \/>\n<\/em><\/p>\n<p>[\/et_pb_text][\/et_pb_column][\/et_pb_row][\/et_pb_section][et_pb_section fb_built=\u00a0\u00bb1&Prime; custom_padding_last_edited=\u00a0\u00bbon|phone\u00a0\u00bb _builder_version=\u00a0\u00bb4.27.4&Prime; _module_preset=\u00a0\u00bbdefault\u00a0\u00bb background_image=\u00a0\u00bbhttps:\/\/groupedevonian.com\/wp-content\/uploads\/2025\/11\/cta-targeted.png\u00a0\u00bb custom_padding=\u00a0\u00bb174px||174px||true|\u00a0\u00bb custom_padding_tablet=\u00a0\u00bb174px||174px||true|\u00a0\u00bb custom_padding_phone=\u00a0\u00bb|24px||24px|true|true\u00a0\u00bb global_colors_info=\u00a0\u00bb{}\u00a0\u00bb][et_pb_row _builder_version=\u00a0\u00bb4.27.4&Prime; _module_preset=\u00a0\u00bbdefault\u00a0\u00bb width=\u00a0\u00bb90%\u00a0\u00bb max_width=\u00a0\u00bb90%\u00a0\u00bb global_colors_info=\u00a0\u00bb{}\u00a0\u00bb][et_pb_column type=\u00a0\u00bb4_4&Prime; _builder_version=\u00a0\u00bb4.27.4&Prime; _module_preset=\u00a0\u00bbdefault\u00a0\u00bb global_colors_info=\u00a0\u00bb{}\u00a0\u00bb][et_pb_text admin_label=\u00a0\u00bbWould you like to know more about our Purgenesis Cosmeceuticals?\u00a0\u00bb _builder_version=\u00a0\u00bb4.27.4&Prime; _module_preset=\u00a0\u00bbdefault\u00a0\u00bb text_text_color=\u00a0\u00bb#FFFFFF\u00a0\u00bb header_2_font_size=\u00a0\u00bb38px\u00a0\u00bb header_3_text_align=\u00a0\u00bbcenter\u00a0\u00bb header_3_text_color=\u00a0\u00bb#FFFFFF\u00a0\u00bb header_3_font_size=\u00a0\u00bb30px\u00a0\u00bb text_orientation=\u00a0\u00bbcenter\u00a0\u00bb max_width=\u00a0\u00bb1080px\u00a0\u00bb module_alignment=\u00a0\u00bbcenter\u00a0\u00bb global_colors_info=\u00a0\u00bb{}\u00a0\u00bb]<\/p>\n<h3>Souhaitez-vous en savoir plus sur notre programme de d\u00e9veloppement de produits th\u00e9rapeutiques ?<\/h3>\n<p>[\/et_pb_text][et_pb_button button_url=\u00a0\u00bb@ET-DC@eyJkeW5hbWljIjp0cnVlLCJjb250ZW50IjoicG9zdF9saW5rX3VybF9wYWdlIiwic2V0dGluZ3MiOnsicG9zdF9pZCI6IjUxNTQifX0=@\u00a0\u00bb button_text=\u00a0\u00bbEn savoir plus\u00a0\u00bb button_alignment=\u00a0\u00bbcenter\u00a0\u00bb admin_label=\u00a0\u00bbButton &#8211; Learn more\u00a0\u00bb _builder_version=\u00a0\u00bb4.27.4&Prime; _dynamic_attributes=\u00a0\u00bbbutton_url\u00a0\u00bb _module_preset=\u00a0\u00bbdefault\u00a0\u00bb global_colors_info=\u00a0\u00bb{}\u00a0\u00bb][\/et_pb_button][\/et_pb_column][\/et_pb_row][\/et_pb_section][et_pb_section fb_built=\u00a0\u00bb1&Prime; custom_padding_last_edited=\u00a0\u00bbon|phone\u00a0\u00bb _builder_version=\u00a0\u00bb4.27.4&Prime; _module_preset=\u00a0\u00bbdefault\u00a0\u00bb background_color=\u00a0\u00bb#FFFFFF\u00a0\u00bb custom_padding=\u00a0\u00bb180px||240px||false|false\u00a0\u00bb custom_padding_tablet=\u00a0\u00bb120px||120px||false|false\u00a0\u00bb custom_padding_phone=\u00a0\u00bb||||false|false\u00a0\u00bb top_divider_color=\u00a0\u00bb#1F376D\u00a0\u00bb top_divider_flip=\u00a0\u00bbhorizontal\u00a0\u00bb bottom_divider_style=\u00a0\u00bbwave\u00a0\u00bb bottom_divider_color=\u00a0\u00bb#1F386B\u00a0\u00bb bottom_divider_height=\u00a0\u00bb50px\u00a0\u00bb global_colors_info=\u00a0\u00bb{}\u00a0\u00bb][et_pb_row _builder_version=\u00a0\u00bb4.27.4&Prime; _module_preset=\u00a0\u00bbdefault\u00a0\u00bb global_colors_info=\u00a0\u00bb{}\u00a0\u00bb][et_pb_column type=\u00a0\u00bb4_4&Prime; _builder_version=\u00a0\u00bb4.16&Prime; _module_preset=\u00a0\u00bbdefault\u00a0\u00bb global_colors_info=\u00a0\u00bb{}\u00a0\u00bb][et_pb_text admin_label=\u00a0\u00bbDevonian\u2019s technology&#8230;\u00a0\u00bb _builder_version=\u00a0\u00bb4.27.4&Prime; _module_preset=\u00a0\u00bbdefault\u00a0\u00bb header_3_text_align=\u00a0\u00bbcenter\u00a0\u00bb header_3_text_color=\u00a0\u00bb#1F386B\u00a0\u00bb header_3_line_height=\u00a0\u00bb1.2em\u00a0\u00bb background_enable_color=\u00a0\u00bboff\u00a0\u00bb text_orientation=\u00a0\u00bbcenter\u00a0\u00bb global_colors_info=\u00a0\u00bb{}\u00a0\u00bb]<\/p>\n<h3>La technologie de Devonian repose sur une plateforme scientifique \u00e9tendue, issue de plus de quinze ann\u00e9es de recherche.<\/h3>\n<p>[\/et_pb_text][\/et_pb_column][\/et_pb_row][\/et_pb_section]<\/p>\n","protected":false},"excerpt":{"rendered":"<p>Portefeuille de produits th\u00e9rapeutiques D\u00e9veloppement de formulations mucoadh\u00e9sives \u00a0Diff\u00e9renciation des travaux pr\u00e9cliniques En vertu de la r\u00e9glementation 510(k) de la FDA am\u00e9ricaine et de Sant\u00e9 Canada relative aux dispositifs m\u00e9dicaux Phase 2a achev\u00e9e Souhaitez-vous en savoir plus sur notre programme de d\u00e9veloppement de produits th\u00e9rapeutiques ?La technologie de Devonian repose sur une plateforme scientifique \u00e9tendue, [&hellip;]<\/p>\n","protected":false},"author":4,"featured_media":0,"parent":2960,"menu_order":0,"comment_status":"closed","ping_status":"closed","template":"","meta":{"_et_pb_use_builder":"on","_et_pb_old_content":"","_et_gb_content_width":"","footnotes":""},"class_list":["post-5365","page","type-page","status-publish","hentry"],"yoast_head":"<!-- This site is optimized with the Yoast SEO plugin v27.3 - https:\/\/yoast.com\/product\/yoast-seo-wordpress\/ -->\n<title>Portefeuille de produits th\u00e9rapeutique - DEVONIAN HEALTH GROUP INC.<\/title>\n<meta name=\"robots\" content=\"index, follow, max-snippet:-1, max-image-preview:large, max-video-preview:-1\" \/>\n<link rel=\"canonical\" href=\"https:\/\/groupedevonian.com\/fr\/pipeline\/pipeline-therapeutiques-2\/\" \/>\n<meta property=\"og:locale\" content=\"fr_FR\" \/>\n<meta property=\"og:type\" content=\"article\" \/>\n<meta property=\"og:title\" content=\"Portefeuille de produits th\u00e9rapeutique - DEVONIAN HEALTH GROUP INC.\" \/>\n<meta property=\"og:description\" content=\"Portefeuille de produits th\u00e9rapeutiques D\u00e9veloppement de formulations mucoadh\u00e9sives \u00a0Diff\u00e9renciation des travaux pr\u00e9cliniques En vertu de la r\u00e9glementation 510(k) de la FDA am\u00e9ricaine et de Sant\u00e9 Canada relative aux dispositifs m\u00e9dicaux Phase 2a achev\u00e9e Souhaitez-vous en savoir plus sur notre programme de d\u00e9veloppement de produits th\u00e9rapeutiques ?La technologie de Devonian repose sur une plateforme scientifique \u00e9tendue, [&hellip;]\" \/>\n<meta property=\"og:url\" content=\"https:\/\/groupedevonian.com\/fr\/pipeline\/pipeline-therapeutiques-2\/\" \/>\n<meta property=\"og:site_name\" content=\"DEVONIAN HEALTH GROUP INC.\" \/>\n<meta property=\"article:modified_time\" content=\"2025-12-15T20:09:31+00:00\" \/>\n<meta property=\"og:image\" content=\"https:\/\/groupedevonian.com\/wp-content\/uploads\/2025\/12\/star.png\" \/>\n<meta name=\"twitter:card\" content=\"summary_large_image\" \/>\n<meta name=\"twitter:label1\" content=\"Dur\u00e9e de lecture estim\u00e9e\" \/>\n\t<meta name=\"twitter:data1\" content=\"2 minutes\" \/>\n<script type=\"application\/ld+json\" class=\"yoast-schema-graph\">{\"@context\":\"https:\\\/\\\/schema.org\",\"@graph\":[{\"@type\":\"WebPage\",\"@id\":\"https:\\\/\\\/groupedevonian.com\\\/fr\\\/pipeline\\\/pipeline-therapeutiques-2\\\/\",\"url\":\"https:\\\/\\\/groupedevonian.com\\\/fr\\\/pipeline\\\/pipeline-therapeutiques-2\\\/\",\"name\":\"Portefeuille de produits th\u00e9rapeutique - DEVONIAN HEALTH GROUP INC.\",\"isPartOf\":{\"@id\":\"https:\\\/\\\/groupedevonian.com\\\/fr\\\/#website\"},\"primaryImageOfPage\":{\"@id\":\"https:\\\/\\\/groupedevonian.com\\\/fr\\\/pipeline\\\/pipeline-therapeutiques-2\\\/#primaryimage\"},\"image\":{\"@id\":\"https:\\\/\\\/groupedevonian.com\\\/fr\\\/pipeline\\\/pipeline-therapeutiques-2\\\/#primaryimage\"},\"thumbnailUrl\":\"https:\\\/\\\/groupedevonian.com\\\/wp-content\\\/uploads\\\/2025\\\/12\\\/star.png\",\"datePublished\":\"2022-01-17T22:37:01+00:00\",\"dateModified\":\"2025-12-15T20:09:31+00:00\",\"breadcrumb\":{\"@id\":\"https:\\\/\\\/groupedevonian.com\\\/fr\\\/pipeline\\\/pipeline-therapeutiques-2\\\/#breadcrumb\"},\"inLanguage\":\"fr-FR\",\"potentialAction\":[{\"@type\":\"ReadAction\",\"target\":[\"https:\\\/\\\/groupedevonian.com\\\/fr\\\/pipeline\\\/pipeline-therapeutiques-2\\\/\"]}]},{\"@type\":\"ImageObject\",\"inLanguage\":\"fr-FR\",\"@id\":\"https:\\\/\\\/groupedevonian.com\\\/fr\\\/pipeline\\\/pipeline-therapeutiques-2\\\/#primaryimage\",\"url\":\"https:\\\/\\\/groupedevonian.com\\\/wp-content\\\/uploads\\\/2025\\\/12\\\/star.png\",\"contentUrl\":\"https:\\\/\\\/groupedevonian.com\\\/wp-content\\\/uploads\\\/2025\\\/12\\\/star.png\"},{\"@type\":\"BreadcrumbList\",\"@id\":\"https:\\\/\\\/groupedevonian.com\\\/fr\\\/pipeline\\\/pipeline-therapeutiques-2\\\/#breadcrumb\",\"itemListElement\":[{\"@type\":\"ListItem\",\"position\":1,\"name\":\"Home\",\"item\":\"https:\\\/\\\/groupedevonian.com\\\/fr\\\/\"},{\"@type\":\"ListItem\",\"position\":2,\"name\":\"PIPELINE\",\"item\":\"https:\\\/\\\/groupedevonian.com\\\/fr\\\/pipeline\\\/\"},{\"@type\":\"ListItem\",\"position\":3,\"name\":\"Portefeuille de produits th\u00e9rapeutique\"}]},{\"@type\":\"WebSite\",\"@id\":\"https:\\\/\\\/groupedevonian.com\\\/fr\\\/#website\",\"url\":\"https:\\\/\\\/groupedevonian.com\\\/fr\\\/\",\"name\":\"DEVONIAN HEALTH GROUP INC.\",\"description\":\"Botanical pharmaceutical corporation\",\"publisher\":{\"@id\":\"https:\\\/\\\/groupedevonian.com\\\/fr\\\/#organization\"},\"potentialAction\":[{\"@type\":\"SearchAction\",\"target\":{\"@type\":\"EntryPoint\",\"urlTemplate\":\"https:\\\/\\\/groupedevonian.com\\\/fr\\\/?s={search_term_string}\"},\"query-input\":{\"@type\":\"PropertyValueSpecification\",\"valueRequired\":true,\"valueName\":\"search_term_string\"}}],\"inLanguage\":\"fr-FR\"},{\"@type\":\"Organization\",\"@id\":\"https:\\\/\\\/groupedevonian.com\\\/fr\\\/#organization\",\"name\":\"Groupe Sant\u00e9 Devonian inc.\",\"alternateName\":\"Groupe Sant\u00e9 Devonian inc.\",\"url\":\"https:\\\/\\\/groupedevonian.com\\\/fr\\\/\",\"logo\":{\"@type\":\"ImageObject\",\"inLanguage\":\"fr-FR\",\"@id\":\"https:\\\/\\\/groupedevonian.com\\\/fr\\\/#\\\/schema\\\/logo\\\/image\\\/\",\"url\":\"https:\\\/\\\/groupedevonian.com\\\/wp-content\\\/uploads\\\/2022\\\/05\\\/logo-devonian-2x.png\",\"contentUrl\":\"https:\\\/\\\/groupedevonian.com\\\/wp-content\\\/uploads\\\/2022\\\/05\\\/logo-devonian-2x.png\",\"width\":309,\"height\":183,\"caption\":\"Groupe Sant\u00e9 Devonian inc.\"},\"image\":{\"@id\":\"https:\\\/\\\/groupedevonian.com\\\/fr\\\/#\\\/schema\\\/logo\\\/image\\\/\"}}]}<\/script>\n<!-- \/ Yoast SEO plugin. -->","yoast_head_json":{"title":"Portefeuille de produits th\u00e9rapeutique - DEVONIAN HEALTH GROUP INC.","robots":{"index":"index","follow":"follow","max-snippet":"max-snippet:-1","max-image-preview":"max-image-preview:large","max-video-preview":"max-video-preview:-1"},"canonical":"https:\/\/groupedevonian.com\/fr\/pipeline\/pipeline-therapeutiques-2\/","og_locale":"fr_FR","og_type":"article","og_title":"Portefeuille de produits th\u00e9rapeutique - DEVONIAN HEALTH GROUP INC.","og_description":"Portefeuille de produits th\u00e9rapeutiques D\u00e9veloppement de formulations mucoadh\u00e9sives \u00a0Diff\u00e9renciation des travaux pr\u00e9cliniques En vertu de la r\u00e9glementation 510(k) de la FDA am\u00e9ricaine et de Sant\u00e9 Canada relative aux dispositifs m\u00e9dicaux Phase 2a achev\u00e9e Souhaitez-vous en savoir plus sur notre programme de d\u00e9veloppement de produits th\u00e9rapeutiques ?La technologie de Devonian repose sur une plateforme scientifique \u00e9tendue, [&hellip;]","og_url":"https:\/\/groupedevonian.com\/fr\/pipeline\/pipeline-therapeutiques-2\/","og_site_name":"DEVONIAN HEALTH GROUP INC.","article_modified_time":"2025-12-15T20:09:31+00:00","og_image":[{"url":"https:\/\/groupedevonian.com\/wp-content\/uploads\/2025\/12\/star.png","type":"","width":"","height":""}],"twitter_card":"summary_large_image","twitter_misc":{"Dur\u00e9e de lecture estim\u00e9e":"2 minutes"},"schema":{"@context":"https:\/\/schema.org","@graph":[{"@type":"WebPage","@id":"https:\/\/groupedevonian.com\/fr\/pipeline\/pipeline-therapeutiques-2\/","url":"https:\/\/groupedevonian.com\/fr\/pipeline\/pipeline-therapeutiques-2\/","name":"Portefeuille de produits th\u00e9rapeutique - DEVONIAN HEALTH GROUP INC.","isPartOf":{"@id":"https:\/\/groupedevonian.com\/fr\/#website"},"primaryImageOfPage":{"@id":"https:\/\/groupedevonian.com\/fr\/pipeline\/pipeline-therapeutiques-2\/#primaryimage"},"image":{"@id":"https:\/\/groupedevonian.com\/fr\/pipeline\/pipeline-therapeutiques-2\/#primaryimage"},"thumbnailUrl":"https:\/\/groupedevonian.com\/wp-content\/uploads\/2025\/12\/star.png","datePublished":"2022-01-17T22:37:01+00:00","dateModified":"2025-12-15T20:09:31+00:00","breadcrumb":{"@id":"https:\/\/groupedevonian.com\/fr\/pipeline\/pipeline-therapeutiques-2\/#breadcrumb"},"inLanguage":"fr-FR","potentialAction":[{"@type":"ReadAction","target":["https:\/\/groupedevonian.com\/fr\/pipeline\/pipeline-therapeutiques-2\/"]}]},{"@type":"ImageObject","inLanguage":"fr-FR","@id":"https:\/\/groupedevonian.com\/fr\/pipeline\/pipeline-therapeutiques-2\/#primaryimage","url":"https:\/\/groupedevonian.com\/wp-content\/uploads\/2025\/12\/star.png","contentUrl":"https:\/\/groupedevonian.com\/wp-content\/uploads\/2025\/12\/star.png"},{"@type":"BreadcrumbList","@id":"https:\/\/groupedevonian.com\/fr\/pipeline\/pipeline-therapeutiques-2\/#breadcrumb","itemListElement":[{"@type":"ListItem","position":1,"name":"Home","item":"https:\/\/groupedevonian.com\/fr\/"},{"@type":"ListItem","position":2,"name":"PIPELINE","item":"https:\/\/groupedevonian.com\/fr\/pipeline\/"},{"@type":"ListItem","position":3,"name":"Portefeuille de produits th\u00e9rapeutique"}]},{"@type":"WebSite","@id":"https:\/\/groupedevonian.com\/fr\/#website","url":"https:\/\/groupedevonian.com\/fr\/","name":"DEVONIAN HEALTH GROUP INC.","description":"Botanical pharmaceutical corporation","publisher":{"@id":"https:\/\/groupedevonian.com\/fr\/#organization"},"potentialAction":[{"@type":"SearchAction","target":{"@type":"EntryPoint","urlTemplate":"https:\/\/groupedevonian.com\/fr\/?s={search_term_string}"},"query-input":{"@type":"PropertyValueSpecification","valueRequired":true,"valueName":"search_term_string"}}],"inLanguage":"fr-FR"},{"@type":"Organization","@id":"https:\/\/groupedevonian.com\/fr\/#organization","name":"Groupe Sant\u00e9 Devonian inc.","alternateName":"Groupe Sant\u00e9 Devonian inc.","url":"https:\/\/groupedevonian.com\/fr\/","logo":{"@type":"ImageObject","inLanguage":"fr-FR","@id":"https:\/\/groupedevonian.com\/fr\/#\/schema\/logo\/image\/","url":"https:\/\/groupedevonian.com\/wp-content\/uploads\/2022\/05\/logo-devonian-2x.png","contentUrl":"https:\/\/groupedevonian.com\/wp-content\/uploads\/2022\/05\/logo-devonian-2x.png","width":309,"height":183,"caption":"Groupe Sant\u00e9 Devonian inc."},"image":{"@id":"https:\/\/groupedevonian.com\/fr\/#\/schema\/logo\/image\/"}}]}},"_links":{"self":[{"href":"https:\/\/groupedevonian.com\/fr\/wp-json\/wp\/v2\/pages\/5365","targetHints":{"allow":["GET"]}}],"collection":[{"href":"https:\/\/groupedevonian.com\/fr\/wp-json\/wp\/v2\/pages"}],"about":[{"href":"https:\/\/groupedevonian.com\/fr\/wp-json\/wp\/v2\/types\/page"}],"author":[{"embeddable":true,"href":"https:\/\/groupedevonian.com\/fr\/wp-json\/wp\/v2\/users\/4"}],"replies":[{"embeddable":true,"href":"https:\/\/groupedevonian.com\/fr\/wp-json\/wp\/v2\/comments?post=5365"}],"version-history":[{"count":5,"href":"https:\/\/groupedevonian.com\/fr\/wp-json\/wp\/v2\/pages\/5365\/revisions"}],"predecessor-version":[{"id":12934,"href":"https:\/\/groupedevonian.com\/fr\/wp-json\/wp\/v2\/pages\/5365\/revisions\/12934"}],"up":[{"embeddable":true,"href":"https:\/\/groupedevonian.com\/fr\/wp-json\/wp\/v2\/pages\/2960"}],"wp:attachment":[{"href":"https:\/\/groupedevonian.com\/fr\/wp-json\/wp\/v2\/media?parent=5365"}],"curies":[{"name":"wp","href":"https:\/\/api.w.org\/{rel}","templated":true}]}}