{"id":5347,"date":"2022-01-14T15:54:07","date_gmt":"2022-01-14T20:54:07","guid":{"rendered":"https:\/\/devonian.acxcomdev.com\/our-company\/conseil-dadministration\/"},"modified":"2025-12-15T15:08:03","modified_gmt":"2025-12-15T20:08:03","slug":"conseil-dadministration-2","status":"publish","type":"page","link":"https:\/\/groupedevonian.com\/fr\/our-company\/conseil-dadministration-2\/","title":{"rendered":"Conseil d\u2019administration"},"content":{"rendered":"<p>[et_pb_section fb_built=\u00a0\u00bb1&Prime; specialty=\u00a0\u00bbon\u00a0\u00bb _builder_version=\u00a0\u00bb4.27.5&Prime; _module_preset=\u00a0\u00bbdefault\u00a0\u00bb inner_width=\u00a0\u00bb80%\u00a0\u00bb inner_max_width=\u00a0\u00bb80%\u00a0\u00bb custom_padding=\u00a0\u00bb100px||100px||true|false\u00a0\u00bb top_divider_color=\u00a0\u00bb#1B303B\u00a0\u00bb top_divider_height=\u00a0\u00bb50px\u00a0\u00bb bottom_divider_color=\u00a0\u00bb#1B303B\u00a0\u00bb bottom_divider_height=\u00a0\u00bb50px\u00a0\u00bb bottom_divider_flip=\u00a0\u00bbhorizontal\u00a0\u00bb hover_enabled=\u00a0\u00bb0&Prime; custom_css_main_element=\u00a0\u00bbbackground: url(\/wp-content\/uploads\/2025\/11\/dots-br.png), url(\/wp-content\/uploads\/2025\/11\/lines-bl.png), url(\/wp-content\/uploads\/2025\/11\/dots-tl.png), url(\/wp-content\/uploads\/2025\/11\/lueur-bl-v2.png) !important;||background-repeat: no-repeat !important;||background-position: right bottom, left bottom, left top, left bottom  !important;||background-size: auto !important;\u00a0\u00bb global_colors_info=\u00a0\u00bb{}\u00a0\u00bb custom_css_main_element_last_edited=\u00a0\u00bbon|phone\u00a0\u00bb custom_css_main_element_tablet=\u00a0\u00bbbackground: url(\/wp-content\/uploads\/2025\/11\/dots-br.png)\/*, url(\/wp-content\/uploads\/2025\/11\/lines-bl.png)*\/, url(\/wp-content\/uploads\/2025\/12\/dot-top-right.png)\/*, url(\/wp-content\/uploads\/2025\/11\/lueur-bl-v2.png)*\/ !important;||background-repeat: no-repeat !important;||background-position: right bottom\/*, left bottom*\/, right top\/*, left bottom *\/ !important;||background-size: auto !important;\u00a0\u00bb custom_css_main_element_phone=\u00a0\u00bbbackground:none !important;\u00a0\u00bb sticky_enabled=\u00a0\u00bb0&Prime;][et_pb_column type=\u00a0\u00bb1_4&Prime; _builder_version=\u00a0\u00bb4.16&Prime; custom_padding=\u00a0\u00bb|||\u00a0\u00bb global_colors_info=\u00a0\u00bb{}\u00a0\u00bb custom_padding__hover=\u00a0\u00bb|||\u00a0\u00bb][et_pb_sidebar area=\u00a0\u00bbsidebar-1&Prime; module_class=\u00a0\u00bbjb-titres-bleus\u00a0\u00bb _builder_version=\u00a0\u00bb4.27.5&Prime; _module_preset=\u00a0\u00bbdefault\u00a0\u00bb header_text_color=\u00a0\u00bb#1F386B\u00a0\u00bb header_font_size=\u00a0\u00bb26px\u00a0\u00bb body_text_color=\u00a0\u00bb#1F386B\u00a0\u00bb background_color=\u00a0\u00bb#FFFFFF\u00a0\u00bb width=\u00a0\u00bb101%\u00a0\u00bb max_width=\u00a0\u00bb101%\u00a0\u00bb custom_margin=\u00a0\u00bb||||false|false\u00a0\u00bb custom_padding=\u00a0\u00bb0px|20px|20px|20px|false|true\u00a0\u00bb sticky_position=\u00a0\u00bbtop\u00a0\u00bb sticky_offset_top=\u00a0\u00bb-60px\u00a0\u00bb sticky_limit_bottom=\u00a0\u00bbsection\u00a0\u00bb hover_enabled=\u00a0\u00bb0&Prime; border_color_right=\u00a0\u00bb#FFFFFF\u00a0\u00bb global_colors_info=\u00a0\u00bb{}\u00a0\u00bb sticky_position_last_edited=\u00a0\u00bbon|tablet\u00a0\u00bb sticky_enabled=\u00a0\u00bb0&Prime; sticky_position_tablet=\u00a0\u00bbnone\u00a0\u00bb sticky_position_phone=\u00a0\u00bbnone\u00a0\u00bb][\/et_pb_sidebar][\/et_pb_column][et_pb_column type=\u00a0\u00bb3_4&Prime; specialty_columns=\u00a0\u00bb3&Prime; _builder_version=\u00a0\u00bb4.16&Prime; custom_padding=\u00a0\u00bb|||\u00a0\u00bb global_colors_info=\u00a0\u00bb{}\u00a0\u00bb custom_padding__hover=\u00a0\u00bb|||\u00a0\u00bb][et_pb_row_inner custom_padding_last_edited=\u00a0\u00bbon|tablet\u00a0\u00bb _builder_version=\u00a0\u00bb4.27.4&Prime; _module_preset=\u00a0\u00bbdefault\u00a0\u00bb background_enable_image=\u00a0\u00bboff\u00a0\u00bb background_size=\u00a0\u00bbcontain\u00a0\u00bb background_blend=\u00a0\u00bbsoft-light\u00a0\u00bb width=\u00a0\u00bb100%\u00a0\u00bb max_width=\u00a0\u00bb100%\u00a0\u00bb custom_margin_tablet=\u00a0\u00bb0px||||false|false\u00a0\u00bb custom_margin_phone=\u00a0\u00bb0px||||false|false\u00a0\u00bb custom_margin_last_edited=\u00a0\u00bbon|tablet\u00a0\u00bb custom_padding_tablet=\u00a0\u00bb0px||||false|false\u00a0\u00bb custom_padding_phone=\u00a0\u00bb0px||||false|false\u00a0\u00bb global_colors_info=\u00a0\u00bb{}\u00a0\u00bb][et_pb_column_inner saved_specialty_column_type=\u00a0\u00bb3_4&Prime; _builder_version=\u00a0\u00bb4.27.4&Prime; _module_preset=\u00a0\u00bbdefault\u00a0\u00bb global_colors_info=\u00a0\u00bb{}\u00a0\u00bb][et_pb_text admin_label=\u00a0\u00bbConseil d\u2019administration\u00a0\u00bb module_id=\u00a0\u00bbjb-membres\u00a0\u00bb module_class=\u00a0\u00bbjb-titres-bleus\u00a0\u00bb _builder_version=\u00a0\u00bb4.27.5&Prime; _module_preset=\u00a0\u00bbdefault\u00a0\u00bb header_text_color=\u00a0\u00bb#1F386B\u00a0\u00bb header_2_text_color=\u00a0\u00bb#1F386B\u00a0\u00bb header_2_font_size=\u00a0\u00bb36px\u00a0\u00bb hover_enabled=\u00a0\u00bb0&Prime; global_colors_info=\u00a0\u00bb{}\u00a0\u00bb background_enable_color=\u00a0\u00bboff\u00a0\u00bb sticky_enabled=\u00a0\u00bb0&Prime;]<\/p>\n<h2><strong>Conseil d\u2019administration<\/strong><\/h2>\n<p>[\/et_pb_text][et_pb_text admin_label=\u00a0\u00bb%91wpv-view name=%22membre-de-la-direction%22%93&Prime; _builder_version=\u00a0\u00bb4.27.4&Prime; _module_preset=\u00a0\u00bbdefault\u00a0\u00bb global_colors_info=\u00a0\u00bb{}\u00a0\u00bb]<\/p>\n\n\n\n<div id=\"wpv-view-layout-10999\" class=\"js-wpv-view-layout js-wpv-layout-responsive js-wpv-view-layout-10999\" data-viewnumber=\"10999\" data-pagination=\"{&quot;id&quot;:10999,&quot;query&quot;:&quot;normal&quot;,&quot;type&quot;:&quot;disabled&quot;,&quot;effect&quot;:&quot;fade&quot;,&quot;duration&quot;:500,&quot;speed&quot;:5,&quot;pause_on_hover&quot;:&quot;enabled&quot;,&quot;stop_rollover&quot;:&quot;false&quot;,&quot;cache_pages&quot;:&quot;enabled&quot;,&quot;preload_images&quot;:&quot;enabled&quot;,&quot;preload_pages&quot;:&quot;enabled&quot;,&quot;preload_reach&quot;:1,&quot;spinner&quot;:&quot;builtin&quot;,&quot;spinner_image&quot;:&quot;https:\/\/groupedevonian.com\/wp-content\/plugins\/wp-views\/embedded\/res\/img\/ajax-loader.gif&quot;,&quot;callback_next&quot;:&quot;&quot;,&quot;manage_history&quot;:&quot;enabled&quot;,&quot;has_controls_in_form&quot;:&quot;disabled&quot;,&quot;infinite_tolerance&quot;:&quot;0&quot;,&quot;max_pages&quot;:0,&quot;page&quot;:1,&quot;base_permalink&quot;:&quot;\/fr\/wp-json\/wp\/v2\/pages\/5347?wpv_view_count=10999&amp;wpv_paged=WPV_PAGE_NUM&quot;,&quot;loop&quot;:{&quot;type&quot;:&quot;&quot;,&quot;name&quot;:&quot;&quot;,&quot;data&quot;:[],&quot;id&quot;:0}}\" data-permalink=\"\/fr\/wp-json\/wp\/v2\/pages\/5347?wpv_view_count=10999\">\n\n\t\n\t\n\t<div class=\"jb-membre-outside-loop\">\n\t\t\n\t\t\t<div class=\"jb-membre-container\">\n\t<div><img loading=\"lazy\" decoding=\"async\" width=\"150\" height=\"150\" src=\"https:\/\/groupedevonian.com\/wp-content\/uploads\/2025\/11\/pierre-labbe-150x150.png\" class=\"attachment-thumbnail size-thumbnail wp-post-image\" alt=\"\" \/><\/div>\n  \t<h2>Pierre Labb\u00e9<\/h2>\n\t<h3><\/h3>\n\t<a href=\"https:\/\/groupedevonian.com\/fr\/membre-ca-direction\/pierre-labbe\/\">Read more<\/a>\n<\/div>\n    \t\n\t\t\t<div class=\"jb-membre-container\">\n\t<div><img loading=\"lazy\" decoding=\"async\" width=\"150\" height=\"150\" src=\"https:\/\/groupedevonian.com\/wp-content\/uploads\/2026\/03\/luc-buisson-150x150.png\" class=\"attachment-thumbnail size-thumbnail wp-post-image\" alt=\"\" \/><\/div>\n  \t<h2>Luc Buisson<\/h2>\n\t<h3><\/h3>\n\t<a href=\"https:\/\/groupedevonian.com\/fr\/membre-ca-direction\/luc-buisson\/\">Read more<\/a>\n<\/div>\n    \t\n\t\t\t<div class=\"jb-membre-container\">\n\t<div><img loading=\"lazy\" decoding=\"async\" width=\"150\" height=\"150\" src=\"https:\/\/groupedevonian.com\/wp-content\/uploads\/2026\/03\/kira-sheinerman-150x150.png\" class=\"attachment-thumbnail size-thumbnail wp-post-image\" alt=\"\" \/><\/div>\n  \t<h2>Kira Sheinerman<\/h2>\n\t<h3><\/h3>\n\t<a href=\"https:\/\/groupedevonian.com\/fr\/membre-ca-direction\/kira-sheinerman\/\">Read more<\/a>\n<\/div>\n    \t\n\t\t\t<div class=\"jb-membre-container\">\n\t<div><img loading=\"lazy\" decoding=\"async\" width=\"150\" height=\"150\" src=\"https:\/\/groupedevonian.com\/wp-content\/uploads\/2026\/03\/josh-muntner-150x150.png\" class=\"attachment-thumbnail size-thumbnail wp-post-image\" alt=\"\" \/><\/div>\n  \t<h2>Josh Muntner<\/h2>\n\t<h3><\/h3>\n\t<a href=\"https:\/\/groupedevonian.com\/fr\/membre-ca-direction\/josh-muntner\/\">Read more<\/a>\n<\/div>\n    \t\n\t\t\t<div class=\"jb-membre-container\">\n\t<div><img loading=\"lazy\" decoding=\"async\" width=\"150\" height=\"150\" src=\"https:\/\/groupedevonian.com\/wp-content\/uploads\/2025\/10\/andre-150x150.png\" class=\"attachment-thumbnail size-thumbnail wp-post-image\" alt=\"\" \/><\/div>\n  \t<h2>Andr\u00e9 P. Boulet, Ph.D.<\/h2>\n\t<h3>Pr\u00e9sident et chef de la direction<\/h3>\n\t<a href=\"https:\/\/groupedevonian.com\/fr\/membre-ca-direction\/andre-p-boulet-ph-d\/\">Read more<\/a>\n<\/div>\n    \t\n\t\t\t<div class=\"jb-membre-container\">\n\t<div><img loading=\"lazy\" decoding=\"async\" width=\"150\" height=\"150\" src=\"https:\/\/groupedevonian.com\/wp-content\/uploads\/2025\/10\/Dennis-Turpin-2026-150x150.png\" class=\"attachment-thumbnail size-thumbnail wp-post-image\" alt=\"\" \/><\/div>\n  \t<h2>Dennis Turpin<\/h2>\n\t<h3>Chef de la direction financi\u00e8re<\/h3>\n\t<a href=\"https:\/\/groupedevonian.com\/fr\/membre-ca-direction\/dennis-turpin\/\">Read more<\/a>\n<\/div>\n    \t\n\t\t\t<div class=\"jb-membre-container\">\n\t<div><img loading=\"lazy\" decoding=\"async\" width=\"150\" height=\"150\" src=\"https:\/\/groupedevonian.com\/wp-content\/uploads\/2025\/10\/Kathryn-gregory-150x150.png\" class=\"attachment-thumbnail size-thumbnail wp-post-image\" alt=\"\" \/><\/div>\n  \t<h2>Kathryn Gregory<\/h2>\n\t<h3><\/h3>\n\t<a href=\"https:\/\/groupedevonian.com\/fr\/membre-ca-direction\/kathryn-gregory\/\">Read more<\/a>\n<\/div>\n    \t\n\t\t\t<div class=\"jb-membre-container\">\n\t<div><img loading=\"lazy\" decoding=\"async\" width=\"150\" height=\"150\" src=\"https:\/\/groupedevonian.com\/wp-content\/uploads\/2025\/10\/Louis-flamand-150x150.png\" class=\"attachment-thumbnail size-thumbnail wp-post-image\" alt=\"\" \/><\/div>\n  \t<h2>Louis Flamand<\/h2>\n\t<h3>Ph. D., M.B.A.<\/h3>\n\t<a href=\"https:\/\/groupedevonian.com\/fr\/membre-ca-direction\/louis-flamand\/\">Read more<\/a>\n<\/div>\n    \t\n    <\/div>\n\t\n\t\n\t\n<\/div>\n\n<p>[\/et_pb_text][et_pb_text disabled_on=\u00a0\u00bbon|on|on\u00a0\u00bb admin_label=\u00a0\u00bb1. Audit Committee member 2. Member of Human Resources Committee\u00a0\u00bb _builder_version=\u00a0\u00bb4.27.5&Prime; _module_preset=\u00a0\u00bbdefault\u00a0\u00bb disabled=\u00a0\u00bbon\u00a0\u00bb global_colors_info=\u00a0\u00bb{}\u00a0\u00bb]<\/p>\n<p><em>1. Membre du Comit\u00e9 de v\u00e9rification<\/em><br \/><em>2. Membre du Comit\u00e9 des Ressources Humaines<\/em><\/p>\n<p>[\/et_pb_text][\/et_pb_column_inner][\/et_pb_row_inner][\/et_pb_column][\/et_pb_section]<\/p>\n","protected":false},"excerpt":{"rendered":"<p>Conseil d\u2019administration\n\n\n<div id=\"wpv-view-layout-10999\" class=\"js-wpv-view-layout js-wpv-layout-responsive js-wpv-view-layout-10999\" data-viewnumber=\"10999\" data-pagination=\"{&quot;id&quot;:10999,&quot;query&quot;:&quot;normal&quot;,&quot;type&quot;:&quot;disabled&quot;,&quot;effect&quot;:&quot;fade&quot;,&quot;duration&quot;:500,&quot;speed&quot;:5,&quot;pause_on_hover&quot;:&quot;enabled&quot;,&quot;stop_rollover&quot;:&quot;false&quot;,&quot;cache_pages&quot;:&quot;enabled&quot;,&quot;preload_images&quot;:&quot;enabled&quot;,&quot;preload_pages&quot;:&quot;enabled&quot;,&quot;preload_reach&quot;:1,&quot;spinner&quot;:&quot;builtin&quot;,&quot;spinner_image&quot;:&quot;https:\/\/groupedevonian.com\/wp-content\/plugins\/wp-views\/embedded\/res\/img\/ajax-loader.gif&quot;,&quot;callback_next&quot;:&quot;&quot;,&quot;manage_history&quot;:&quot;enabled&quot;,&quot;has_controls_in_form&quot;:&quot;disabled&quot;,&quot;infinite_tolerance&quot;:&quot;0&quot;,&quot;max_pages&quot;:0,&quot;page&quot;:1,&quot;base_permalink&quot;:&quot;\/fr\/wp-json\/wp\/v2\/pages\/5347?wpv_view_count=10999&amp;wpv_paged=WPV_PAGE_NUM&quot;,&quot;loop&quot;:{&quot;type&quot;:&quot;&quot;,&quot;name&quot;:&quot;&quot;,&quot;data&quot;:[],&quot;id&quot;:0}}\" data-permalink=\"\/fr\/wp-json\/wp\/v2\/pages\/5347?wpv_view_count=10999\">\n\n\t\n\t\n\t<div class=\"jb-membre-outside-loop\">\n\t\t\n\t\t\t<div class=\"jb-membre-container\">\n\t<div><img loading=\"lazy\" decoding=\"async\" width=\"150\" height=\"150\" src=\"https:\/\/groupedevonian.com\/wp-content\/uploads\/2025\/11\/pierre-labbe-150x150.png\" class=\"attachment-thumbnail size-thumbnail wp-post-image\" alt=\"\" \/><\/div>\n  \t<h2>Pierre Labb\u00e9<\/h2>\n\t<h3><\/h3>\n\t<a href=\"https:\/\/groupedevonian.com\/fr\/membre-ca-direction\/pierre-labbe\/\">Read more<\/a>\n<\/div>\n    \t\n\t\t\t<div class=\"jb-membre-container\">\n\t<div><img loading=\"lazy\" decoding=\"async\" width=\"150\" height=\"150\" src=\"https:\/\/groupedevonian.com\/wp-content\/uploads\/2026\/03\/luc-buisson-150x150.png\" class=\"attachment-thumbnail size-thumbnail wp-post-image\" alt=\"\" \/><\/div>\n  \t<h2>Luc Buisson<\/h2>\n\t<h3><\/h3>\n\t<a href=\"https:\/\/groupedevonian.com\/fr\/membre-ca-direction\/luc-buisson\/\">Read more<\/a>\n<\/div>\n    \t\n\t\t\t<div class=\"jb-membre-container\">\n\t<div><img loading=\"lazy\" decoding=\"async\" width=\"150\" height=\"150\" src=\"https:\/\/groupedevonian.com\/wp-content\/uploads\/2026\/03\/kira-sheinerman-150x150.png\" class=\"attachment-thumbnail size-thumbnail wp-post-image\" alt=\"\" \/><\/div>\n  \t<h2>Kira Sheinerman<\/h2>\n\t<h3><\/h3>\n\t<a href=\"https:\/\/groupedevonian.com\/fr\/membre-ca-direction\/kira-sheinerman\/\">Read more<\/a>\n<\/div>\n    \t\n\t\t\t<div class=\"jb-membre-container\">\n\t<div><img loading=\"lazy\" decoding=\"async\" width=\"150\" height=\"150\" src=\"https:\/\/groupedevonian.com\/wp-content\/uploads\/2026\/03\/josh-muntner-150x150.png\" class=\"attachment-thumbnail size-thumbnail wp-post-image\" alt=\"\" \/><\/div>\n  \t<h2>Josh Muntner<\/h2>\n\t<h3><\/h3>\n\t<a href=\"https:\/\/groupedevonian.com\/fr\/membre-ca-direction\/josh-muntner\/\">Read more<\/a>\n<\/div>\n    \t\n\t\t\t<div class=\"jb-membre-container\">\n\t<div><img loading=\"lazy\" decoding=\"async\" width=\"150\" height=\"150\" src=\"https:\/\/groupedevonian.com\/wp-content\/uploads\/2025\/10\/andre-150x150.png\" class=\"attachment-thumbnail size-thumbnail wp-post-image\" alt=\"\" \/><\/div>\n  \t<h2>Andr\u00e9 P. Boulet, Ph.D.<\/h2>\n\t<h3>Pr\u00e9sident et chef de la direction<\/h3>\n\t<a href=\"https:\/\/groupedevonian.com\/fr\/membre-ca-direction\/andre-p-boulet-ph-d\/\">Read more<\/a>\n<\/div>\n    \t\n\t\t\t<div class=\"jb-membre-container\">\n\t<div><img loading=\"lazy\" decoding=\"async\" width=\"150\" height=\"150\" src=\"https:\/\/groupedevonian.com\/wp-content\/uploads\/2025\/10\/Dennis-Turpin-2026-150x150.png\" class=\"attachment-thumbnail size-thumbnail wp-post-image\" alt=\"\" \/><\/div>\n  \t<h2>Dennis Turpin<\/h2>\n\t<h3>Chef de la direction financi\u00e8re<\/h3>\n\t<a href=\"https:\/\/groupedevonian.com\/fr\/membre-ca-direction\/dennis-turpin\/\">Read more<\/a>\n<\/div>\n    \t\n\t\t\t<div class=\"jb-membre-container\">\n\t<div><img loading=\"lazy\" decoding=\"async\" width=\"150\" height=\"150\" src=\"https:\/\/groupedevonian.com\/wp-content\/uploads\/2025\/10\/Kathryn-gregory-150x150.png\" class=\"attachment-thumbnail size-thumbnail wp-post-image\" alt=\"\" \/><\/div>\n  \t<h2>Kathryn Gregory<\/h2>\n\t<h3><\/h3>\n\t<a href=\"https:\/\/groupedevonian.com\/fr\/membre-ca-direction\/kathryn-gregory\/\">Read more<\/a>\n<\/div>\n    \t\n\t\t\t<div class=\"jb-membre-container\">\n\t<div><img loading=\"lazy\" decoding=\"async\" width=\"150\" height=\"150\" src=\"https:\/\/groupedevonian.com\/wp-content\/uploads\/2025\/10\/Louis-flamand-150x150.png\" class=\"attachment-thumbnail size-thumbnail wp-post-image\" alt=\"\" \/><\/div>\n  \t<h2>Louis Flamand<\/h2>\n\t<h3>Ph. D., M.B.A.<\/h3>\n\t<a href=\"https:\/\/groupedevonian.com\/fr\/membre-ca-direction\/louis-flamand\/\">Read more<\/a>\n<\/div>\n    \t\n    <\/div>\n\t\n\t\n\t\n<\/div>\n1. Membre du Comit\u00e9 de v\u00e9rification2. Membre du Comit\u00e9 des Ressources Humaines<\/p>\n","protected":false},"author":4,"featured_media":0,"parent":1754,"menu_order":3,"comment_status":"closed","ping_status":"closed","template":"","meta":{"_et_pb_use_builder":"on","_et_pb_old_content":"","_et_gb_content_width":"","footnotes":""},"class_list":["post-5347","page","type-page","status-publish","hentry"],"yoast_head":"<!-- This site is optimized with the Yoast SEO plugin v27.3 - https:\/\/yoast.com\/product\/yoast-seo-wordpress\/ -->\n<title>Conseil d\u2019administration - DEVONIAN HEALTH GROUP INC.<\/title>\n<meta name=\"robots\" content=\"index, follow, max-snippet:-1, max-image-preview:large, max-video-preview:-1\" \/>\n<link rel=\"canonical\" href=\"https:\/\/groupedevonian.com\/fr\/our-company\/conseil-dadministration-2\/\" \/>\n<meta property=\"og:locale\" content=\"fr_FR\" \/>\n<meta property=\"og:type\" content=\"article\" \/>\n<meta property=\"og:title\" content=\"Conseil d\u2019administration - DEVONIAN HEALTH GROUP INC.\" \/>\n<meta property=\"og:description\" content=\"Conseil d\u2019administration1. Membre du Comit\u00e9 de v\u00e9rification2. Membre du Comit\u00e9 des Ressources Humaines\" \/>\n<meta property=\"og:url\" content=\"https:\/\/groupedevonian.com\/fr\/our-company\/conseil-dadministration-2\/\" \/>\n<meta property=\"og:site_name\" content=\"DEVONIAN HEALTH GROUP INC.\" \/>\n<meta property=\"article:modified_time\" content=\"2025-12-15T20:08:03+00:00\" \/>\n<meta name=\"twitter:card\" content=\"summary_large_image\" \/>\n<meta name=\"twitter:label1\" content=\"Dur\u00e9e de lecture estim\u00e9e\" \/>\n\t<meta name=\"twitter:data1\" content=\"2 minutes\" \/>\n<script type=\"application\/ld+json\" class=\"yoast-schema-graph\">{\"@context\":\"https:\\\/\\\/schema.org\",\"@graph\":[{\"@type\":\"WebPage\",\"@id\":\"https:\\\/\\\/groupedevonian.com\\\/fr\\\/our-company\\\/conseil-dadministration-2\\\/\",\"url\":\"https:\\\/\\\/groupedevonian.com\\\/fr\\\/our-company\\\/conseil-dadministration-2\\\/\",\"name\":\"Conseil d\u2019administration - DEVONIAN HEALTH GROUP INC.\",\"isPartOf\":{\"@id\":\"https:\\\/\\\/groupedevonian.com\\\/fr\\\/#website\"},\"datePublished\":\"2022-01-14T20:54:07+00:00\",\"dateModified\":\"2025-12-15T20:08:03+00:00\",\"breadcrumb\":{\"@id\":\"https:\\\/\\\/groupedevonian.com\\\/fr\\\/our-company\\\/conseil-dadministration-2\\\/#breadcrumb\"},\"inLanguage\":\"fr-FR\",\"potentialAction\":[{\"@type\":\"ReadAction\",\"target\":[\"https:\\\/\\\/groupedevonian.com\\\/fr\\\/our-company\\\/conseil-dadministration-2\\\/\"]}]},{\"@type\":\"BreadcrumbList\",\"@id\":\"https:\\\/\\\/groupedevonian.com\\\/fr\\\/our-company\\\/conseil-dadministration-2\\\/#breadcrumb\",\"itemListElement\":[{\"@type\":\"ListItem\",\"position\":1,\"name\":\"Home\",\"item\":\"https:\\\/\\\/groupedevonian.com\\\/fr\\\/\"},{\"@type\":\"ListItem\",\"position\":2,\"name\":\"NOTRE ENTREPRISE\",\"item\":\"https:\\\/\\\/groupedevonian.com\\\/fr\\\/our-company\\\/\"},{\"@type\":\"ListItem\",\"position\":3,\"name\":\"Conseil d\u2019administration\"}]},{\"@type\":\"WebSite\",\"@id\":\"https:\\\/\\\/groupedevonian.com\\\/fr\\\/#website\",\"url\":\"https:\\\/\\\/groupedevonian.com\\\/fr\\\/\",\"name\":\"DEVONIAN HEALTH GROUP INC.\",\"description\":\"Botanical pharmaceutical corporation\",\"publisher\":{\"@id\":\"https:\\\/\\\/groupedevonian.com\\\/fr\\\/#organization\"},\"potentialAction\":[{\"@type\":\"SearchAction\",\"target\":{\"@type\":\"EntryPoint\",\"urlTemplate\":\"https:\\\/\\\/groupedevonian.com\\\/fr\\\/?s={search_term_string}\"},\"query-input\":{\"@type\":\"PropertyValueSpecification\",\"valueRequired\":true,\"valueName\":\"search_term_string\"}}],\"inLanguage\":\"fr-FR\"},{\"@type\":\"Organization\",\"@id\":\"https:\\\/\\\/groupedevonian.com\\\/fr\\\/#organization\",\"name\":\"Groupe Sant\u00e9 Devonian inc.\",\"alternateName\":\"Groupe Sant\u00e9 Devonian inc.\",\"url\":\"https:\\\/\\\/groupedevonian.com\\\/fr\\\/\",\"logo\":{\"@type\":\"ImageObject\",\"inLanguage\":\"fr-FR\",\"@id\":\"https:\\\/\\\/groupedevonian.com\\\/fr\\\/#\\\/schema\\\/logo\\\/image\\\/\",\"url\":\"https:\\\/\\\/groupedevonian.com\\\/wp-content\\\/uploads\\\/2022\\\/05\\\/logo-devonian-2x.png\",\"contentUrl\":\"https:\\\/\\\/groupedevonian.com\\\/wp-content\\\/uploads\\\/2022\\\/05\\\/logo-devonian-2x.png\",\"width\":309,\"height\":183,\"caption\":\"Groupe Sant\u00e9 Devonian inc.\"},\"image\":{\"@id\":\"https:\\\/\\\/groupedevonian.com\\\/fr\\\/#\\\/schema\\\/logo\\\/image\\\/\"}}]}<\/script>\n<!-- \/ Yoast SEO plugin. -->","yoast_head_json":{"title":"Conseil d\u2019administration - DEVONIAN HEALTH GROUP INC.","robots":{"index":"index","follow":"follow","max-snippet":"max-snippet:-1","max-image-preview":"max-image-preview:large","max-video-preview":"max-video-preview:-1"},"canonical":"https:\/\/groupedevonian.com\/fr\/our-company\/conseil-dadministration-2\/","og_locale":"fr_FR","og_type":"article","og_title":"Conseil d\u2019administration - DEVONIAN HEALTH GROUP INC.","og_description":"Conseil d\u2019administration1. Membre du Comit\u00e9 de v\u00e9rification2. Membre du Comit\u00e9 des Ressources Humaines","og_url":"https:\/\/groupedevonian.com\/fr\/our-company\/conseil-dadministration-2\/","og_site_name":"DEVONIAN HEALTH GROUP INC.","article_modified_time":"2025-12-15T20:08:03+00:00","twitter_card":"summary_large_image","twitter_misc":{"Dur\u00e9e de lecture estim\u00e9e":"2 minutes"},"schema":{"@context":"https:\/\/schema.org","@graph":[{"@type":"WebPage","@id":"https:\/\/groupedevonian.com\/fr\/our-company\/conseil-dadministration-2\/","url":"https:\/\/groupedevonian.com\/fr\/our-company\/conseil-dadministration-2\/","name":"Conseil d\u2019administration - DEVONIAN HEALTH GROUP INC.","isPartOf":{"@id":"https:\/\/groupedevonian.com\/fr\/#website"},"datePublished":"2022-01-14T20:54:07+00:00","dateModified":"2025-12-15T20:08:03+00:00","breadcrumb":{"@id":"https:\/\/groupedevonian.com\/fr\/our-company\/conseil-dadministration-2\/#breadcrumb"},"inLanguage":"fr-FR","potentialAction":[{"@type":"ReadAction","target":["https:\/\/groupedevonian.com\/fr\/our-company\/conseil-dadministration-2\/"]}]},{"@type":"BreadcrumbList","@id":"https:\/\/groupedevonian.com\/fr\/our-company\/conseil-dadministration-2\/#breadcrumb","itemListElement":[{"@type":"ListItem","position":1,"name":"Home","item":"https:\/\/groupedevonian.com\/fr\/"},{"@type":"ListItem","position":2,"name":"NOTRE ENTREPRISE","item":"https:\/\/groupedevonian.com\/fr\/our-company\/"},{"@type":"ListItem","position":3,"name":"Conseil d\u2019administration"}]},{"@type":"WebSite","@id":"https:\/\/groupedevonian.com\/fr\/#website","url":"https:\/\/groupedevonian.com\/fr\/","name":"DEVONIAN HEALTH GROUP INC.","description":"Botanical pharmaceutical corporation","publisher":{"@id":"https:\/\/groupedevonian.com\/fr\/#organization"},"potentialAction":[{"@type":"SearchAction","target":{"@type":"EntryPoint","urlTemplate":"https:\/\/groupedevonian.com\/fr\/?s={search_term_string}"},"query-input":{"@type":"PropertyValueSpecification","valueRequired":true,"valueName":"search_term_string"}}],"inLanguage":"fr-FR"},{"@type":"Organization","@id":"https:\/\/groupedevonian.com\/fr\/#organization","name":"Groupe Sant\u00e9 Devonian inc.","alternateName":"Groupe Sant\u00e9 Devonian inc.","url":"https:\/\/groupedevonian.com\/fr\/","logo":{"@type":"ImageObject","inLanguage":"fr-FR","@id":"https:\/\/groupedevonian.com\/fr\/#\/schema\/logo\/image\/","url":"https:\/\/groupedevonian.com\/wp-content\/uploads\/2022\/05\/logo-devonian-2x.png","contentUrl":"https:\/\/groupedevonian.com\/wp-content\/uploads\/2022\/05\/logo-devonian-2x.png","width":309,"height":183,"caption":"Groupe Sant\u00e9 Devonian inc."},"image":{"@id":"https:\/\/groupedevonian.com\/fr\/#\/schema\/logo\/image\/"}}]}},"_links":{"self":[{"href":"https:\/\/groupedevonian.com\/fr\/wp-json\/wp\/v2\/pages\/5347","targetHints":{"allow":["GET"]}}],"collection":[{"href":"https:\/\/groupedevonian.com\/fr\/wp-json\/wp\/v2\/pages"}],"about":[{"href":"https:\/\/groupedevonian.com\/fr\/wp-json\/wp\/v2\/types\/page"}],"author":[{"embeddable":true,"href":"https:\/\/groupedevonian.com\/fr\/wp-json\/wp\/v2\/users\/4"}],"replies":[{"embeddable":true,"href":"https:\/\/groupedevonian.com\/fr\/wp-json\/wp\/v2\/comments?post=5347"}],"version-history":[{"count":5,"href":"https:\/\/groupedevonian.com\/fr\/wp-json\/wp\/v2\/pages\/5347\/revisions"}],"predecessor-version":[{"id":12925,"href":"https:\/\/groupedevonian.com\/fr\/wp-json\/wp\/v2\/pages\/5347\/revisions\/12925"}],"up":[{"embeddable":true,"href":"https:\/\/groupedevonian.com\/fr\/wp-json\/wp\/v2\/pages\/1754"}],"wp:attachment":[{"href":"https:\/\/groupedevonian.com\/fr\/wp-json\/wp\/v2\/media?parent=5347"}],"curies":[{"name":"wp","href":"https:\/\/api.w.org\/{rel}","templated":true}]}}