{"id":5341,"date":"2022-01-14T15:52:39","date_gmt":"2022-01-14T20:52:39","guid":{"rendered":"https:\/\/devonian.acxcomdev.com\/our-company\/survol-corporatif\/"},"modified":"2025-12-15T15:32:15","modified_gmt":"2025-12-15T20:32:15","slug":"survol-corporatif","status":"publish","type":"page","link":"https:\/\/groupedevonian.com\/fr\/our-company\/survol-corporatif\/","title":{"rendered":"Survol corporatif"},"content":{"rendered":"<p>[et_pb_section fb_built=\u00a0\u00bb1&Prime; specialty=\u00a0\u00bbon\u00a0\u00bb _builder_version=\u00a0\u00bb4.27.5&Prime; _module_preset=\u00a0\u00bbdefault\u00a0\u00bb inner_width=\u00a0\u00bb80%\u00a0\u00bb inner_max_width=\u00a0\u00bb80%\u00a0\u00bb custom_padding=\u00a0\u00bb100px||100px||true|false\u00a0\u00bb top_divider_color=\u00a0\u00bb#1B303B\u00a0\u00bb top_divider_height=\u00a0\u00bb50px\u00a0\u00bb bottom_divider_color=\u00a0\u00bb#084b5e\u00a0\u00bb bottom_divider_height=\u00a0\u00bb50px\u00a0\u00bb bottom_divider_flip=\u00a0\u00bbhorizontal\u00a0\u00bb custom_css_main_element=\u00a0\u00bbbackground: url(\/wp-content\/uploads\/2025\/11\/dots-br.png), url(\/wp-content\/uploads\/2025\/11\/lines-bl.png), url(\/wp-content\/uploads\/2025\/11\/dots-tl.png), url(\/wp-content\/uploads\/2025\/11\/lueur-bl-v2.png) !important;||background-repeat: no-repeat !important;||background-position: right bottom, left bottom, left top, left bottom  !important;||background-size: auto !important;\u00a0\u00bb global_colors_info=\u00a0\u00bb{}\u00a0\u00bb custom_css_main_element_last_edited=\u00a0\u00bbon|phone\u00a0\u00bb custom_css_main_element_tablet=\u00a0\u00bbbackground: url(\/wp-content\/uploads\/2025\/11\/dots-br.png)\/*, url(\/wp-content\/uploads\/2025\/11\/lines-bl.png)*\/, url(\/wp-content\/uploads\/2025\/12\/dot-top-right.png)\/*, url(\/wp-content\/uploads\/2025\/11\/lueur-bl.png)*\/ !important;||background-repeat: no-repeat !important;||background-position: right bottom\/*, left bottom*\/, right top\/*, left bottom *\/ !important;||background-size: auto !important;\u00a0\u00bb custom_css_main_element_phone=\u00a0\u00bbbackground:none !important;\u00a0\u00bb][et_pb_column type=\u00a0\u00bb1_4&Prime; _builder_version=\u00a0\u00bb4.16&Prime; custom_padding=\u00a0\u00bb|||\u00a0\u00bb global_colors_info=\u00a0\u00bb{}\u00a0\u00bb custom_padding__hover=\u00a0\u00bb|||\u00a0\u00bb][et_pb_sidebar area=\u00a0\u00bbsidebar-1&Prime; module_class=\u00a0\u00bbjb-titres-bleus\u00a0\u00bb _builder_version=\u00a0\u00bb4.27.5&Prime; _module_preset=\u00a0\u00bbdefault\u00a0\u00bb header_text_color=\u00a0\u00bb#1F386B\u00a0\u00bb header_font_size=\u00a0\u00bb26px\u00a0\u00bb body_text_color=\u00a0\u00bb#1F386B\u00a0\u00bb background_color=\u00a0\u00bb#FFFFFF\u00a0\u00bb width=\u00a0\u00bb101%\u00a0\u00bb max_width=\u00a0\u00bb101%\u00a0\u00bb custom_margin=\u00a0\u00bb||||false|false\u00a0\u00bb custom_padding=\u00a0\u00bb0px|20px|20px|20px|false|true\u00a0\u00bb sticky_position=\u00a0\u00bbtop\u00a0\u00bb sticky_offset_top=\u00a0\u00bb-60px\u00a0\u00bb sticky_limit_bottom=\u00a0\u00bbsection\u00a0\u00bb sticky_position_tablet=\u00a0\u00bbnone\u00a0\u00bb sticky_position_phone=\u00a0\u00bbnone\u00a0\u00bb sticky_position_last_edited=\u00a0\u00bbon|tablet\u00a0\u00bb border_color_right=\u00a0\u00bb#FFFFFF\u00a0\u00bb global_colors_info=\u00a0\u00bb{}\u00a0\u00bb][\/et_pb_sidebar][\/et_pb_column][et_pb_column type=\u00a0\u00bb3_4&Prime; specialty_columns=\u00a0\u00bb3&Prime; _builder_version=\u00a0\u00bb4.16&Prime; custom_padding=\u00a0\u00bb|||\u00a0\u00bb global_colors_info=\u00a0\u00bb{}\u00a0\u00bb custom_padding__hover=\u00a0\u00bb|||\u00a0\u00bb][et_pb_row_inner custom_padding_last_edited=\u00a0\u00bbon|tablet\u00a0\u00bb _builder_version=\u00a0\u00bb4.27.4&Prime; _module_preset=\u00a0\u00bbdefault\u00a0\u00bb background_enable_image=\u00a0\u00bboff\u00a0\u00bb background_size=\u00a0\u00bbcontain\u00a0\u00bb background_blend=\u00a0\u00bbsoft-light\u00a0\u00bb width=\u00a0\u00bb100%\u00a0\u00bb max_width=\u00a0\u00bb100%\u00a0\u00bb custom_margin_tablet=\u00a0\u00bb0px||||false|false\u00a0\u00bb custom_margin_phone=\u00a0\u00bb0px||||false|false\u00a0\u00bb custom_margin_last_edited=\u00a0\u00bbon|tablet\u00a0\u00bb custom_padding=\u00a0\u00bb||23px||false|false\u00a0\u00bb custom_padding_tablet=\u00a0\u00bb0px||||false|false\u00a0\u00bb custom_padding_phone=\u00a0\u00bb0px||||false|false\u00a0\u00bb global_colors_info=\u00a0\u00bb{}\u00a0\u00bb][et_pb_column_inner saved_specialty_column_type=\u00a0\u00bb3_4&Prime; _builder_version=\u00a0\u00bb4.27.4&Prime; _module_preset=\u00a0\u00bbdefault\u00a0\u00bb global_colors_info=\u00a0\u00bb{}\u00a0\u00bb][et_pb_text admin_label=\u00a0\u00bbCorporate Overview\u00a0\u00bb module_class=\u00a0\u00bbjb-titres-bleus\u00a0\u00bb _builder_version=\u00a0\u00bb4.27.5&Prime; _module_preset=\u00a0\u00bbdefault\u00a0\u00bb header_2_text_color=\u00a0\u00bb#1F386B\u00a0\u00bb header_2_font_size=\u00a0\u00bb36px\u00a0\u00bb background_enable_color=\u00a0\u00bboff\u00a0\u00bb hover_enabled=\u00a0\u00bb0&Prime; global_colors_info=\u00a0\u00bb{}\u00a0\u00bb header_font_size=\u00a0\u00bb36px\u00a0\u00bb sticky_enabled=\u00a0\u00bb0&Prime;]<\/p>\n<h1><strong>Survol corporatif<\/strong><\/h1>\n<p>[\/et_pb_text][\/et_pb_column_inner][\/et_pb_row_inner][et_pb_row_inner column_structure=\u00a0\u00bb1_2,1_2&Prime; custom_padding_last_edited=\u00a0\u00bbon|tablet\u00a0\u00bb _builder_version=\u00a0\u00bb4.27.4&Prime; _module_preset=\u00a0\u00bbdefault\u00a0\u00bb background_enable_image=\u00a0\u00bboff\u00a0\u00bb background_size=\u00a0\u00bbcontain\u00a0\u00bb background_blend=\u00a0\u00bbsoft-light\u00a0\u00bb width=\u00a0\u00bb100%\u00a0\u00bb max_width=\u00a0\u00bb100%\u00a0\u00bb custom_margin_tablet=\u00a0\u00bb0px||||false|false\u00a0\u00bb custom_margin_phone=\u00a0\u00bb0px||||false|false\u00a0\u00bb custom_margin_last_edited=\u00a0\u00bbon|tablet\u00a0\u00bb custom_padding=\u00a0\u00bb0px|||||\u00a0\u00bb custom_padding_tablet=\u00a0\u00bb0px||||false|false\u00a0\u00bb custom_padding_phone=\u00a0\u00bb0px||||false|false\u00a0\u00bb global_colors_info=\u00a0\u00bb{}\u00a0\u00bb][et_pb_column_inner type=\u00a0\u00bb1_2&Prime; saved_specialty_column_type=\u00a0\u00bb3_4&Prime; _builder_version=\u00a0\u00bb4.27.4&Prime; _module_preset=\u00a0\u00bbdefault\u00a0\u00bb global_colors_info=\u00a0\u00bb{}\u00a0\u00bb][et_pb_text admin_label=\u00a0\u00bbDevonian Health Group Inc&#8230;\u00a0\u00bb _builder_version=\u00a0\u00bb4.27.5&Prime; _module_preset=\u00a0\u00bbdefault\u00a0\u00bb header_2_text_color=\u00a0\u00bb#5ABCAD\u00a0\u00bb width=\u00a0\u00bb100%\u00a0\u00bb max_width=\u00a0\u00bb100%\u00a0\u00bb custom_margin=\u00a0\u00bb|0px|||false|false\u00a0\u00bb custom_padding=\u00a0\u00bb|0px|||false|false\u00a0\u00bb global_colors_info=\u00a0\u00bb{}\u00a0\u00bb]<\/p>\n<p>Groupe Sant\u00e9 Devonian Inc. est une soci\u00e9t\u00e9 biopharmaceutique canadienne cot\u00e9e en bourse (<em>TSXv : GSD; OTCQB : DVHGF<\/em>) qui se sp\u00e9cialise dans le d\u00e9veloppement de m\u00e9dicaments destin\u00e9s \u00e0 traiter diverses affections inflammatoires auto-immunes, en misant sur de nouvelles approches th\u00e9rapeutiques visant \u00e0 r\u00e9pondre \u00e0 des besoins m\u00e9dicaux non combl\u00e9s.<\/p>\n<p><\/p>\n<p>La strat\u00e9gie principale de Devonian consiste \u00e0 d\u00e9velopper des m\u00e9dicaments sur ordonnance ciblant plusieurs voies cellulaires et modulant \u00e0 la baisse les g\u00e8nes impliqu\u00e9s dans les maladies inflammatoires auto-immunes, notamment \u2014 sans s\u2019y limiter \u2014 dans les domaines suivants\u00a0: gastro-intestinal, dermatologique et h\u00e9patologique.<\/p>\n<p>[\/et_pb_text][et_pb_text admin_label=\u00a0\u00bbBased on a foundation of over&#8230;\u00a0\u00bb _builder_version=\u00a0\u00bb4.27.5&Prime; _module_preset=\u00a0\u00bbdefault\u00a0\u00bb header_2_text_color=\u00a0\u00bb#5ABCAD\u00a0\u00bb width=\u00a0\u00bb100%\u00a0\u00bb max_width=\u00a0\u00bb100%\u00a0\u00bb custom_margin=\u00a0\u00bb|0px|||false|false\u00a0\u00bb custom_padding=\u00a0\u00bb|0px|||false|false\u00a0\u00bb global_colors_info=\u00a0\u00bb{}\u00a0\u00bb]<\/p>\n<p>S\u2019appuyant sur plus de 15 ann\u00e9es de recherche, l\u2019approche de Devonian est renforc\u00e9e par un ensemble de lignes directrices r\u00e9glementaires de la Food and Drug Administration (FDA) des \u00c9tats-Unis, qui favorisent un processus de d\u00e9veloppement plus efficace pour les m\u00e9dicaments sur ordonnance que pour les th\u00e9rapies traditionnelles.<\/p>\n<p><\/p>\n<p>Devonian participe \u00e9galement au d\u00e9veloppement de produits cosm\u00e9ceutiques de grande valeur, en tirant parti de la m\u00eame approche exclusive utilis\u00e9e pour ses produits pharmaceutiques.<\/p>\n<p><\/p>\n<p>La soci\u00e9t\u00e9 exploite en outre une division de distribution de m\u00e9dicaments, Altius Healthcare Group LP, qui se consacre \u00e0 la vente de produits pharmaceutiques sur ordonnance au Canada, sous licence de soci\u00e9t\u00e9s pharmaceutiques de marque.<\/p>\n<p><\/p>\n<p>Fond\u00e9e en 2015, Groupe Sant\u00e9 Devonian Inc. a son si\u00e8ge social \u00e0 Montmagny (Qu\u00e9bec, Canada), o\u00f9 elle poss\u00e8de une usine d\u2019extraction \u00e0 la fine pointe de la technologie, assurant une tra\u00e7abilit\u00e9 compl\u00e8te \u00ab de la graine \u00e0 la pilule \u00bb.<\/p>\n<p>[\/et_pb_text][\/et_pb_column_inner][et_pb_column_inner type=\u00a0\u00bb1_2&Prime; saved_specialty_column_type=\u00a0\u00bb3_4&Prime; _builder_version=\u00a0\u00bb4.27.4&Prime; _module_preset=\u00a0\u00bbdefault\u00a0\u00bb global_colors_info=\u00a0\u00bb{}\u00a0\u00bb][et_pb_image src=\u00a0\u00bbhttps:\/\/groupedevonian.com\/wp-content\/uploads\/2025\/11\/ChatGPT-Image-24-nov.-2025-23-h-19-min-47-s.png\u00a0\u00bb title_text=\u00a0\u00bbChatGPT Image 18 nov. 2025, 19 h 13 min 11 s\u00a0\u00bb force_fullwidth=\u00a0\u00bbon\u00a0\u00bb _builder_version=\u00a0\u00bb4.27.4&Prime; _module_preset=\u00a0\u00bbdefault\u00a0\u00bb global_colors_info=\u00a0\u00bb{}\u00a0\u00bb][\/et_pb_image][\/et_pb_column_inner][\/et_pb_row_inner][et_pb_row_inner custom_padding_last_edited=\u00a0\u00bbon|tablet\u00a0\u00bb _builder_version=\u00a0\u00bb4.27.4&Prime; _module_preset=\u00a0\u00bbdefault\u00a0\u00bb background_enable_image=\u00a0\u00bboff\u00a0\u00bb background_size=\u00a0\u00bbcontain\u00a0\u00bb background_blend=\u00a0\u00bbsoft-light\u00a0\u00bb width=\u00a0\u00bb100%\u00a0\u00bb max_width=\u00a0\u00bb100%\u00a0\u00bb custom_margin_tablet=\u00a0\u00bb0px||||false|false\u00a0\u00bb custom_margin_phone=\u00a0\u00bb0px||||false|false\u00a0\u00bb custom_margin_last_edited=\u00a0\u00bbon|tablet\u00a0\u00bb custom_padding=\u00a0\u00bb||23px||false|false\u00a0\u00bb custom_padding_tablet=\u00a0\u00bb0px||||false|false\u00a0\u00bb custom_padding_phone=\u00a0\u00bb0px||||false|false\u00a0\u00bb global_colors_info=\u00a0\u00bb{}\u00a0\u00bb][et_pb_column_inner saved_specialty_column_type=\u00a0\u00bb3_4&Prime; _builder_version=\u00a0\u00bb4.27.4&Prime; _module_preset=\u00a0\u00bbdefault\u00a0\u00bb global_colors_info=\u00a0\u00bb{}\u00a0\u00bb][et_pb_text admin_label=\u00a0\u00bbCorporate Overview\u00a0\u00bb _builder_version=\u00a0\u00bb4.27.4&Prime; _module_preset=\u00a0\u00bbdefault\u00a0\u00bb header_2_text_color=\u00a0\u00bb#1F386B\u00a0\u00bb header_2_font_size=\u00a0\u00bb36px\u00a0\u00bb global_colors_info=\u00a0\u00bb{}\u00a0\u00bb]<\/p>\n<h2>Mission \/ Vision<\/h2>\n<p>[\/et_pb_text][et_pb_text admin_label=\u00a0\u00bbBased on a foundation of over&#8230;\u00a0\u00bb _builder_version=\u00a0\u00bb4.27.5&Prime; _module_preset=\u00a0\u00bbdefault\u00a0\u00bb header_2_text_color=\u00a0\u00bb#5ABCAD\u00a0\u00bb width=\u00a0\u00bb100%\u00a0\u00bb max_width=\u00a0\u00bb100%\u00a0\u00bb custom_margin=\u00a0\u00bb|0px|||false|false\u00a0\u00bb custom_padding=\u00a0\u00bb1px|0px|||false|false\u00a0\u00bb global_colors_info=\u00a0\u00bb{}\u00a0\u00bb]<\/p>\n<p>Chez <strong>Groupe Sant\u00e9 Devonian Inc.<\/strong>, notre mission est de transformer la recherche scientifique en solutions th\u00e9rapeutiques innovantes et efficaces visant \u00e0 am\u00e9liorer la qualit\u00e9 de vie des patients \u00e0 travers le monde. Nous nous engageons \u00e0 mener des recherches de pointe pour d\u00e9couvrir et d\u00e9velopper des traitements r\u00e9pondant \u00e0 des besoins m\u00e9dicaux non combl\u00e9s. Notre approche repose sur l\u2019\u00e9thique, la s\u00e9curit\u00e9 et l\u2019efficacit\u00e9, afin de garantir que chacun de nos produits respecte les normes les plus \u00e9lev\u00e9es de l\u2019industrie pharmaceutique.<\/p>\n<p><\/p>\n<p>Nous nous effor\u00e7ons de :<\/p>\n<p><\/p>\n<ul>\n<li><strong>Innover<\/strong> : D\u00e9velopper des m\u00e9dicaments offrant des options th\u00e9rapeutiques uniques et moins invasives.<\/li>\n<li><strong>Collaborer<\/strong> : \u00c9tablir des partenariats avec les chercheurs, les \u00e9tablissements universitaires et les acteurs de l\u2019industrie afin d\u2019acc\u00e9l\u00e9rer le d\u00e9veloppement et la commercialisation de nos produits.<\/li>\n<li><strong>Respecter<\/strong> : Maintenir les plus hauts standards d\u2019int\u00e9grit\u00e9 et de respect dans toutes nos relations avec les patients, les employ\u00e9s, les partenaires et les collectivit\u00e9s.<\/li>\n<\/ul>\n<p><\/p>\n<p>Notre vision est de devenir un <strong>chef de file mondial<\/strong> reconnu pour notre capacit\u00e9 \u00e0 offrir des solutions th\u00e9rapeutiques novatrices et de grande qualit\u00e9.<\/p>\n<p><\/p>\n<p>Nos objectifs \u00e0 long terme comprennent :<\/p>\n<p><\/p>\n<ul>\n<li><strong>Excellence<\/strong> : Continuer d\u2019investir dans la recherche et le d\u00e9veloppement afin de conserver une position de leader en innovation pharmaceutique.<\/li>\n<li><strong>Croissance<\/strong> : \u00c9largir notre portefeuille de produits pour r\u00e9pondre \u00e0 un large \u00e9ventail de conditions m\u00e9dicales tout en acc\u00e9dant \u00e0 de nouveaux march\u00e9s internationaux.<\/li>\n<li><strong>Responsabilit\u00e9<\/strong> : Agir en tant qu\u2019entreprise socialement responsable en r\u00e9duisant notre empreinte environnementale et en contribuant positivement aux communaut\u00e9s dans lesquelles nous op\u00e9rons.<\/li>\n<\/ul>\n<p><\/p>\n<p>En r\u00e9alisant notre mission et notre vision, nous visons non seulement \u00e0 am\u00e9liorer la sant\u00e9 des patients, mais aussi \u00e0 \u00e9tablir des normes plus \u00e9lev\u00e9es pour l\u2019ensemble de l\u2019industrie pharmaceutique.<\/p>\n<p>[\/et_pb_text][\/et_pb_column_inner][\/et_pb_row_inner][\/et_pb_column][\/et_pb_section]<\/p>\n","protected":false},"excerpt":{"rendered":"<p>Survol corporatifGroupe Sant\u00e9 Devonian Inc. est une soci\u00e9t\u00e9 biopharmaceutique canadienne cot\u00e9e en bourse (TSXv : GSD; OTCQB : DVHGF) qui se sp\u00e9cialise dans le d\u00e9veloppement de m\u00e9dicaments destin\u00e9s \u00e0 traiter diverses affections inflammatoires auto-immunes, en misant sur de nouvelles approches th\u00e9rapeutiques visant \u00e0 r\u00e9pondre \u00e0 des besoins m\u00e9dicaux non combl\u00e9s.La strat\u00e9gie principale de Devonian consiste [&hellip;]<\/p>\n","protected":false},"author":4,"featured_media":0,"parent":1754,"menu_order":1,"comment_status":"closed","ping_status":"closed","template":"","meta":{"_et_pb_use_builder":"on","_et_pb_old_content":"","_et_gb_content_width":"","footnotes":""},"class_list":["post-5341","page","type-page","status-publish","hentry"],"yoast_head":"<!-- This site is optimized with the Yoast SEO plugin v27.3 - https:\/\/yoast.com\/product\/yoast-seo-wordpress\/ -->\n<title>Survol corporatif - DEVONIAN HEALTH GROUP INC.<\/title>\n<meta name=\"robots\" content=\"index, follow, max-snippet:-1, max-image-preview:large, max-video-preview:-1\" \/>\n<link rel=\"canonical\" href=\"https:\/\/groupedevonian.com\/fr\/our-company\/survol-corporatif\/\" \/>\n<meta property=\"og:locale\" content=\"fr_FR\" \/>\n<meta property=\"og:type\" content=\"article\" \/>\n<meta property=\"og:title\" content=\"Survol corporatif - DEVONIAN HEALTH GROUP INC.\" \/>\n<meta property=\"og:description\" content=\"Survol corporatifGroupe Sant\u00e9 Devonian Inc. est une soci\u00e9t\u00e9 biopharmaceutique canadienne cot\u00e9e en bourse (TSXv : GSD; OTCQB : DVHGF) qui se sp\u00e9cialise dans le d\u00e9veloppement de m\u00e9dicaments destin\u00e9s \u00e0 traiter diverses affections inflammatoires auto-immunes, en misant sur de nouvelles approches th\u00e9rapeutiques visant \u00e0 r\u00e9pondre \u00e0 des besoins m\u00e9dicaux non combl\u00e9s.La strat\u00e9gie principale de Devonian consiste [&hellip;]\" \/>\n<meta property=\"og:url\" content=\"https:\/\/groupedevonian.com\/fr\/our-company\/survol-corporatif\/\" \/>\n<meta property=\"og:site_name\" content=\"DEVONIAN HEALTH GROUP INC.\" \/>\n<meta property=\"article:modified_time\" content=\"2025-12-15T20:32:15+00:00\" \/>\n<meta name=\"twitter:card\" content=\"summary_large_image\" \/>\n<meta name=\"twitter:label1\" content=\"Dur\u00e9e de lecture estim\u00e9e\" \/>\n\t<meta name=\"twitter:data1\" content=\"3 minutes\" \/>\n<script type=\"application\/ld+json\" class=\"yoast-schema-graph\">{\"@context\":\"https:\\\/\\\/schema.org\",\"@graph\":[{\"@type\":\"WebPage\",\"@id\":\"https:\\\/\\\/groupedevonian.com\\\/fr\\\/our-company\\\/survol-corporatif\\\/\",\"url\":\"https:\\\/\\\/groupedevonian.com\\\/fr\\\/our-company\\\/survol-corporatif\\\/\",\"name\":\"Survol corporatif - DEVONIAN HEALTH GROUP INC.\",\"isPartOf\":{\"@id\":\"https:\\\/\\\/groupedevonian.com\\\/fr\\\/#website\"},\"datePublished\":\"2022-01-14T20:52:39+00:00\",\"dateModified\":\"2025-12-15T20:32:15+00:00\",\"breadcrumb\":{\"@id\":\"https:\\\/\\\/groupedevonian.com\\\/fr\\\/our-company\\\/survol-corporatif\\\/#breadcrumb\"},\"inLanguage\":\"fr-FR\",\"potentialAction\":[{\"@type\":\"ReadAction\",\"target\":[\"https:\\\/\\\/groupedevonian.com\\\/fr\\\/our-company\\\/survol-corporatif\\\/\"]}]},{\"@type\":\"BreadcrumbList\",\"@id\":\"https:\\\/\\\/groupedevonian.com\\\/fr\\\/our-company\\\/survol-corporatif\\\/#breadcrumb\",\"itemListElement\":[{\"@type\":\"ListItem\",\"position\":1,\"name\":\"Home\",\"item\":\"https:\\\/\\\/groupedevonian.com\\\/fr\\\/\"},{\"@type\":\"ListItem\",\"position\":2,\"name\":\"NOTRE ENTREPRISE\",\"item\":\"https:\\\/\\\/groupedevonian.com\\\/fr\\\/our-company\\\/\"},{\"@type\":\"ListItem\",\"position\":3,\"name\":\"Survol corporatif\"}]},{\"@type\":\"WebSite\",\"@id\":\"https:\\\/\\\/groupedevonian.com\\\/fr\\\/#website\",\"url\":\"https:\\\/\\\/groupedevonian.com\\\/fr\\\/\",\"name\":\"DEVONIAN HEALTH GROUP INC.\",\"description\":\"Botanical pharmaceutical corporation\",\"publisher\":{\"@id\":\"https:\\\/\\\/groupedevonian.com\\\/fr\\\/#organization\"},\"potentialAction\":[{\"@type\":\"SearchAction\",\"target\":{\"@type\":\"EntryPoint\",\"urlTemplate\":\"https:\\\/\\\/groupedevonian.com\\\/fr\\\/?s={search_term_string}\"},\"query-input\":{\"@type\":\"PropertyValueSpecification\",\"valueRequired\":true,\"valueName\":\"search_term_string\"}}],\"inLanguage\":\"fr-FR\"},{\"@type\":\"Organization\",\"@id\":\"https:\\\/\\\/groupedevonian.com\\\/fr\\\/#organization\",\"name\":\"Groupe Sant\u00e9 Devonian inc.\",\"alternateName\":\"Groupe Sant\u00e9 Devonian inc.\",\"url\":\"https:\\\/\\\/groupedevonian.com\\\/fr\\\/\",\"logo\":{\"@type\":\"ImageObject\",\"inLanguage\":\"fr-FR\",\"@id\":\"https:\\\/\\\/groupedevonian.com\\\/fr\\\/#\\\/schema\\\/logo\\\/image\\\/\",\"url\":\"https:\\\/\\\/groupedevonian.com\\\/wp-content\\\/uploads\\\/2022\\\/05\\\/logo-devonian-2x.png\",\"contentUrl\":\"https:\\\/\\\/groupedevonian.com\\\/wp-content\\\/uploads\\\/2022\\\/05\\\/logo-devonian-2x.png\",\"width\":309,\"height\":183,\"caption\":\"Groupe Sant\u00e9 Devonian inc.\"},\"image\":{\"@id\":\"https:\\\/\\\/groupedevonian.com\\\/fr\\\/#\\\/schema\\\/logo\\\/image\\\/\"}}]}<\/script>\n<!-- \/ Yoast SEO plugin. -->","yoast_head_json":{"title":"Survol corporatif - DEVONIAN HEALTH GROUP INC.","robots":{"index":"index","follow":"follow","max-snippet":"max-snippet:-1","max-image-preview":"max-image-preview:large","max-video-preview":"max-video-preview:-1"},"canonical":"https:\/\/groupedevonian.com\/fr\/our-company\/survol-corporatif\/","og_locale":"fr_FR","og_type":"article","og_title":"Survol corporatif - DEVONIAN HEALTH GROUP INC.","og_description":"Survol corporatifGroupe Sant\u00e9 Devonian Inc. est une soci\u00e9t\u00e9 biopharmaceutique canadienne cot\u00e9e en bourse (TSXv : GSD; OTCQB : DVHGF) qui se sp\u00e9cialise dans le d\u00e9veloppement de m\u00e9dicaments destin\u00e9s \u00e0 traiter diverses affections inflammatoires auto-immunes, en misant sur de nouvelles approches th\u00e9rapeutiques visant \u00e0 r\u00e9pondre \u00e0 des besoins m\u00e9dicaux non combl\u00e9s.La strat\u00e9gie principale de Devonian consiste [&hellip;]","og_url":"https:\/\/groupedevonian.com\/fr\/our-company\/survol-corporatif\/","og_site_name":"DEVONIAN HEALTH GROUP INC.","article_modified_time":"2025-12-15T20:32:15+00:00","twitter_card":"summary_large_image","twitter_misc":{"Dur\u00e9e de lecture estim\u00e9e":"3 minutes"},"schema":{"@context":"https:\/\/schema.org","@graph":[{"@type":"WebPage","@id":"https:\/\/groupedevonian.com\/fr\/our-company\/survol-corporatif\/","url":"https:\/\/groupedevonian.com\/fr\/our-company\/survol-corporatif\/","name":"Survol corporatif - DEVONIAN HEALTH GROUP INC.","isPartOf":{"@id":"https:\/\/groupedevonian.com\/fr\/#website"},"datePublished":"2022-01-14T20:52:39+00:00","dateModified":"2025-12-15T20:32:15+00:00","breadcrumb":{"@id":"https:\/\/groupedevonian.com\/fr\/our-company\/survol-corporatif\/#breadcrumb"},"inLanguage":"fr-FR","potentialAction":[{"@type":"ReadAction","target":["https:\/\/groupedevonian.com\/fr\/our-company\/survol-corporatif\/"]}]},{"@type":"BreadcrumbList","@id":"https:\/\/groupedevonian.com\/fr\/our-company\/survol-corporatif\/#breadcrumb","itemListElement":[{"@type":"ListItem","position":1,"name":"Home","item":"https:\/\/groupedevonian.com\/fr\/"},{"@type":"ListItem","position":2,"name":"NOTRE ENTREPRISE","item":"https:\/\/groupedevonian.com\/fr\/our-company\/"},{"@type":"ListItem","position":3,"name":"Survol corporatif"}]},{"@type":"WebSite","@id":"https:\/\/groupedevonian.com\/fr\/#website","url":"https:\/\/groupedevonian.com\/fr\/","name":"DEVONIAN HEALTH GROUP INC.","description":"Botanical pharmaceutical corporation","publisher":{"@id":"https:\/\/groupedevonian.com\/fr\/#organization"},"potentialAction":[{"@type":"SearchAction","target":{"@type":"EntryPoint","urlTemplate":"https:\/\/groupedevonian.com\/fr\/?s={search_term_string}"},"query-input":{"@type":"PropertyValueSpecification","valueRequired":true,"valueName":"search_term_string"}}],"inLanguage":"fr-FR"},{"@type":"Organization","@id":"https:\/\/groupedevonian.com\/fr\/#organization","name":"Groupe Sant\u00e9 Devonian inc.","alternateName":"Groupe Sant\u00e9 Devonian inc.","url":"https:\/\/groupedevonian.com\/fr\/","logo":{"@type":"ImageObject","inLanguage":"fr-FR","@id":"https:\/\/groupedevonian.com\/fr\/#\/schema\/logo\/image\/","url":"https:\/\/groupedevonian.com\/wp-content\/uploads\/2022\/05\/logo-devonian-2x.png","contentUrl":"https:\/\/groupedevonian.com\/wp-content\/uploads\/2022\/05\/logo-devonian-2x.png","width":309,"height":183,"caption":"Groupe Sant\u00e9 Devonian inc."},"image":{"@id":"https:\/\/groupedevonian.com\/fr\/#\/schema\/logo\/image\/"}}]}},"_links":{"self":[{"href":"https:\/\/groupedevonian.com\/fr\/wp-json\/wp\/v2\/pages\/5341","targetHints":{"allow":["GET"]}}],"collection":[{"href":"https:\/\/groupedevonian.com\/fr\/wp-json\/wp\/v2\/pages"}],"about":[{"href":"https:\/\/groupedevonian.com\/fr\/wp-json\/wp\/v2\/types\/page"}],"author":[{"embeddable":true,"href":"https:\/\/groupedevonian.com\/fr\/wp-json\/wp\/v2\/users\/4"}],"replies":[{"embeddable":true,"href":"https:\/\/groupedevonian.com\/fr\/wp-json\/wp\/v2\/comments?post=5341"}],"version-history":[{"count":5,"href":"https:\/\/groupedevonian.com\/fr\/wp-json\/wp\/v2\/pages\/5341\/revisions"}],"predecessor-version":[{"id":12956,"href":"https:\/\/groupedevonian.com\/fr\/wp-json\/wp\/v2\/pages\/5341\/revisions\/12956"}],"up":[{"embeddable":true,"href":"https:\/\/groupedevonian.com\/fr\/wp-json\/wp\/v2\/pages\/1754"}],"wp:attachment":[{"href":"https:\/\/groupedevonian.com\/fr\/wp-json\/wp\/v2\/media?parent=5341"}],"curies":[{"name":"wp","href":"https:\/\/api.w.org\/{rel}","templated":true}]}}