{"id":1857,"date":"2016-10-06T06:11:52","date_gmt":"2016-10-06T10:11:52","guid":{"rendered":"http:\/\/groupedevonian.com\/en\/fr\/?page_id=1857"},"modified":"2026-03-30T18:41:01","modified_gmt":"2026-03-30T22:41:01","slug":"informations-pour-les-investisseurs","status":"publish","type":"page","link":"https:\/\/groupedevonian.com\/fr\/communiques-de-presse\/informations-pour-les-investisseurs\/","title":{"rendered":"Investisseurs et renseignements boursiers"},"content":{"rendered":"<p>[et_pb_section fb_built=\u00a0\u00bb1&Prime; specialty=\u00a0\u00bbon\u00a0\u00bb _builder_version=\u00a0\u00bb4.27.5&Prime; _module_preset=\u00a0\u00bbdefault\u00a0\u00bb background_color=\u00a0\u00bb#FFFFFF\u00a0\u00bb width=\u00a0\u00bb101%\u00a0\u00bb max_width=\u00a0\u00bb101%\u00a0\u00bb inner_width=\u00a0\u00bb80%\u00a0\u00bb inner_max_width=\u00a0\u00bb80%\u00a0\u00bb custom_margin=\u00a0\u00bb||||false|false\u00a0\u00bb custom_padding=\u00a0\u00bb||||false|false\u00a0\u00bb top_divider_color=\u00a0\u00bb#1B303B\u00a0\u00bb top_divider_height=\u00a0\u00bb50px\u00a0\u00bb bottom_divider_color=\u00a0\u00bb#1F386B\u00a0\u00bb bottom_divider_height=\u00a0\u00bb50px\u00a0\u00bb bottom_divider_flip=\u00a0\u00bbhorizontal\u00a0\u00bb sticky_limit_bottom=\u00a0\u00bbsection\u00a0\u00bb custom_css_main_element=\u00a0\u00bbbackground: url(\/wp-content\/uploads\/2025\/11\/dots-br.png), url(\/wp-content\/uploads\/2025\/11\/lines-bl.png), url(\/wp-content\/uploads\/2025\/11\/dots-tl.png), url(\/wp-content\/uploads\/2025\/11\/lueur-bl-v2.png) !important;||background-repeat: no-repeat !important;||background-position: right bottom, left bottom, left top, left bottom  !important;||background-size: auto !important;\u00a0\u00bb global_colors_info=\u00a0\u00bb{}\u00a0\u00bb custom_css_main_element_last_edited=\u00a0\u00bbon|phone\u00a0\u00bb custom_css_main_element_tablet=\u00a0\u00bbbackground: url(\/wp-content\/uploads\/2025\/11\/dots-br.png)\/*, url(\/wp-content\/uploads\/2025\/11\/lines-bl.png)*\/, url(\/wp-content\/uploads\/2025\/12\/dot-top-right.png)\/*, url(\/wp-content\/uploads\/2025\/11\/lueur-bl-v2.png)*\/ !important;||background-repeat: no-repeat !important;||background-position: right bottom\/*, left bottom*\/, right top\/*, left bottom *\/ !important;||background-size: auto !important;\u00a0\u00bb custom_css_main_element_phone=\u00a0\u00bbbackground:none !important;\u00a0\u00bb][et_pb_column type=\u00a0\u00bb1_4&Prime; _builder_version=\u00a0\u00bb4.16&Prime; custom_padding=\u00a0\u00bb|||\u00a0\u00bb global_colors_info=\u00a0\u00bb{}\u00a0\u00bb custom_padding__hover=\u00a0\u00bb|||\u00a0\u00bb][et_pb_sidebar area=\u00a0\u00bbet_pb_widget_area_1&Prime; _builder_version=\u00a0\u00bb4.27.4&Prime; _module_preset=\u00a0\u00bbdefault\u00a0\u00bb header_text_color=\u00a0\u00bb#1F386B\u00a0\u00bb header_font_size=\u00a0\u00bb26px\u00a0\u00bb body_text_color=\u00a0\u00bb#1F386B\u00a0\u00bb background_color=\u00a0\u00bb#FFFFFF\u00a0\u00bb width=\u00a0\u00bb101%\u00a0\u00bb max_width=\u00a0\u00bb101%\u00a0\u00bb custom_margin=\u00a0\u00bb||||false|false\u00a0\u00bb custom_padding=\u00a0\u00bb0px|20px|20px|20px|false|true\u00a0\u00bb sticky_position=\u00a0\u00bbtop\u00a0\u00bb sticky_offset_top=\u00a0\u00bb60px\u00a0\u00bb sticky_limit_bottom=\u00a0\u00bbsection\u00a0\u00bb border_color_all=\u00a0\u00bb#FFFFFF\u00a0\u00bb global_colors_info=\u00a0\u00bb{}\u00a0\u00bb][\/et_pb_sidebar][\/et_pb_column][et_pb_column type=\u00a0\u00bb3_4&Prime; specialty_columns=\u00a0\u00bb3&Prime; _builder_version=\u00a0\u00bb4.16&Prime; custom_padding=\u00a0\u00bb|||\u00a0\u00bb global_colors_info=\u00a0\u00bb{}\u00a0\u00bb custom_padding__hover=\u00a0\u00bb|||\u00a0\u00bb][et_pb_row_inner custom_padding_last_edited=\u00a0\u00bbon|tablet\u00a0\u00bb _builder_version=\u00a0\u00bb4.27.4&Prime; _module_preset=\u00a0\u00bbdefault\u00a0\u00bb background_enable_image=\u00a0\u00bboff\u00a0\u00bb background_size=\u00a0\u00bbcontain\u00a0\u00bb background_blend=\u00a0\u00bbsoft-light\u00a0\u00bb width=\u00a0\u00bb100%\u00a0\u00bb max_width=\u00a0\u00bb100%\u00a0\u00bb custom_margin_tablet=\u00a0\u00bb0px||||false|false\u00a0\u00bb custom_margin_phone=\u00a0\u00bb0px||||false|false\u00a0\u00bb custom_margin_last_edited=\u00a0\u00bbon|tablet\u00a0\u00bb custom_padding=\u00a0\u00bb||23px||false|false\u00a0\u00bb custom_padding_tablet=\u00a0\u00bb0px||||false|false\u00a0\u00bb custom_padding_phone=\u00a0\u00bb0px||||false|false\u00a0\u00bb global_colors_info=\u00a0\u00bb{}\u00a0\u00bb][et_pb_column_inner saved_specialty_column_type=\u00a0\u00bb3_4&Prime; _builder_version=\u00a0\u00bb4.27.4&Prime; _module_preset=\u00a0\u00bbdefault\u00a0\u00bb global_colors_info=\u00a0\u00bb{}\u00a0\u00bb][et_pb_text admin_label=\u00a0\u00bbInvestors and Stock Information\u00a0\u00bb _builder_version=\u00a0\u00bb4.27.5&Prime; _module_preset=\u00a0\u00bbdefault\u00a0\u00bb header_2_text_color=\u00a0\u00bb#1F386B\u00a0\u00bb header_2_font_size=\u00a0\u00bb36px\u00a0\u00bb background_enable_color=\u00a0\u00bboff\u00a0\u00bb global_colors_info=\u00a0\u00bb{}\u00a0\u00bb]<\/p>\n<h2><strong>Investisseurs et renseignements boursiers<\/strong><\/h2>\n<p>[\/et_pb_text][\/et_pb_column_inner][\/et_pb_row_inner][et_pb_row_inner column_structure=\u00a0\u00bb1_2,1_2&Prime; custom_padding_last_edited=\u00a0\u00bbon|tablet\u00a0\u00bb module_id=\u00a0\u00bbjb-investor-center\u00a0\u00bb _builder_version=\u00a0\u00bb4.27.4&Prime; _module_preset=\u00a0\u00bbdefault\u00a0\u00bb background_enable_image=\u00a0\u00bboff\u00a0\u00bb background_size=\u00a0\u00bbcontain\u00a0\u00bb background_blend=\u00a0\u00bbsoft-light\u00a0\u00bb width=\u00a0\u00bb100%\u00a0\u00bb max_width=\u00a0\u00bb100%\u00a0\u00bb custom_margin_tablet=\u00a0\u00bb0px||||false|false\u00a0\u00bb custom_margin_phone=\u00a0\u00bb0px||||false|false\u00a0\u00bb custom_margin_last_edited=\u00a0\u00bbon|tablet\u00a0\u00bb custom_padding=\u00a0\u00bb0px|||||\u00a0\u00bb custom_padding_tablet=\u00a0\u00bb0px||||false|false\u00a0\u00bb custom_padding_phone=\u00a0\u00bb0px||||false|false\u00a0\u00bb global_colors_info=\u00a0\u00bb{}\u00a0\u00bb][et_pb_column_inner type=\u00a0\u00bb1_2&Prime; saved_specialty_column_type=\u00a0\u00bb3_4&Prime; _builder_version=\u00a0\u00bb4.27.4&Prime; _module_preset=\u00a0\u00bbdefault\u00a0\u00bb global_colors_info=\u00a0\u00bb{}\u00a0\u00bb][et_pb_text admin_label=\u00a0\u00bbInvestor Center\u00a0\u00bb _builder_version=\u00a0\u00bb4.27.4&Prime; _module_preset=\u00a0\u00bbdefault\u00a0\u00bb header_3_text_color=\u00a0\u00bb#1F386B\u00a0\u00bb header_3_font_size=\u00a0\u00bb27px\u00a0\u00bb global_colors_info=\u00a0\u00bb{}\u00a0\u00bb]<\/p>\n<h3>Centre des investisseurs<\/h3>\n<p><\/p>\n<p><strong>Symbole boursier<br \/><\/strong>TSXv : GSD<br \/>OTCQB : DVHGF<\/p>\n<p><\/p>\n<p><strong>Agent de transfert et registraire<\/strong><br \/><a href=\"https:\/\/www.canstockta.com\/en\" target=\"_blank\" rel=\"noopener\">Trust TSX Company<\/a><\/p>\n<p><\/p>\n<p>Assembl\u00e9e g\u00e9n\u00e9rale annuelle des actionnaires, 20 mars 2025<br \/><a href=\"\/wp-content\/uploads\/2024\/02\/Devonian-AGM-Presentation-Feb-20-2024-clean-Final.pdf\" target=\"_blank\" rel=\"noopener\">Assembl\u00e9e g\u00e9n\u00e9rale annuelle des actionnaires, 20 f\u00e9vrier 2024<\/a><\/p>\n<p><\/p>\n<p>Pour toute question relative \u00e0 une modification de l\u2019immatriculation d\u2019actions, \u00e0 un changement d\u2019adresse, \u00e0 des certificats d\u2019actions perdus, \u00e0 des transferts de succession, ou encore pour signaler des envois faits en double, les actionnaires sont pri\u00e9s de communiquer avec l\u2019agent de transfert de Groupe Sant\u00e9 Devonian Inc. :<\/p>\n<p><\/p>\n<p><strong>Trust TSX Company<\/strong><br \/>2001 Boul. Robert-Bourassa, bureau 1600<br \/>Montr\u00e9al, Qu\u00e9bec<br \/>Canada H3A 2A6<\/p>\n<p><\/p>\n<p>T\u00e9l\u00e9phone : 514 285-8820 ou 1 800 387-0825<br \/>Courriel : fbeausejour@tmx.com<\/p>\n<p><\/p>\n<p><strong>V\u00e9rificateurs<\/strong><br \/>MNP LLP<\/p>\n<p><\/p>\n<p><strong>Banque<\/strong><br \/>Banque Royale du Canada<\/p>\n<p><\/p>\n<p><strong>Bourses<\/strong><br \/>Bourse de croissance TSX (TSXv)<br \/>March\u00e9 de risque OTCQB<sup>\u00ae<\/sup> (OTCQB)<\/p>\n<p>[\/et_pb_text][\/et_pb_column_inner][et_pb_column_inner type=\u00a0\u00bb1_2&Prime; saved_specialty_column_type=\u00a0\u00bb3_4&Prime; _builder_version=\u00a0\u00bb4.27.4&Prime; _module_preset=\u00a0\u00bbdefault\u00a0\u00bb global_colors_info=\u00a0\u00bb{}\u00a0\u00bb][et_pb_text admin_label=\u00a0\u00bbCapital market information\u00a0\u00bb _builder_version=\u00a0\u00bb4.27.4&Prime; _module_preset=\u00a0\u00bbdefault\u00a0\u00bb header_3_text_color=\u00a0\u00bb#1F386B\u00a0\u00bb header_3_font_size=\u00a0\u00bb27px\u00a0\u00bb global_colors_info=\u00a0\u00bb{}\u00a0\u00bb]<\/p>\n<h3>Informations sur le march\u00e9 des capitaux<\/h3>\n<p><\/p>\n<p>March\u00e9s boursiers TSXv : GSD | OTCQB : DVHGF<\/p>\n<p>[\/et_pb_text][et_pb_code admin_label=\u00a0\u00bbTableau bourse\u00a0\u00bb _builder_version=\u00a0\u00bb4.27.4&Prime; _module_preset=\u00a0\u00bbdefault\u00a0\u00bb background_color=\u00a0\u00bb#1F386B\u00a0\u00bb custom_margin=\u00a0\u00bb0px||0px||true|false\u00a0\u00bb custom_padding=\u00a0\u00bb10px|20px|10px|20px|true|true\u00a0\u00bb custom_css_main_element=\u00a0\u00bbcolor:#ffffff;\u00a0\u00bb global_colors_info=\u00a0\u00bb{}\u00a0\u00bb]<\/p>\n<div style=\"display: inline-block;\">Prix de l\u2019action (En date d\u2019aujourd\u2019hui : TSXv)<\/div>\n<p><!\u2013- [et_pb_br_holder] -\u2013><!-- [et_pb_line_break_holder] --><!\u2013- [et_pb_br_holder] -\u2013><\/p>\n<div style=\"display: inline-block; float: right;\">10,01<\/div>\n<p>[\/et_pb_code][et_pb_code admin_label=\u00a0\u00bbTableau bourse\u00a0\u00bb _builder_version=\u00a0\u00bb4.27.5&Prime; _module_preset=\u00a0\u00bbdefault\u00a0\u00bb background_color=\u00a0\u00bb#007396&Prime; custom_margin=\u00a0\u00bb0px||0px||true|false\u00a0\u00bb custom_padding=\u00a0\u00bb10px|20px|10px|20px|true|true\u00a0\u00bb custom_css_main_element=\u00a0\u00bbcolor:#ffffff;\u00a0\u00bb global_colors_info=\u00a0\u00bb{}\u00a0\u00bb]<\/p>\n<div style=\"display: inline-block;\">Actions ordinaires \u00e9mises et en circulation *<\/div>\n<p>[\/et_pb_code][et_pb_code admin_label=\u00a0\u00bbTableau bourse\u00a0\u00bb _builder_version=\u00a0\u00bb4.27.4&Prime; _module_preset=\u00a0\u00bbdefault\u00a0\u00bb background_color=\u00a0\u00bb#1F386B\u00a0\u00bb custom_margin=\u00a0\u00bb0px||0px||true|false\u00a0\u00bb custom_padding=\u00a0\u00bb10px|20px|10px|20px|true|true\u00a0\u00bb custom_css_main_element=\u00a0\u00bbcolor:#ffffff;\u00a0\u00bb global_colors_info=\u00a0\u00bb{}\u00a0\u00bb]<\/p>\n<div style=\"display: inline-block;\">Nombre total d\u2019actions en circulation<\/div>\n<p><!\u2013- [et_pb_br_holder] -\u2013><!-- [et_pb_line_break_holder] --><!\u2013- [et_pb_br_holder] -\u2013><\/p>\n<div style=\"display: inline-block; float: right;\">2,780,866<\/div>\n<p>[\/et_pb_code][et_pb_code admin_label=\u00a0\u00bbTableau bourse\u00a0\u00bb _builder_version=\u00a0\u00bb4.27.4&Prime; _module_preset=\u00a0\u00bbdefault\u00a0\u00bb background_color=\u00a0\u00bb#007396&Prime; custom_margin=\u00a0\u00bb0px||0px||true|false\u00a0\u00bb custom_padding=\u00a0\u00bb10px|20px|10px|20px|true|true\u00a0\u00bb custom_css_main_element=\u00a0\u00bbcolor:#ffffff;\u00a0\u00bb global_colors_info=\u00a0\u00bb{}\u00a0\u00bb]<\/p>\n<div style=\"display: inline-block;\">Bons de souscription<\/div>\n<p><!\u2013- [et_pb_br_holder] -\u2013><\/p>\n<div style=\"display: inline-block; float: right;\">299,040<\/div>\n<p>[\/et_pb_code][et_pb_code admin_label=\u00a0\u00bbTableau bourse\u00a0\u00bb _builder_version=\u00a0\u00bb4.27.4&Prime; _module_preset=\u00a0\u00bbdefault\u00a0\u00bb background_color=\u00a0\u00bb#1F386B\u00a0\u00bb custom_margin=\u00a0\u00bb0px||0px||true|false\u00a0\u00bb custom_padding=\u00a0\u00bb10px|20px|10px|20px|true|true\u00a0\u00bb custom_css_main_element=\u00a0\u00bbcolor:#ffffff;\u00a0\u00bb global_colors_info=\u00a0\u00bb{}\u00a0\u00bb]<\/p>\n<div style=\"display: inline-block;\">Options d&rsquo;achat d&rsquo;actions<\/div>\n<p><!\u2013- [et_pb_br_holder] -\u2013><!-- [et_pb_line_break_holder] --><!\u2013- [et_pb_br_holder] -\u2013><\/p>\n<div style=\"display: inline-block; float: right;\">491,661<\/div>\n<p>[\/et_pb_code][et_pb_code admin_label=\u00a0\u00bbTableau bourse\u00a0\u00bb _builder_version=\u00a0\u00bb4.27.4&Prime; _module_preset=\u00a0\u00bbdefault\u00a0\u00bb background_color=\u00a0\u00bb#007396&Prime; custom_margin=\u00a0\u00bb0px||0px||true|false\u00a0\u00bb custom_padding=\u00a0\u00bb10px|20px|10px|20px|true|true\u00a0\u00bb custom_css_main_element=\u00a0\u00bbcolor:#ffffff;\u00a0\u00bb global_colors_info=\u00a0\u00bb{}\u00a0\u00bb]<\/p>\n<div style=\"display: inline-block;\">Capital enti\u00e8rement dilu\u00e9<\/div>\n<p><!\u2013- [et_pb_br_holder] -\u2013><\/p>\n<div style=\"display: inline-block; float: right;\">3,571,567<\/div>\n<p>[\/et_pb_code][et_pb_code admin_label=\u00a0\u00bbTableau bourse\u00a0\u00bb _builder_version=\u00a0\u00bb4.27.5&Prime; _module_preset=\u00a0\u00bbdefault\u00a0\u00bb background_color=\u00a0\u00bb#1F386B\u00a0\u00bb custom_margin=\u00a0\u00bb0px||0px||true|false\u00a0\u00bb custom_padding=\u00a0\u00bb10px|20px|10px|20px|true|true\u00a0\u00bb custom_css_main_element=\u00a0\u00bbcolor:#ffffff;\u00a0\u00bb global_colors_info=\u00a0\u00bb{}\u00a0\u00bb]<\/p>\n<div style=\"display: inline-block;\">Capitalisation boursi\u00e8re (en dollars)<\/div>\n<p><!\u2013- [et_pb_br_holder] -\u2013><!-- [et_pb_line_break_holder] --><!\u2013- [et_pb_br_holder] -\u2013><\/p>\n<div style=\"display: inline-block; float: right;\">35,751,386<\/div>\n<p>[\/et_pb_code][et_pb_text admin_label=\u00a0\u00bb*As of 8 mai 2024&Prime; _builder_version=\u00a0\u00bb4.27.5&Prime; _module_preset=\u00a0\u00bbdefault\u00a0\u00bb text_font=\u00a0\u00bb||on||||||\u00a0\u00bb text_orientation=\u00a0\u00bbright\u00a0\u00bb global_colors_info=\u00a0\u00bb{}\u00a0\u00bb]<\/p>\n<p>*En date du 23 f\u00e9vrier 2026<\/p>\n<p>[\/et_pb_text][et_pb_image src=\u00a0\u00bbhttps:\/\/groupedevonian.com\/wp-content\/uploads\/2025\/11\/ChatGPT-Image-24-nov.-2025-23-h-32-min-50-s.png\u00a0\u00bb title_text=\u00a0\u00bbChatGPT Image 24 nov. 2025, 23 h 32 min 50 s\u00a0\u00bb _builder_version=\u00a0\u00bb4.27.4&Prime; _module_preset=\u00a0\u00bbdefault\u00a0\u00bb global_colors_info=\u00a0\u00bb{}\u00a0\u00bb][\/et_pb_image][\/et_pb_column_inner][\/et_pb_row_inner][\/et_pb_column][\/et_pb_section]<\/p>\n","protected":false},"excerpt":{"rendered":"<p>Investisseurs et renseignements boursiersCentre des investisseursSymbole boursierTSXv : GSDOTCQB : DVHGFAgent de transfert et registraireTrust TSX CompanyAssembl\u00e9e g\u00e9n\u00e9rale annuelle des actionnaires, 20 mars 2025Assembl\u00e9e g\u00e9n\u00e9rale annuelle des actionnaires, 20 f\u00e9vrier 2024Pour toute question relative \u00e0 une modification de l\u2019immatriculation d\u2019actions, \u00e0 un changement d\u2019adresse, \u00e0 des certificats d\u2019actions perdus, \u00e0 des transferts de succession, ou [&hellip;]<\/p>\n","protected":false},"author":3,"featured_media":0,"parent":1775,"menu_order":5,"comment_status":"closed","ping_status":"closed","template":"","meta":{"_et_pb_use_builder":"on","_et_pb_old_content":"","_et_gb_content_width":"","footnotes":""},"class_list":["post-1857","page","type-page","status-publish","hentry"],"yoast_head":"<!-- This site is optimized with the Yoast SEO plugin v27.3 - https:\/\/yoast.com\/product\/yoast-seo-wordpress\/ -->\n<title>Investisseurs et renseignements boursiers - DEVONIAN HEALTH GROUP INC.<\/title>\n<meta name=\"robots\" content=\"index, follow, max-snippet:-1, max-image-preview:large, max-video-preview:-1\" \/>\n<link rel=\"canonical\" href=\"https:\/\/groupedevonian.com\/fr\/communiques-de-presse\/informations-pour-les-investisseurs\/\" \/>\n<meta property=\"og:locale\" content=\"fr_FR\" \/>\n<meta property=\"og:type\" content=\"article\" \/>\n<meta property=\"og:title\" content=\"Investisseurs et renseignements boursiers - DEVONIAN HEALTH GROUP INC.\" \/>\n<meta property=\"og:description\" content=\"Investisseurs et renseignements boursiersCentre des investisseursSymbole boursierTSXv : GSDOTCQB : DVHGFAgent de transfert et registraireTrust TSX CompanyAssembl\u00e9e g\u00e9n\u00e9rale annuelle des actionnaires, 20 mars 2025Assembl\u00e9e g\u00e9n\u00e9rale annuelle des actionnaires, 20 f\u00e9vrier 2024Pour toute question relative \u00e0 une modification de l\u2019immatriculation d\u2019actions, \u00e0 un changement d\u2019adresse, \u00e0 des certificats d\u2019actions perdus, \u00e0 des transferts de succession, ou [&hellip;]\" \/>\n<meta property=\"og:url\" content=\"https:\/\/groupedevonian.com\/fr\/communiques-de-presse\/informations-pour-les-investisseurs\/\" \/>\n<meta property=\"og:site_name\" content=\"DEVONIAN HEALTH GROUP INC.\" \/>\n<meta property=\"article:modified_time\" content=\"2026-03-30T22:41:01+00:00\" \/>\n<meta name=\"twitter:card\" content=\"summary_large_image\" \/>\n<meta name=\"twitter:label1\" content=\"Dur\u00e9e de lecture estim\u00e9e\" \/>\n\t<meta name=\"twitter:data1\" content=\"2 minutes\" \/>\n<script type=\"application\/ld+json\" class=\"yoast-schema-graph\">{\"@context\":\"https:\\\/\\\/schema.org\",\"@graph\":[{\"@type\":\"WebPage\",\"@id\":\"https:\\\/\\\/groupedevonian.com\\\/fr\\\/communiques-de-presse\\\/informations-pour-les-investisseurs\\\/\",\"url\":\"https:\\\/\\\/groupedevonian.com\\\/fr\\\/communiques-de-presse\\\/informations-pour-les-investisseurs\\\/\",\"name\":\"Investisseurs et renseignements boursiers - DEVONIAN HEALTH GROUP INC.\",\"isPartOf\":{\"@id\":\"https:\\\/\\\/groupedevonian.com\\\/fr\\\/#website\"},\"datePublished\":\"2016-10-06T10:11:52+00:00\",\"dateModified\":\"2026-03-30T22:41:01+00:00\",\"breadcrumb\":{\"@id\":\"https:\\\/\\\/groupedevonian.com\\\/fr\\\/communiques-de-presse\\\/informations-pour-les-investisseurs\\\/#breadcrumb\"},\"inLanguage\":\"fr-FR\",\"potentialAction\":[{\"@type\":\"ReadAction\",\"target\":[\"https:\\\/\\\/groupedevonian.com\\\/fr\\\/communiques-de-presse\\\/informations-pour-les-investisseurs\\\/\"]}]},{\"@type\":\"BreadcrumbList\",\"@id\":\"https:\\\/\\\/groupedevonian.com\\\/fr\\\/communiques-de-presse\\\/informations-pour-les-investisseurs\\\/#breadcrumb\",\"itemListElement\":[{\"@type\":\"ListItem\",\"position\":1,\"name\":\"Home\",\"item\":\"https:\\\/\\\/groupedevonian.com\\\/fr\\\/\"},{\"@type\":\"ListItem\",\"position\":2,\"name\":\"INVESTISSEURS\",\"item\":\"https:\\\/\\\/groupedevonian.com\\\/fr\\\/investor-center\\\/\"},{\"@type\":\"ListItem\",\"position\":3,\"name\":\"Investisseurs et renseignements boursiers\"}]},{\"@type\":\"WebSite\",\"@id\":\"https:\\\/\\\/groupedevonian.com\\\/fr\\\/#website\",\"url\":\"https:\\\/\\\/groupedevonian.com\\\/fr\\\/\",\"name\":\"DEVONIAN HEALTH GROUP INC.\",\"description\":\"Botanical pharmaceutical corporation\",\"publisher\":{\"@id\":\"https:\\\/\\\/groupedevonian.com\\\/fr\\\/#organization\"},\"potentialAction\":[{\"@type\":\"SearchAction\",\"target\":{\"@type\":\"EntryPoint\",\"urlTemplate\":\"https:\\\/\\\/groupedevonian.com\\\/fr\\\/?s={search_term_string}\"},\"query-input\":{\"@type\":\"PropertyValueSpecification\",\"valueRequired\":true,\"valueName\":\"search_term_string\"}}],\"inLanguage\":\"fr-FR\"},{\"@type\":\"Organization\",\"@id\":\"https:\\\/\\\/groupedevonian.com\\\/fr\\\/#organization\",\"name\":\"Groupe Sant\u00e9 Devonian inc.\",\"alternateName\":\"Groupe Sant\u00e9 Devonian inc.\",\"url\":\"https:\\\/\\\/groupedevonian.com\\\/fr\\\/\",\"logo\":{\"@type\":\"ImageObject\",\"inLanguage\":\"fr-FR\",\"@id\":\"https:\\\/\\\/groupedevonian.com\\\/fr\\\/#\\\/schema\\\/logo\\\/image\\\/\",\"url\":\"https:\\\/\\\/groupedevonian.com\\\/wp-content\\\/uploads\\\/2022\\\/05\\\/logo-devonian-2x.png\",\"contentUrl\":\"https:\\\/\\\/groupedevonian.com\\\/wp-content\\\/uploads\\\/2022\\\/05\\\/logo-devonian-2x.png\",\"width\":309,\"height\":183,\"caption\":\"Groupe Sant\u00e9 Devonian inc.\"},\"image\":{\"@id\":\"https:\\\/\\\/groupedevonian.com\\\/fr\\\/#\\\/schema\\\/logo\\\/image\\\/\"}}]}<\/script>\n<!-- \/ Yoast SEO plugin. -->","yoast_head_json":{"title":"Investisseurs et renseignements boursiers - DEVONIAN HEALTH GROUP INC.","robots":{"index":"index","follow":"follow","max-snippet":"max-snippet:-1","max-image-preview":"max-image-preview:large","max-video-preview":"max-video-preview:-1"},"canonical":"https:\/\/groupedevonian.com\/fr\/communiques-de-presse\/informations-pour-les-investisseurs\/","og_locale":"fr_FR","og_type":"article","og_title":"Investisseurs et renseignements boursiers - DEVONIAN HEALTH GROUP INC.","og_description":"Investisseurs et renseignements boursiersCentre des investisseursSymbole boursierTSXv : GSDOTCQB : DVHGFAgent de transfert et registraireTrust TSX CompanyAssembl\u00e9e g\u00e9n\u00e9rale annuelle des actionnaires, 20 mars 2025Assembl\u00e9e g\u00e9n\u00e9rale annuelle des actionnaires, 20 f\u00e9vrier 2024Pour toute question relative \u00e0 une modification de l\u2019immatriculation d\u2019actions, \u00e0 un changement d\u2019adresse, \u00e0 des certificats d\u2019actions perdus, \u00e0 des transferts de succession, ou [&hellip;]","og_url":"https:\/\/groupedevonian.com\/fr\/communiques-de-presse\/informations-pour-les-investisseurs\/","og_site_name":"DEVONIAN HEALTH GROUP INC.","article_modified_time":"2026-03-30T22:41:01+00:00","twitter_card":"summary_large_image","twitter_misc":{"Dur\u00e9e de lecture estim\u00e9e":"2 minutes"},"schema":{"@context":"https:\/\/schema.org","@graph":[{"@type":"WebPage","@id":"https:\/\/groupedevonian.com\/fr\/communiques-de-presse\/informations-pour-les-investisseurs\/","url":"https:\/\/groupedevonian.com\/fr\/communiques-de-presse\/informations-pour-les-investisseurs\/","name":"Investisseurs et renseignements boursiers - DEVONIAN HEALTH GROUP INC.","isPartOf":{"@id":"https:\/\/groupedevonian.com\/fr\/#website"},"datePublished":"2016-10-06T10:11:52+00:00","dateModified":"2026-03-30T22:41:01+00:00","breadcrumb":{"@id":"https:\/\/groupedevonian.com\/fr\/communiques-de-presse\/informations-pour-les-investisseurs\/#breadcrumb"},"inLanguage":"fr-FR","potentialAction":[{"@type":"ReadAction","target":["https:\/\/groupedevonian.com\/fr\/communiques-de-presse\/informations-pour-les-investisseurs\/"]}]},{"@type":"BreadcrumbList","@id":"https:\/\/groupedevonian.com\/fr\/communiques-de-presse\/informations-pour-les-investisseurs\/#breadcrumb","itemListElement":[{"@type":"ListItem","position":1,"name":"Home","item":"https:\/\/groupedevonian.com\/fr\/"},{"@type":"ListItem","position":2,"name":"INVESTISSEURS","item":"https:\/\/groupedevonian.com\/fr\/investor-center\/"},{"@type":"ListItem","position":3,"name":"Investisseurs et renseignements boursiers"}]},{"@type":"WebSite","@id":"https:\/\/groupedevonian.com\/fr\/#website","url":"https:\/\/groupedevonian.com\/fr\/","name":"DEVONIAN HEALTH GROUP INC.","description":"Botanical pharmaceutical corporation","publisher":{"@id":"https:\/\/groupedevonian.com\/fr\/#organization"},"potentialAction":[{"@type":"SearchAction","target":{"@type":"EntryPoint","urlTemplate":"https:\/\/groupedevonian.com\/fr\/?s={search_term_string}"},"query-input":{"@type":"PropertyValueSpecification","valueRequired":true,"valueName":"search_term_string"}}],"inLanguage":"fr-FR"},{"@type":"Organization","@id":"https:\/\/groupedevonian.com\/fr\/#organization","name":"Groupe Sant\u00e9 Devonian inc.","alternateName":"Groupe Sant\u00e9 Devonian inc.","url":"https:\/\/groupedevonian.com\/fr\/","logo":{"@type":"ImageObject","inLanguage":"fr-FR","@id":"https:\/\/groupedevonian.com\/fr\/#\/schema\/logo\/image\/","url":"https:\/\/groupedevonian.com\/wp-content\/uploads\/2022\/05\/logo-devonian-2x.png","contentUrl":"https:\/\/groupedevonian.com\/wp-content\/uploads\/2022\/05\/logo-devonian-2x.png","width":309,"height":183,"caption":"Groupe Sant\u00e9 Devonian inc."},"image":{"@id":"https:\/\/groupedevonian.com\/fr\/#\/schema\/logo\/image\/"}}]}},"_links":{"self":[{"href":"https:\/\/groupedevonian.com\/fr\/wp-json\/wp\/v2\/pages\/1857","targetHints":{"allow":["GET"]}}],"collection":[{"href":"https:\/\/groupedevonian.com\/fr\/wp-json\/wp\/v2\/pages"}],"about":[{"href":"https:\/\/groupedevonian.com\/fr\/wp-json\/wp\/v2\/types\/page"}],"author":[{"embeddable":true,"href":"https:\/\/groupedevonian.com\/fr\/wp-json\/wp\/v2\/users\/3"}],"replies":[{"embeddable":true,"href":"https:\/\/groupedevonian.com\/fr\/wp-json\/wp\/v2\/comments?post=1857"}],"version-history":[{"count":6,"href":"https:\/\/groupedevonian.com\/fr\/wp-json\/wp\/v2\/pages\/1857\/revisions"}],"predecessor-version":[{"id":13301,"href":"https:\/\/groupedevonian.com\/fr\/wp-json\/wp\/v2\/pages\/1857\/revisions\/13301"}],"up":[{"embeddable":true,"href":"https:\/\/groupedevonian.com\/fr\/wp-json\/wp\/v2\/pages\/1775"}],"wp:attachment":[{"href":"https:\/\/groupedevonian.com\/fr\/wp-json\/wp\/v2\/media?parent=1857"}],"curies":[{"name":"wp","href":"https:\/\/api.w.org\/{rel}","templated":true}]}}