{"id":1852,"date":"2016-10-06T06:14:14","date_gmt":"2016-10-06T10:14:14","guid":{"rendered":"http:\/\/groupedevonian.com\/en\/fr\/?page_id=1852"},"modified":"2026-03-14T00:41:51","modified_gmt":"2026-03-14T04:41:51","slug":"regie-dentreprise","status":"publish","type":"page","link":"https:\/\/groupedevonian.com\/fr\/communiques-de-presse\/regie-dentreprise\/","title":{"rendered":"Gouvernance d\u2019entreprise"},"content":{"rendered":"<p>[et_pb_section fb_built=\u00a0\u00bb1&Prime; specialty=\u00a0\u00bbon\u00a0\u00bb _builder_version=\u00a0\u00bb4.27.5&Prime; _module_preset=\u00a0\u00bbdefault\u00a0\u00bb inner_width=\u00a0\u00bb80%\u00a0\u00bb inner_max_width=\u00a0\u00bb80%\u00a0\u00bb custom_padding=\u00a0\u00bb130px||130px||true|false\u00a0\u00bb top_divider_color=\u00a0\u00bb#1B303B\u00a0\u00bb top_divider_height=\u00a0\u00bb50px\u00a0\u00bb bottom_divider_color=\u00a0\u00bb#1F386B\u00a0\u00bb bottom_divider_height=\u00a0\u00bb50px\u00a0\u00bb bottom_divider_flip=\u00a0\u00bbhorizontal\u00a0\u00bb custom_css_main_element=\u00a0\u00bbbackground: url(\/wp-content\/uploads\/2025\/11\/dots-br.png), url(\/wp-content\/uploads\/2025\/11\/lines-bl.png), url(\/wp-content\/uploads\/2025\/11\/dots-tl.png), url(\/wp-content\/uploads\/2025\/11\/lueur-bl-v2.png) !important;||background-repeat: no-repeat !important;||background-position: right bottom, left bottom, left top, left bottom  !important;||background-size: auto !important;\u00a0\u00bb global_colors_info=\u00a0\u00bb{}\u00a0\u00bb custom_css_main_element_last_edited=\u00a0\u00bbon|phone\u00a0\u00bb custom_css_main_element_tablet=\u00a0\u00bbbackground: url(\/wp-content\/uploads\/2025\/11\/dots-br.png)\/*, url(\/wp-content\/uploads\/2025\/11\/lines-bl.png)*\/, url(\/wp-content\/uploads\/2025\/12\/dot-top-right.png)\/*, url(\/wp-content\/uploads\/2025\/11\/lueur-bl-v2.png)*\/ !important;||background-repeat: no-repeat !important;||background-position: right bottom\/*, left bottom*\/, right top\/*, left bottom *\/ !important;||background-size: auto !important;\u00a0\u00bb custom_css_main_element_phone=\u00a0\u00bbbackground:none !important;\u00a0\u00bb][et_pb_column type=\u00a0\u00bb1_4&Prime; _builder_version=\u00a0\u00bb4.16&Prime; custom_padding=\u00a0\u00bb|||\u00a0\u00bb global_colors_info=\u00a0\u00bb{}\u00a0\u00bb custom_padding__hover=\u00a0\u00bb|||\u00a0\u00bb]<\/p>\n<p>[et_pb_sidebar area=\u00a0\u00bbet_pb_widget_area_1&Prime; _builder_version=\u00a0\u00bb4.27.4&Prime; _module_preset=\u00a0\u00bbdefault\u00a0\u00bb header_text_color=\u00a0\u00bb#4b8496&Prime; header_font_size=\u00a0\u00bb26px\u00a0\u00bb width=\u00a0\u00bb101%\u00a0\u00bb max_width=\u00a0\u00bb101%\u00a0\u00bb custom_margin=\u00a0\u00bb||||false|false\u00a0\u00bb filter_hue_rotate=\u00a0\u00bb30deg\u00a0\u00bb global_colors_info=\u00a0\u00bb{}\u00a0\u00bb][\/et_pb_sidebar]<\/p>\n<p>[\/et_pb_column][et_pb_column type=\u00a0\u00bb3_4&Prime; specialty_columns=\u00a0\u00bb3&Prime; _builder_version=\u00a0\u00bb4.16&Prime; custom_padding=\u00a0\u00bb|||\u00a0\u00bb global_colors_info=\u00a0\u00bb{}\u00a0\u00bb custom_padding__hover=\u00a0\u00bb|||\u00a0\u00bb][et_pb_row_inner custom_padding_last_edited=\u00a0\u00bbon|tablet\u00a0\u00bb _builder_version=\u00a0\u00bb4.27.4&Prime; _module_preset=\u00a0\u00bbdefault\u00a0\u00bb background_enable_image=\u00a0\u00bboff\u00a0\u00bb background_size=\u00a0\u00bbcontain\u00a0\u00bb background_blend=\u00a0\u00bbsoft-light\u00a0\u00bb max_width=\u00a0\u00bb80%\u00a0\u00bb custom_margin_tablet=\u00a0\u00bb0px||||false|false\u00a0\u00bb custom_margin_phone=\u00a0\u00bb0px||||false|false\u00a0\u00bb custom_margin_last_edited=\u00a0\u00bbon|tablet\u00a0\u00bb custom_padding=\u00a0\u00bb||23px||false|false\u00a0\u00bb custom_padding_tablet=\u00a0\u00bb0px||||false|false\u00a0\u00bb custom_padding_phone=\u00a0\u00bb0px||||false|false\u00a0\u00bb global_colors_info=\u00a0\u00bb{}\u00a0\u00bb][et_pb_column_inner saved_specialty_column_type=\u00a0\u00bb3_4&Prime; _builder_version=\u00a0\u00bb4.27.4&Prime; _module_preset=\u00a0\u00bbdefault\u00a0\u00bb global_colors_info=\u00a0\u00bb{}\u00a0\u00bb][et_pb_text admin_label=\u00a0\u00bbCorporate Governance\u00a0\u00bb _builder_version=\u00a0\u00bb4.27.5&Prime; _module_preset=\u00a0\u00bbdefault\u00a0\u00bb header_2_text_color=\u00a0\u00bb#1F386B\u00a0\u00bb header_2_font_size=\u00a0\u00bb36px\u00a0\u00bb background_enable_color=\u00a0\u00bboff\u00a0\u00bb global_colors_info=\u00a0\u00bb{}\u00a0\u00bb]<\/p>\n<h2><strong>Gouvernance d\u2019entreprise<\/strong><\/h2>\n<p>[\/et_pb_text][\/et_pb_column_inner][\/et_pb_row_inner][et_pb_row_inner column_structure=\u00a0\u00bb1_2,1_2&Prime; custom_padding_last_edited=\u00a0\u00bbon|tablet\u00a0\u00bb _builder_version=\u00a0\u00bb4.27.4&Prime; _module_preset=\u00a0\u00bbdefault\u00a0\u00bb background_enable_image=\u00a0\u00bboff\u00a0\u00bb background_size=\u00a0\u00bbcontain\u00a0\u00bb background_blend=\u00a0\u00bbsoft-light\u00a0\u00bb max_width=\u00a0\u00bb80%\u00a0\u00bb custom_margin_tablet=\u00a0\u00bb0px||||false|false\u00a0\u00bb custom_margin_phone=\u00a0\u00bb0px||||false|false\u00a0\u00bb custom_margin_last_edited=\u00a0\u00bbon|tablet\u00a0\u00bb custom_padding=\u00a0\u00bb0px||0px|||\u00a0\u00bb custom_padding_tablet=\u00a0\u00bb0px||||false|false\u00a0\u00bb custom_padding_phone=\u00a0\u00bb0px||||false|false\u00a0\u00bb global_colors_info=\u00a0\u00bb{}\u00a0\u00bb][et_pb_column_inner type=\u00a0\u00bb1_2&Prime; saved_specialty_column_type=\u00a0\u00bb3_4&Prime; _builder_version=\u00a0\u00bb4.27.4&Prime; _module_preset=\u00a0\u00bbdefault\u00a0\u00bb global_colors_info=\u00a0\u00bb{}\u00a0\u00bb][et_pb_text admin_label=\u00a0\u00bbBoard of Directors\u00a0\u00bb _builder_version=\u00a0\u00bb4.27.4&Prime; _module_preset=\u00a0\u00bbdefault\u00a0\u00bb header_2_text_color=\u00a0\u00bb#1F386B\u00a0\u00bb width=\u00a0\u00bb100%\u00a0\u00bb max_width=\u00a0\u00bb100%\u00a0\u00bb custom_margin=\u00a0\u00bb|0px|||false|false\u00a0\u00bb custom_padding=\u00a0\u00bb|0px|||false|false\u00a0\u00bb hover_enabled=\u00a0\u00bb0&Prime; global_colors_info=\u00a0\u00bb{}\u00a0\u00bb sticky_enabled=\u00a0\u00bb0&Prime;]<\/p>\n<h2>Conseil d\u2019administration<\/h2>\n<p>[\/et_pb_text][\/et_pb_column_inner][et_pb_column_inner type=\u00a0\u00bb1_2&Prime; saved_specialty_column_type=\u00a0\u00bb3_4&Prime; _builder_version=\u00a0\u00bb4.27.4&Prime; _module_preset=\u00a0\u00bbdefault\u00a0\u00bb global_colors_info=\u00a0\u00bb{}\u00a0\u00bb][et_pb_text admin_label=\u00a0\u00bbPolicies\u00a0\u00bb _builder_version=\u00a0\u00bb4.27.4&Prime; _module_preset=\u00a0\u00bbdefault\u00a0\u00bb header_2_text_color=\u00a0\u00bb#1F386B\u00a0\u00bb width=\u00a0\u00bb100%\u00a0\u00bb max_width=\u00a0\u00bb100%\u00a0\u00bb custom_margin=\u00a0\u00bb|0px|||false|false\u00a0\u00bb custom_padding=\u00a0\u00bb|0px|||false|false\u00a0\u00bb hover_enabled=\u00a0\u00bb0&Prime; global_colors_info=\u00a0\u00bb{}\u00a0\u00bb sticky_enabled=\u00a0\u00bb0&Prime;]<\/p>\n<h2>Politiques<\/h2>\n<p>[\/et_pb_text][\/et_pb_column_inner][\/et_pb_row_inner][et_pb_row_inner column_structure=\u00a0\u00bb1_2,1_2&Prime; custom_padding_last_edited=\u00a0\u00bbon|tablet\u00a0\u00bb _builder_version=\u00a0\u00bb4.27.4&Prime; _module_preset=\u00a0\u00bbdefault\u00a0\u00bb background_enable_image=\u00a0\u00bboff\u00a0\u00bb background_size=\u00a0\u00bbcontain\u00a0\u00bb background_blend=\u00a0\u00bbsoft-light\u00a0\u00bb max_width=\u00a0\u00bb80%\u00a0\u00bb custom_margin_tablet=\u00a0\u00bb0px||||false|false\u00a0\u00bb custom_margin_phone=\u00a0\u00bb0px||||false|false\u00a0\u00bb custom_margin_last_edited=\u00a0\u00bbon|tablet\u00a0\u00bb custom_padding=\u00a0\u00bb0px|||||\u00a0\u00bb custom_padding_tablet=\u00a0\u00bb0px||||false|false\u00a0\u00bb custom_padding_phone=\u00a0\u00bb0px||||false|false\u00a0\u00bb global_colors_info=\u00a0\u00bb{}\u00a0\u00bb][et_pb_column_inner type=\u00a0\u00bb1_2&Prime; saved_specialty_column_type=\u00a0\u00bb3_4&Prime; _builder_version=\u00a0\u00bb4.27.4&Prime; _module_preset=\u00a0\u00bbdefault\u00a0\u00bb global_colors_info=\u00a0\u00bb{}\u00a0\u00bb][et_pb_text admin_label=\u00a0\u00bbCharter&#8230;\u00a0\u00bb _builder_version=\u00a0\u00bb4.27.6&Prime; _module_preset=\u00a0\u00bbdefault\u00a0\u00bb header_2_text_color=\u00a0\u00bb#4b8496&Prime; width=\u00a0\u00bb100%\u00a0\u00bb max_width=\u00a0\u00bb100%\u00a0\u00bb custom_margin=\u00a0\u00bb|0px|||false|false\u00a0\u00bb custom_padding=\u00a0\u00bb|0px|||false|false\u00a0\u00bb hover_enabled=\u00a0\u00bb0&Prime; global_colors_info=\u00a0\u00bb{}\u00a0\u00bb sticky_enabled=\u00a0\u00bb0&Prime;]<\/p>\n<ul>\n<li><a href=\"https:\/\/groupedevonian.com\/wp-content\/uploads\/2026\/03\/Charte-comite-audit-fr-2025.pdf\">Charte<\/a><\/li>\n<li><a href=\"https:\/\/groupedevonian.com\/fr\/our-company\/survol-corporatif\/\">Membres<\/a><\/li>\n<li><a href=\"https:\/\/groupedevonian.com\/wp-content\/uploads\/2026\/03\/Charte_du_Comite_des_Finances_Biotech.pdf\">Charte du comit\u00e9 d&rsquo;audit<\/a><\/li>\n<li><a href=\"https:\/\/groupedevonian.com\/wp-content\/uploads\/2024\/02\/Human-Resources-Charter.pdf\">Charte du comit\u00e9 des ressources humaines<\/a><\/li>\n<li><a href=\"https:\/\/groupedevonian.com\/wp-content\/uploads\/2024\/02\/Scientific-Advisory-Charter.pdf\">Charte du comit\u00e9 consultatif scientifique<\/a><\/li>\n<\/ul>\n<p>[\/et_pb_text][\/et_pb_column_inner][et_pb_column_inner type=\u00a0\u00bb1_2&Prime; saved_specialty_column_type=\u00a0\u00bb3_4&Prime; _builder_version=\u00a0\u00bb4.27.4&Prime; _module_preset=\u00a0\u00bbdefault\u00a0\u00bb global_colors_info=\u00a0\u00bb{}\u00a0\u00bb][et_pb_text admin_label=\u00a0\u00bbCode of Business Conduct&#8230;\u00a0\u00bb _builder_version=\u00a0\u00bb4.27.6&Prime; _module_preset=\u00a0\u00bbdefault\u00a0\u00bb header_2_text_color=\u00a0\u00bb#4b8496&Prime; width=\u00a0\u00bb100%\u00a0\u00bb max_width=\u00a0\u00bb100%\u00a0\u00bb custom_margin=\u00a0\u00bb|0px|||false|false\u00a0\u00bb custom_padding=\u00a0\u00bb|0px|||false|false\u00a0\u00bb hover_enabled=\u00a0\u00bb0&Prime; global_colors_info=\u00a0\u00bb{}\u00a0\u00bb sticky_enabled=\u00a0\u00bb0&Prime;]<\/p>\n<ul>\n<li><a href=\"\/wp-content\/uploads\/2025\/11\/Code-de-conduite-des-fournisseurs.pdf\" target=\"_blank\" rel=\"noopener\">Code de conduite des fournisseurs<\/a><\/li>\n<li><a href=\"\/wp-content\/uploads\/2025\/10\/DEVONIAN-Code-de-conduite-professionnelle_2025.pdf\" target=\"_blank\" rel=\"noopener\">Code de conduite professionnelle<\/a><\/li>\n<li><a href=\"https:\/\/devo2025.acxcomdev.com\/wp-content\/uploads\/2024\/02\/Politique-en-Matiere-de-Delits-dInities.pdf\" target=\"_blank\" rel=\"noopener noreferrer\">Politique en mati\u00e8re de d\u00e9lits d\u2019Initi\u00e9s<\/a><\/li>\n<li><a href=\"\/wp-content\/uploads\/2025\/10\/Whistleblower-Opening-Note.pdf\" target=\"_blank\" rel=\"noopener\">Lettre d&rsquo;ouverture en mati\u00e8re de d\u00e9nonciation (anglais seulement)<\/a><\/li>\n<li><a href=\"https:\/\/devo2025.acxcomdev.com\/wp-content\/uploads\/2025\/02\/Devonian-Sun-Whistleblower-Policy-2025-FR.pdf\" target=\"_blank\" rel=\"noopener noreferrer\">Politique en mati\u00e8re de d\u00e9nonciation 2025<\/a><\/li>\n<li><a href=\"https:\/\/devo2025.acxcomdev.com\/wp-content\/uploads\/2024\/02\/Politique-de-Recuperation-de-Remuneration-Incitative.pdf\" target=\"_blank\" rel=\"noopener noreferrer\">Politique de r\u00e9cup\u00e9ration de r\u00e9mun\u00e9ration incitative<\/a><\/li>\n<li><a href=\"https:\/\/groupedevonian.com\/wp-content\/uploads\/2026\/01\/Rapport-Annuel-GSD-Lutte-esclavage-2025-V-FR-.pdf\" target=\"_blank\" rel=\"noopener noreferrer\">Rapport annuel loi sur la lutte contre le travail forc\u00e9 et le travail des enfants dans les cha\u00eenes d\u2019approvisionnement<\/a><\/li>\n<li><a href=\"https:\/\/groupedevonian.com\/wp-content\/uploads\/2026\/03\/Declaration_Pratiques_Environnementales_Biotech.pdf\" target=\"_blank\" rel=\"noopener\">D\u00e9claration des pratiques environnementales Biotech<\/a><\/li>\n<li><a href=\"https:\/\/groupedevonian.com\/wp-content\/uploads\/2026\/03\/Declaration_Droits_de_l_Homme_Biotech.pdf\" target=\"_blank\" rel=\"noopener\">D\u00e9claration des droits de l&rsquo;homme Biotech<\/a><\/li>\n<li><a href=\"https:\/\/groupedevonian.com\/wp-content\/uploads\/2026\/03\/Devonian_Anti-Corruption_Policy_FR_Complete_Final.pdf\" target=\"_blank\" rel=\"noopener\">Politique anti-corruption et anti-pot-de-vin<\/a><\/li>\n<\/ul>\n<p>[\/et_pb_text][\/et_pb_column_inner][\/et_pb_row_inner][\/et_pb_column][\/et_pb_section]<\/p>\n","protected":false},"excerpt":{"rendered":"<p>Gouvernance d\u2019entrepriseConseil d\u2019administrationPolitiques Charte Membres Charte du comit\u00e9 d&rsquo;audit Charte du comit\u00e9 des ressources humaines Charte du comit\u00e9 consultatif scientifique Code de conduite des fournisseurs Code de conduite professionnelle Politique en mati\u00e8re de d\u00e9lits d\u2019Initi\u00e9s Lettre d&rsquo;ouverture en mati\u00e8re de d\u00e9nonciation (anglais seulement) Politique en mati\u00e8re de d\u00e9nonciation 2025 Politique de r\u00e9cup\u00e9ration de r\u00e9mun\u00e9ration incitative [&hellip;]<\/p>\n","protected":false},"author":3,"featured_media":0,"parent":1775,"menu_order":7,"comment_status":"closed","ping_status":"closed","template":"","meta":{"_et_pb_use_builder":"on","_et_pb_old_content":"","_et_gb_content_width":"","footnotes":""},"class_list":["post-1852","page","type-page","status-publish","hentry"],"yoast_head":"<!-- This site is optimized with the Yoast SEO plugin v27.3 - https:\/\/yoast.com\/product\/yoast-seo-wordpress\/ -->\n<title>Gouvernance d\u2019entreprise - DEVONIAN HEALTH GROUP INC.<\/title>\n<meta name=\"robots\" content=\"index, follow, max-snippet:-1, max-image-preview:large, max-video-preview:-1\" \/>\n<link rel=\"canonical\" href=\"https:\/\/groupedevonian.com\/fr\/communiques-de-presse\/regie-dentreprise\/\" \/>\n<meta property=\"og:locale\" content=\"fr_FR\" \/>\n<meta property=\"og:type\" content=\"article\" \/>\n<meta property=\"og:title\" content=\"Gouvernance d\u2019entreprise - DEVONIAN HEALTH GROUP INC.\" \/>\n<meta property=\"og:description\" content=\"Gouvernance d\u2019entrepriseConseil d\u2019administrationPolitiques Charte Membres Charte du comit\u00e9 d&#039;audit Charte du comit\u00e9 des ressources humaines Charte du comit\u00e9 consultatif scientifique Code de conduite des fournisseurs Code de conduite professionnelle Politique en mati\u00e8re de d\u00e9lits d\u2019Initi\u00e9s Lettre d&#039;ouverture en mati\u00e8re de d\u00e9nonciation (anglais seulement) Politique en mati\u00e8re de d\u00e9nonciation 2025 Politique de r\u00e9cup\u00e9ration de r\u00e9mun\u00e9ration incitative [&hellip;]\" \/>\n<meta property=\"og:url\" content=\"https:\/\/groupedevonian.com\/fr\/communiques-de-presse\/regie-dentreprise\/\" \/>\n<meta property=\"og:site_name\" content=\"DEVONIAN HEALTH GROUP INC.\" \/>\n<meta property=\"article:modified_time\" content=\"2026-03-14T04:41:51+00:00\" \/>\n<meta name=\"twitter:card\" content=\"summary_large_image\" \/>\n<meta name=\"twitter:label1\" content=\"Dur\u00e9e de lecture estim\u00e9e\" \/>\n\t<meta name=\"twitter:data1\" content=\"1 minute\" \/>\n<script type=\"application\/ld+json\" class=\"yoast-schema-graph\">{\"@context\":\"https:\\\/\\\/schema.org\",\"@graph\":[{\"@type\":\"WebPage\",\"@id\":\"https:\\\/\\\/groupedevonian.com\\\/fr\\\/communiques-de-presse\\\/regie-dentreprise\\\/\",\"url\":\"https:\\\/\\\/groupedevonian.com\\\/fr\\\/communiques-de-presse\\\/regie-dentreprise\\\/\",\"name\":\"Gouvernance d\u2019entreprise - DEVONIAN HEALTH GROUP INC.\",\"isPartOf\":{\"@id\":\"https:\\\/\\\/groupedevonian.com\\\/fr\\\/#website\"},\"datePublished\":\"2016-10-06T10:14:14+00:00\",\"dateModified\":\"2026-03-14T04:41:51+00:00\",\"breadcrumb\":{\"@id\":\"https:\\\/\\\/groupedevonian.com\\\/fr\\\/communiques-de-presse\\\/regie-dentreprise\\\/#breadcrumb\"},\"inLanguage\":\"fr-FR\",\"potentialAction\":[{\"@type\":\"ReadAction\",\"target\":[\"https:\\\/\\\/groupedevonian.com\\\/fr\\\/communiques-de-presse\\\/regie-dentreprise\\\/\"]}]},{\"@type\":\"BreadcrumbList\",\"@id\":\"https:\\\/\\\/groupedevonian.com\\\/fr\\\/communiques-de-presse\\\/regie-dentreprise\\\/#breadcrumb\",\"itemListElement\":[{\"@type\":\"ListItem\",\"position\":1,\"name\":\"Home\",\"item\":\"https:\\\/\\\/groupedevonian.com\\\/fr\\\/\"},{\"@type\":\"ListItem\",\"position\":2,\"name\":\"INVESTISSEURS\",\"item\":\"https:\\\/\\\/groupedevonian.com\\\/fr\\\/investor-center\\\/\"},{\"@type\":\"ListItem\",\"position\":3,\"name\":\"Gouvernance d\u2019entreprise\"}]},{\"@type\":\"WebSite\",\"@id\":\"https:\\\/\\\/groupedevonian.com\\\/fr\\\/#website\",\"url\":\"https:\\\/\\\/groupedevonian.com\\\/fr\\\/\",\"name\":\"DEVONIAN HEALTH GROUP INC.\",\"description\":\"Botanical pharmaceutical corporation\",\"publisher\":{\"@id\":\"https:\\\/\\\/groupedevonian.com\\\/fr\\\/#organization\"},\"potentialAction\":[{\"@type\":\"SearchAction\",\"target\":{\"@type\":\"EntryPoint\",\"urlTemplate\":\"https:\\\/\\\/groupedevonian.com\\\/fr\\\/?s={search_term_string}\"},\"query-input\":{\"@type\":\"PropertyValueSpecification\",\"valueRequired\":true,\"valueName\":\"search_term_string\"}}],\"inLanguage\":\"fr-FR\"},{\"@type\":\"Organization\",\"@id\":\"https:\\\/\\\/groupedevonian.com\\\/fr\\\/#organization\",\"name\":\"Groupe Sant\u00e9 Devonian inc.\",\"alternateName\":\"Groupe Sant\u00e9 Devonian inc.\",\"url\":\"https:\\\/\\\/groupedevonian.com\\\/fr\\\/\",\"logo\":{\"@type\":\"ImageObject\",\"inLanguage\":\"fr-FR\",\"@id\":\"https:\\\/\\\/groupedevonian.com\\\/fr\\\/#\\\/schema\\\/logo\\\/image\\\/\",\"url\":\"https:\\\/\\\/groupedevonian.com\\\/wp-content\\\/uploads\\\/2022\\\/05\\\/logo-devonian-2x.png\",\"contentUrl\":\"https:\\\/\\\/groupedevonian.com\\\/wp-content\\\/uploads\\\/2022\\\/05\\\/logo-devonian-2x.png\",\"width\":309,\"height\":183,\"caption\":\"Groupe Sant\u00e9 Devonian inc.\"},\"image\":{\"@id\":\"https:\\\/\\\/groupedevonian.com\\\/fr\\\/#\\\/schema\\\/logo\\\/image\\\/\"}}]}<\/script>\n<!-- \/ Yoast SEO plugin. -->","yoast_head_json":{"title":"Gouvernance d\u2019entreprise - DEVONIAN HEALTH GROUP INC.","robots":{"index":"index","follow":"follow","max-snippet":"max-snippet:-1","max-image-preview":"max-image-preview:large","max-video-preview":"max-video-preview:-1"},"canonical":"https:\/\/groupedevonian.com\/fr\/communiques-de-presse\/regie-dentreprise\/","og_locale":"fr_FR","og_type":"article","og_title":"Gouvernance d\u2019entreprise - DEVONIAN HEALTH GROUP INC.","og_description":"Gouvernance d\u2019entrepriseConseil d\u2019administrationPolitiques Charte Membres Charte du comit\u00e9 d'audit Charte du comit\u00e9 des ressources humaines Charte du comit\u00e9 consultatif scientifique Code de conduite des fournisseurs Code de conduite professionnelle Politique en mati\u00e8re de d\u00e9lits d\u2019Initi\u00e9s Lettre d'ouverture en mati\u00e8re de d\u00e9nonciation (anglais seulement) Politique en mati\u00e8re de d\u00e9nonciation 2025 Politique de r\u00e9cup\u00e9ration de r\u00e9mun\u00e9ration incitative [&hellip;]","og_url":"https:\/\/groupedevonian.com\/fr\/communiques-de-presse\/regie-dentreprise\/","og_site_name":"DEVONIAN HEALTH GROUP INC.","article_modified_time":"2026-03-14T04:41:51+00:00","twitter_card":"summary_large_image","twitter_misc":{"Dur\u00e9e de lecture estim\u00e9e":"1 minute"},"schema":{"@context":"https:\/\/schema.org","@graph":[{"@type":"WebPage","@id":"https:\/\/groupedevonian.com\/fr\/communiques-de-presse\/regie-dentreprise\/","url":"https:\/\/groupedevonian.com\/fr\/communiques-de-presse\/regie-dentreprise\/","name":"Gouvernance d\u2019entreprise - DEVONIAN HEALTH GROUP INC.","isPartOf":{"@id":"https:\/\/groupedevonian.com\/fr\/#website"},"datePublished":"2016-10-06T10:14:14+00:00","dateModified":"2026-03-14T04:41:51+00:00","breadcrumb":{"@id":"https:\/\/groupedevonian.com\/fr\/communiques-de-presse\/regie-dentreprise\/#breadcrumb"},"inLanguage":"fr-FR","potentialAction":[{"@type":"ReadAction","target":["https:\/\/groupedevonian.com\/fr\/communiques-de-presse\/regie-dentreprise\/"]}]},{"@type":"BreadcrumbList","@id":"https:\/\/groupedevonian.com\/fr\/communiques-de-presse\/regie-dentreprise\/#breadcrumb","itemListElement":[{"@type":"ListItem","position":1,"name":"Home","item":"https:\/\/groupedevonian.com\/fr\/"},{"@type":"ListItem","position":2,"name":"INVESTISSEURS","item":"https:\/\/groupedevonian.com\/fr\/investor-center\/"},{"@type":"ListItem","position":3,"name":"Gouvernance d\u2019entreprise"}]},{"@type":"WebSite","@id":"https:\/\/groupedevonian.com\/fr\/#website","url":"https:\/\/groupedevonian.com\/fr\/","name":"DEVONIAN HEALTH GROUP INC.","description":"Botanical pharmaceutical corporation","publisher":{"@id":"https:\/\/groupedevonian.com\/fr\/#organization"},"potentialAction":[{"@type":"SearchAction","target":{"@type":"EntryPoint","urlTemplate":"https:\/\/groupedevonian.com\/fr\/?s={search_term_string}"},"query-input":{"@type":"PropertyValueSpecification","valueRequired":true,"valueName":"search_term_string"}}],"inLanguage":"fr-FR"},{"@type":"Organization","@id":"https:\/\/groupedevonian.com\/fr\/#organization","name":"Groupe Sant\u00e9 Devonian inc.","alternateName":"Groupe Sant\u00e9 Devonian inc.","url":"https:\/\/groupedevonian.com\/fr\/","logo":{"@type":"ImageObject","inLanguage":"fr-FR","@id":"https:\/\/groupedevonian.com\/fr\/#\/schema\/logo\/image\/","url":"https:\/\/groupedevonian.com\/wp-content\/uploads\/2022\/05\/logo-devonian-2x.png","contentUrl":"https:\/\/groupedevonian.com\/wp-content\/uploads\/2022\/05\/logo-devonian-2x.png","width":309,"height":183,"caption":"Groupe Sant\u00e9 Devonian inc."},"image":{"@id":"https:\/\/groupedevonian.com\/fr\/#\/schema\/logo\/image\/"}}]}},"_links":{"self":[{"href":"https:\/\/groupedevonian.com\/fr\/wp-json\/wp\/v2\/pages\/1852","targetHints":{"allow":["GET"]}}],"collection":[{"href":"https:\/\/groupedevonian.com\/fr\/wp-json\/wp\/v2\/pages"}],"about":[{"href":"https:\/\/groupedevonian.com\/fr\/wp-json\/wp\/v2\/types\/page"}],"author":[{"embeddable":true,"href":"https:\/\/groupedevonian.com\/fr\/wp-json\/wp\/v2\/users\/3"}],"replies":[{"embeddable":true,"href":"https:\/\/groupedevonian.com\/fr\/wp-json\/wp\/v2\/comments?post=1852"}],"version-history":[{"count":10,"href":"https:\/\/groupedevonian.com\/fr\/wp-json\/wp\/v2\/pages\/1852\/revisions"}],"predecessor-version":[{"id":13268,"href":"https:\/\/groupedevonian.com\/fr\/wp-json\/wp\/v2\/pages\/1852\/revisions\/13268"}],"up":[{"embeddable":true,"href":"https:\/\/groupedevonian.com\/fr\/wp-json\/wp\/v2\/pages\/1775"}],"wp:attachment":[{"href":"https:\/\/groupedevonian.com\/fr\/wp-json\/wp\/v2\/media?parent=1852"}],"curies":[{"name":"wp","href":"https:\/\/api.w.org\/{rel}","templated":true}]}}