{"id":1802,"date":"2016-07-15T22:37:41","date_gmt":"2016-07-16T02:37:41","guid":{"rendered":"http:\/\/groupedevonian.com\/en\/fr\/?page_id=1802"},"modified":"2026-02-06T13:58:30","modified_gmt":"2026-02-06T18:58:30","slug":"terms-of-use","status":"publish","type":"page","link":"https:\/\/groupedevonian.com\/fr\/terms-of-use\/","title":{"rendered":"CONDITIONS D\u2019UTILISATION"},"content":{"rendered":"<p>[et_pb_section fb_built=\u00a0\u00bb1&Prime; custom_padding_last_edited=\u00a0\u00bbon|tablet\u00a0\u00bb module_id=\u00a0\u00bbjb-terms-of-use\u00a0\u00bb _builder_version=\u00a0\u00bb4.27.4&Prime; _module_preset=\u00a0\u00bbdefault\u00a0\u00bb custom_padding=\u00a0\u00bb||240px||false|false\u00a0\u00bb custom_padding_tablet=\u00a0\u00bb||120px||false|false\u00a0\u00bb custom_padding_phone=\u00a0\u00bb||120px||false|false\u00a0\u00bb top_divider_color=\u00a0\u00bb#D9D9D9&Prime; bottom_divider_color=\u00a0\u00bb#eaeaea\u00a0\u00bb global_colors_info=\u00a0\u00bb{}\u00a0\u00bb][et_pb_row _builder_version=\u00a0\u00bb4.16&Prime; _module_preset=\u00a0\u00bbdefault\u00a0\u00bb global_colors_info=\u00a0\u00bb{}\u00a0\u00bb][et_pb_column type=\u00a0\u00bb4_4&Prime; _builder_version=\u00a0\u00bb4.16&Prime; _module_preset=\u00a0\u00bbdefault\u00a0\u00bb global_colors_info=\u00a0\u00bb{}\u00a0\u00bb][et_pb_text admin_label=\u00a0\u00bbIntro\u00a0\u00bb _builder_version=\u00a0\u00bb4.16&Prime; _module_preset=\u00a0\u00bbdefault\u00a0\u00bb custom_padding=\u00a0\u00bb||0px||false|false\u00a0\u00bb global_colors_info=\u00a0\u00bb{}\u00a0\u00bb]<\/p>\n<p>Le pr\u00e9sent site Web appartient \u00e0 <strong>Devonian Inc.<\/strong> (\u00ab Devonian \u00bb ou la \u00ab Soci\u00e9t\u00e9 \u00bb) et est exploit\u00e9 par celle-ci \u00e0 des fins d\u2019information et d\u2019utilisation personnelle. L\u2019utilisation que vous faites de ce site Web est assujettie aux pr\u00e9sentes modalit\u00e9s ainsi qu\u2019\u00e0 toutes les lois applicables.<\/p>\n<p><\/p>\n<p>En acc\u00e9dant \u00e0 ce site Web et en y naviguant, vous acceptez les pr\u00e9sentes modalit\u00e9s sans limitation ni r\u00e9serve. Si vous n\u2019acceptez pas l\u2019une ou l\u2019autre de ces modalit\u00e9s, veuillez ne pas utiliser ce site Web.<\/p>\n<p>[\/et_pb_text][\/et_pb_column][\/et_pb_row][et_pb_row _builder_version=\u00a0\u00bb4.16&Prime; _module_preset=\u00a0\u00bbdefault\u00a0\u00bb global_colors_info=\u00a0\u00bb{}\u00a0\u00bb][et_pb_column type=\u00a0\u00bb4_4&Prime; _builder_version=\u00a0\u00bb4.16&Prime; _module_preset=\u00a0\u00bbdefault\u00a0\u00bb global_colors_info=\u00a0\u00bb{}\u00a0\u00bb][et_pb_text admin_label=\u00a0\u00bbCopyrights and Trademarks\u00a0\u00bb _builder_version=\u00a0\u00bb4.27.4&Prime; _module_preset=\u00a0\u00bbdefault\u00a0\u00bb header_2_font=\u00a0\u00bb|300|||||||\u00a0\u00bb header_2_text_color=\u00a0\u00bb#1F386B\u00a0\u00bb custom_padding=\u00a0\u00bb||0px||false|false\u00a0\u00bb global_colors_info=\u00a0\u00bb{}\u00a0\u00bb]<\/p>\n<h2><strong>Droits d\u2019auteur et marques de commerce<\/strong><\/h2>\n<p><\/p>\n<p>Devonian est propri\u00e9taire de l\u2019ensemble du contenu figurant sur son site Web corporatif et d\u00e9tient les droits d\u2019auteur y aff\u00e9rents. Sauf indication contraire expresse, aucune personne n\u2019est autoris\u00e9e \u00e0 copier, reproduire, republier ou diffuser, sous quelque forme que ce soit, l\u2019information figurant sur le site Web de Devonian.<\/p>\n<p><\/p>\n<p>Aucun contenu provenant de ce site Web ne peut \u00eatre copi\u00e9, reproduit, republi\u00e9, t\u00e9l\u00e9charg\u00e9, affich\u00e9, transmis ou distribu\u00e9 par quelque moyen que ce soit sans l\u2019autorisation \u00e9crite pr\u00e9alable de la Soci\u00e9t\u00e9.<\/p>\n<p><\/p>\n<p>De plus, PurGenesis<sup>MC<\/sup> est une marque de commerce appartenant \u00e0 Devonian. Aucune utilisation de cette marque de commerce ne peut \u00eatre faite sans l\u2019autorisation pr\u00e9alable de la Soci\u00e9t\u00e9.<\/p>\n<p>[\/et_pb_text][\/et_pb_column][\/et_pb_row][et_pb_row _builder_version=\u00a0\u00bb4.16&Prime; _module_preset=\u00a0\u00bbdefault\u00a0\u00bb global_colors_info=\u00a0\u00bb{}\u00a0\u00bb][et_pb_column type=\u00a0\u00bb4_4&Prime; _builder_version=\u00a0\u00bb4.16&Prime; _module_preset=\u00a0\u00bbdefault\u00a0\u00bb global_colors_info=\u00a0\u00bb{}\u00a0\u00bb][et_pb_text admin_label=\u00a0\u00bbNature of Information\u00a0\u00bb _builder_version=\u00a0\u00bb4.16&Prime; _module_preset=\u00a0\u00bbdefault\u00a0\u00bb custom_padding=\u00a0\u00bb||0px||false|false\u00a0\u00bb global_colors_info=\u00a0\u00bb{}\u00a0\u00bb]<\/p>\n<h2><strong>Nature de l\u2019information<\/strong><\/h2>\n<p><\/p>\n<p>Les informations financi\u00e8res diffus\u00e9es sur le site Web de Devonian ne constituent en aucun cas une offre ou une invitation \u00e0 investir. Elles ne doivent pas \u00eatre interpr\u00e9t\u00e9es comme une incitation \u00e0 acheter, vendre ou transiger des actions ou autres titres de Devonian.<\/p>\n<p><\/p>\n<p>Par ailleurs, le site Web de Devonian peut contenir des informations concernant des pathologies et des traitements potentiels qui peuvent ne pas avoir \u00e9t\u00e9 homologu\u00e9s par les autorit\u00e9s r\u00e9glementaires comp\u00e9tentes. Ces informations sont fournies \u00e0 titre informatif uniquement et ne doivent en aucun cas \u00eatre utilis\u00e9es pour poser un diagnostic m\u00e9dical, traiter une maladie ou prescrire ou utiliser un traitement.<\/p>\n<p>[\/et_pb_text][\/et_pb_column][\/et_pb_row][et_pb_row _builder_version=\u00a0\u00bb4.16&Prime; _module_preset=\u00a0\u00bbdefault\u00a0\u00bb global_colors_info=\u00a0\u00bb{}\u00a0\u00bb][et_pb_column type=\u00a0\u00bb4_4&Prime; _builder_version=\u00a0\u00bb4.16&Prime; _module_preset=\u00a0\u00bbdefault\u00a0\u00bb global_colors_info=\u00a0\u00bb{}\u00a0\u00bb][et_pb_text admin_label=\u00a0\u00bbLimitation of Liability\u00a0\u00bb _builder_version=\u00a0\u00bb4.16&Prime; _module_preset=\u00a0\u00bbdefault\u00a0\u00bb custom_padding=\u00a0\u00bb||0px||false|false\u00a0\u00bb global_colors_info=\u00a0\u00bb{}\u00a0\u00bb]<\/p>\n<h2><strong>Exon\u00e9ration de responsabilit\u00e9<\/strong><\/h2>\n<p><\/p>\n<p>Les informations figurant sur le site Web de Devonian peuvent contenir des inexactitudes techniques ou des erreurs typographiques. Devonian d\u00e9cline toute responsabilit\u00e9 quant aux erreurs ou omissions pouvant s\u2019y retrouver, ainsi qu\u2019\u00e0 toute perte ou tout dommage, de quelque nature que ce soit, d\u00e9coulant de l\u2019utilisation de ce site Web.<\/p>\n<p><\/p>\n<p>Le site Web et l\u2019ensemble des renseignements qu\u2019il contient sont fournis \u00ab tels quels \u00bb, sans garantie d\u2019aucune nature, expresse ou implicite, y compris, sans s\u2019y limiter, toute garantie implicite de qualit\u00e9 marchande, d\u2019ad\u00e9quation \u00e0 un usage particulier ou d\u2019absence de contrefa\u00e7on.<\/p>\n<p>[\/et_pb_text][\/et_pb_column][\/et_pb_row][et_pb_row _builder_version=\u00a0\u00bb4.16&Prime; _module_preset=\u00a0\u00bbdefault\u00a0\u00bb global_colors_info=\u00a0\u00bb{}\u00a0\u00bb][et_pb_column type=\u00a0\u00bb4_4&Prime; _builder_version=\u00a0\u00bb4.16&Prime; _module_preset=\u00a0\u00bbdefault\u00a0\u00bb global_colors_info=\u00a0\u00bb{}\u00a0\u00bb][et_pb_text admin_label=\u00a0\u00bbLinks to Other Sites\u00a0\u00bb _builder_version=\u00a0\u00bb4.16&Prime; _module_preset=\u00a0\u00bbdefault\u00a0\u00bb custom_padding=\u00a0\u00bb||0px||false|false\u00a0\u00bb global_colors_info=\u00a0\u00bb{}\u00a0\u00bb]<\/p>\n<h2><strong>Liens externes<\/strong><\/h2>\n<p><\/p>\n<p>Le pr\u00e9sent site Web peut contenir des liens vers des sites Web externes. Ces liens sont fournis \u00e0 titre informatif uniquement et n\u2019impliquent aucunement que Devonian approuve le contenu de ces sites.<\/p>\n<p><\/p>\n<p>Devonian n\u2019assume aucune responsabilit\u00e9 quant au contenu des sites externes et ne fait aucune d\u00e9claration ni garantie concernant ces sites, leur contenu ou les documents qui y sont accessibles. Toute consultation de ces sites externes se fait \u00e0 vos propres risques.<\/p>\n<p>[\/et_pb_text][\/et_pb_column][\/et_pb_row][et_pb_row _builder_version=\u00a0\u00bb4.16&Prime; _module_preset=\u00a0\u00bbdefault\u00a0\u00bb global_colors_info=\u00a0\u00bb{}\u00a0\u00bb][et_pb_column type=\u00a0\u00bb4_4&Prime; _builder_version=\u00a0\u00bb4.16&Prime; _module_preset=\u00a0\u00bbdefault\u00a0\u00bb global_colors_info=\u00a0\u00bb{}\u00a0\u00bb][et_pb_text admin_label=\u00a0\u00bbChange to Terms\u00a0\u00bb _builder_version=\u00a0\u00bb4.16&Prime; _module_preset=\u00a0\u00bbdefault\u00a0\u00bb custom_padding=\u00a0\u00bb||0px||false|false\u00a0\u00bb global_colors_info=\u00a0\u00bb{}\u00a0\u00bb]<\/p>\n<h2><strong>Modification des modalit\u00e9s<\/strong><\/h2>\n<p><\/p>\n<p>Devonian se r\u00e9serve le droit de modifier ou de mettre \u00e0 jour les pr\u00e9sentes modalit\u00e9s d\u2019utilisation en tout temps, sans pr\u00e9avis. Vous acceptez d\u2019\u00eatre li\u00e9(e) par les modalit\u00e9s en vigueur au moment o\u00f9 vous acc\u00e9dez au site Web.<\/p>\n<p>[\/et_pb_text][\/et_pb_column][\/et_pb_row][et_pb_row _builder_version=\u00a0\u00bb4.16&Prime; _module_preset=\u00a0\u00bbdefault\u00a0\u00bb global_colors_info=\u00a0\u00bb{}\u00a0\u00bb][et_pb_column type=\u00a0\u00bb4_4&Prime; _builder_version=\u00a0\u00bb4.16&Prime; _module_preset=\u00a0\u00bbdefault\u00a0\u00bb global_colors_info=\u00a0\u00bb{}\u00a0\u00bb][et_pb_text admin_label=\u00a0\u00bbJurisdiction\u00a0\u00bb _builder_version=\u00a0\u00bb4.17.3&Prime; _module_preset=\u00a0\u00bbdefault\u00a0\u00bb custom_padding=\u00a0\u00bb||0px||false|false\u00a0\u00bb global_colors_info=\u00a0\u00bb{}\u00a0\u00bb]<\/p>\n<h2><strong>Droit applicable et juridiction<\/strong><\/h2>\n<p><\/p>\n<p>Le pr\u00e9sent site Web est contr\u00f4l\u00e9 et exploit\u00e9 par Devonian \u00e0 partir de <strong>Montmagny, Qu\u00e9bec (Canada)<\/strong>. Les pr\u00e9sentes conditions d\u2019utilisation sont r\u00e9gies par les lois de la province de Qu\u00e9bec et les lois f\u00e9d\u00e9rales du Canada applicables, sans \u00e9gard aux principes de conflit de lois.<\/p>\n<p>[\/et_pb_text][\/et_pb_column][\/et_pb_row][et_pb_row _builder_version=\u00a0\u00bb4.16&Prime; _module_preset=\u00a0\u00bbdefault\u00a0\u00bb global_colors_info=\u00a0\u00bb{}\u00a0\u00bb][et_pb_column type=\u00a0\u00bb4_4&Prime; _builder_version=\u00a0\u00bb4.16&Prime; _module_preset=\u00a0\u00bbdefault\u00a0\u00bb global_colors_info=\u00a0\u00bb{}\u00a0\u00bb][et_pb_text admin_label=\u00a0\u00bbWARNING \u2013 FORWARD-LOOKING STATEMENTS\u00a0\u00bb _builder_version=\u00a0\u00bb4.16&Prime; _module_preset=\u00a0\u00bbdefault\u00a0\u00bb custom_padding=\u00a0\u00bb||50px||false|false\u00a0\u00bb global_colors_info=\u00a0\u00bb{}\u00a0\u00bb]<\/p>\n<h2><strong>MISE EN GARDE \u2013 INFORMATION PROSPECTIVE<\/strong><\/h2>\n<p><\/p>\n<p>Le pr\u00e9sent site Web contient certaines d\u00e9clarations constituant de l\u2019\u00ab information prospective \u00bb au sens des lois sur les valeurs mobili\u00e8res applicables. Des termes tels que \u00ab sera \u00bb, \u00ab pourrait \u00bb, \u00ab devrait \u00bb, \u00ab perspectives \u00bb, \u00ab croit \u00bb, \u00ab planifie \u00bb, \u00ab envisage \u00bb, \u00ab anticipe \u00bb, \u00ab s\u2019attend \u00e0 \u00bb ou \u00ab estime \u00bb, ainsi que toute variation de ces termes ou expressions similaires, servent \u00e0 identifier de l\u2019information prospective.<\/p>\n<p><\/p>\n<p>L\u2019information prospective repose sur un certain nombre d\u2019hypoth\u00e8ses et est assujettie \u00e0 divers risques et incertitudes, dont plusieurs \u00e9chappent au contr\u00f4le de la Soci\u00e9t\u00e9, lesquels pourraient faire en sorte que les r\u00e9sultats r\u00e9els diff\u00e8rent sensiblement de ceux exprim\u00e9s ou sous-entendus dans cette information.<\/p>\n<p><\/p>\n<p>De plus, l\u2019information prospective refl\u00e8te les attentes actuelles de la Soci\u00e9t\u00e9 \u00e0 l\u2019\u00e9gard d\u2019\u00e9v\u00e9nements futurs et n\u2019est valable qu\u2019\u00e0 la date \u00e0 laquelle elle est communiqu\u00e9e.<\/p>\n<p><\/p>\n<p>Certains documents accessibles sur ce site Web contiennent de l\u2019information prospective et comportent des mises en garde \u00e0 cet \u00e9gard. Afin d\u2019obtenir une compr\u00e9hension globale des risques susceptibles d\u2019influer sur la r\u00e9alisation des \u00e9l\u00e9ments d\u00e9crits dans cette information, les visiteurs sont invit\u00e9s \u00e0 consulter la section <strong>\u00ab Facteurs de risque \u00bb<\/strong> du prospectus de la Soci\u00e9t\u00e9 dat\u00e9 du <strong>12 ao\u00fbt 2016<\/strong>, accessible sur le pr\u00e9sent site Web ainsi que sur <a href=\"http:\/\/www.sedar.com\" target=\"_blank\" rel=\"noopener\"><strong>www.sedar.com<\/strong><\/a>, de m\u00eame que tous les documents d\u00e9pos\u00e9s subs\u00e9quemment par la Soci\u00e9t\u00e9. Ces documents sont disponibles sur le site Web de la Soci\u00e9t\u00e9 et, lorsque requis par la loi, sur <a href=\"http:\/\/www.sedar.com\" target=\"_blank\" rel=\"noopener\"><strong>www.sedar.com<\/strong><\/a>.<\/p>\n<p><\/p>\n<p>&nbsp;<\/p>\n<p>[\/et_pb_text][\/et_pb_column][\/et_pb_row][\/et_pb_section]<\/p>\n","protected":false},"excerpt":{"rendered":"<p>Le pr\u00e9sent site Web appartient \u00e0 Devonian Inc. (\u00ab Devonian \u00bb ou la \u00ab Soci\u00e9t\u00e9 \u00bb) et est exploit\u00e9 par celle-ci \u00e0 des fins d\u2019information et d\u2019utilisation personnelle. L\u2019utilisation que vous faites de ce site Web est assujettie aux pr\u00e9sentes modalit\u00e9s ainsi qu\u2019\u00e0 toutes les lois applicables.En acc\u00e9dant \u00e0 ce site Web et en y [&hellip;]<\/p>\n","protected":false},"author":3,"featured_media":0,"parent":0,"menu_order":999,"comment_status":"closed","ping_status":"closed","template":"","meta":{"_et_pb_use_builder":"on","_et_pb_old_content":"","_et_gb_content_width":"","footnotes":""},"class_list":["post-1802","page","type-page","status-publish","hentry"],"yoast_head":"<!-- This site is optimized with the Yoast SEO plugin v27.3 - https:\/\/yoast.com\/product\/yoast-seo-wordpress\/ -->\n<title>CONDITIONS D\u2019UTILISATION - DEVONIAN HEALTH GROUP INC.<\/title>\n<meta name=\"robots\" content=\"index, follow, max-snippet:-1, max-image-preview:large, max-video-preview:-1\" \/>\n<link rel=\"canonical\" href=\"https:\/\/groupedevonian.com\/fr\/terms-of-use\/\" \/>\n<meta property=\"og:locale\" content=\"fr_FR\" \/>\n<meta property=\"og:type\" content=\"article\" \/>\n<meta property=\"og:title\" content=\"CONDITIONS D\u2019UTILISATION - DEVONIAN HEALTH GROUP INC.\" \/>\n<meta property=\"og:description\" content=\"Le pr\u00e9sent site Web appartient \u00e0 Devonian Inc. (\u00ab Devonian \u00bb ou la \u00ab Soci\u00e9t\u00e9 \u00bb) et est exploit\u00e9 par celle-ci \u00e0 des fins d\u2019information et d\u2019utilisation personnelle. L\u2019utilisation que vous faites de ce site Web est assujettie aux pr\u00e9sentes modalit\u00e9s ainsi qu\u2019\u00e0 toutes les lois applicables.En acc\u00e9dant \u00e0 ce site Web et en y [&hellip;]\" \/>\n<meta property=\"og:url\" content=\"https:\/\/groupedevonian.com\/fr\/terms-of-use\/\" \/>\n<meta property=\"og:site_name\" content=\"DEVONIAN HEALTH GROUP INC.\" \/>\n<meta property=\"article:modified_time\" content=\"2026-02-06T18:58:30+00:00\" \/>\n<meta name=\"twitter:card\" content=\"summary_large_image\" \/>\n<meta name=\"twitter:label1\" content=\"Dur\u00e9e de lecture estim\u00e9e\" \/>\n\t<meta name=\"twitter:data1\" content=\"7 minutes\" \/>\n<script type=\"application\/ld+json\" class=\"yoast-schema-graph\">{\"@context\":\"https:\\\/\\\/schema.org\",\"@graph\":[{\"@type\":\"WebPage\",\"@id\":\"https:\\\/\\\/groupedevonian.com\\\/fr\\\/terms-of-use\\\/\",\"url\":\"https:\\\/\\\/groupedevonian.com\\\/fr\\\/terms-of-use\\\/\",\"name\":\"CONDITIONS D\u2019UTILISATION - DEVONIAN HEALTH GROUP INC.\",\"isPartOf\":{\"@id\":\"https:\\\/\\\/groupedevonian.com\\\/fr\\\/#website\"},\"datePublished\":\"2016-07-16T02:37:41+00:00\",\"dateModified\":\"2026-02-06T18:58:30+00:00\",\"breadcrumb\":{\"@id\":\"https:\\\/\\\/groupedevonian.com\\\/fr\\\/terms-of-use\\\/#breadcrumb\"},\"inLanguage\":\"fr-FR\",\"potentialAction\":[{\"@type\":\"ReadAction\",\"target\":[\"https:\\\/\\\/groupedevonian.com\\\/fr\\\/terms-of-use\\\/\"]}]},{\"@type\":\"BreadcrumbList\",\"@id\":\"https:\\\/\\\/groupedevonian.com\\\/fr\\\/terms-of-use\\\/#breadcrumb\",\"itemListElement\":[{\"@type\":\"ListItem\",\"position\":1,\"name\":\"Home\",\"item\":\"https:\\\/\\\/groupedevonian.com\\\/fr\\\/\"},{\"@type\":\"ListItem\",\"position\":2,\"name\":\"CONDITIONS D\u2019UTILISATION\"}]},{\"@type\":\"WebSite\",\"@id\":\"https:\\\/\\\/groupedevonian.com\\\/fr\\\/#website\",\"url\":\"https:\\\/\\\/groupedevonian.com\\\/fr\\\/\",\"name\":\"DEVONIAN HEALTH GROUP INC.\",\"description\":\"Botanical pharmaceutical corporation\",\"publisher\":{\"@id\":\"https:\\\/\\\/groupedevonian.com\\\/fr\\\/#organization\"},\"potentialAction\":[{\"@type\":\"SearchAction\",\"target\":{\"@type\":\"EntryPoint\",\"urlTemplate\":\"https:\\\/\\\/groupedevonian.com\\\/fr\\\/?s={search_term_string}\"},\"query-input\":{\"@type\":\"PropertyValueSpecification\",\"valueRequired\":true,\"valueName\":\"search_term_string\"}}],\"inLanguage\":\"fr-FR\"},{\"@type\":\"Organization\",\"@id\":\"https:\\\/\\\/groupedevonian.com\\\/fr\\\/#organization\",\"name\":\"Groupe Sant\u00e9 Devonian inc.\",\"alternateName\":\"Groupe Sant\u00e9 Devonian inc.\",\"url\":\"https:\\\/\\\/groupedevonian.com\\\/fr\\\/\",\"logo\":{\"@type\":\"ImageObject\",\"inLanguage\":\"fr-FR\",\"@id\":\"https:\\\/\\\/groupedevonian.com\\\/fr\\\/#\\\/schema\\\/logo\\\/image\\\/\",\"url\":\"https:\\\/\\\/groupedevonian.com\\\/wp-content\\\/uploads\\\/2022\\\/05\\\/logo-devonian-2x.png\",\"contentUrl\":\"https:\\\/\\\/groupedevonian.com\\\/wp-content\\\/uploads\\\/2022\\\/05\\\/logo-devonian-2x.png\",\"width\":309,\"height\":183,\"caption\":\"Groupe Sant\u00e9 Devonian inc.\"},\"image\":{\"@id\":\"https:\\\/\\\/groupedevonian.com\\\/fr\\\/#\\\/schema\\\/logo\\\/image\\\/\"}}]}<\/script>\n<!-- \/ Yoast SEO plugin. -->","yoast_head_json":{"title":"CONDITIONS D\u2019UTILISATION - DEVONIAN HEALTH GROUP INC.","robots":{"index":"index","follow":"follow","max-snippet":"max-snippet:-1","max-image-preview":"max-image-preview:large","max-video-preview":"max-video-preview:-1"},"canonical":"https:\/\/groupedevonian.com\/fr\/terms-of-use\/","og_locale":"fr_FR","og_type":"article","og_title":"CONDITIONS D\u2019UTILISATION - DEVONIAN HEALTH GROUP INC.","og_description":"Le pr\u00e9sent site Web appartient \u00e0 Devonian Inc. (\u00ab Devonian \u00bb ou la \u00ab Soci\u00e9t\u00e9 \u00bb) et est exploit\u00e9 par celle-ci \u00e0 des fins d\u2019information et d\u2019utilisation personnelle. L\u2019utilisation que vous faites de ce site Web est assujettie aux pr\u00e9sentes modalit\u00e9s ainsi qu\u2019\u00e0 toutes les lois applicables.En acc\u00e9dant \u00e0 ce site Web et en y [&hellip;]","og_url":"https:\/\/groupedevonian.com\/fr\/terms-of-use\/","og_site_name":"DEVONIAN HEALTH GROUP INC.","article_modified_time":"2026-02-06T18:58:30+00:00","twitter_card":"summary_large_image","twitter_misc":{"Dur\u00e9e de lecture estim\u00e9e":"7 minutes"},"schema":{"@context":"https:\/\/schema.org","@graph":[{"@type":"WebPage","@id":"https:\/\/groupedevonian.com\/fr\/terms-of-use\/","url":"https:\/\/groupedevonian.com\/fr\/terms-of-use\/","name":"CONDITIONS D\u2019UTILISATION - DEVONIAN HEALTH GROUP INC.","isPartOf":{"@id":"https:\/\/groupedevonian.com\/fr\/#website"},"datePublished":"2016-07-16T02:37:41+00:00","dateModified":"2026-02-06T18:58:30+00:00","breadcrumb":{"@id":"https:\/\/groupedevonian.com\/fr\/terms-of-use\/#breadcrumb"},"inLanguage":"fr-FR","potentialAction":[{"@type":"ReadAction","target":["https:\/\/groupedevonian.com\/fr\/terms-of-use\/"]}]},{"@type":"BreadcrumbList","@id":"https:\/\/groupedevonian.com\/fr\/terms-of-use\/#breadcrumb","itemListElement":[{"@type":"ListItem","position":1,"name":"Home","item":"https:\/\/groupedevonian.com\/fr\/"},{"@type":"ListItem","position":2,"name":"CONDITIONS D\u2019UTILISATION"}]},{"@type":"WebSite","@id":"https:\/\/groupedevonian.com\/fr\/#website","url":"https:\/\/groupedevonian.com\/fr\/","name":"DEVONIAN HEALTH GROUP INC.","description":"Botanical pharmaceutical corporation","publisher":{"@id":"https:\/\/groupedevonian.com\/fr\/#organization"},"potentialAction":[{"@type":"SearchAction","target":{"@type":"EntryPoint","urlTemplate":"https:\/\/groupedevonian.com\/fr\/?s={search_term_string}"},"query-input":{"@type":"PropertyValueSpecification","valueRequired":true,"valueName":"search_term_string"}}],"inLanguage":"fr-FR"},{"@type":"Organization","@id":"https:\/\/groupedevonian.com\/fr\/#organization","name":"Groupe Sant\u00e9 Devonian inc.","alternateName":"Groupe Sant\u00e9 Devonian inc.","url":"https:\/\/groupedevonian.com\/fr\/","logo":{"@type":"ImageObject","inLanguage":"fr-FR","@id":"https:\/\/groupedevonian.com\/fr\/#\/schema\/logo\/image\/","url":"https:\/\/groupedevonian.com\/wp-content\/uploads\/2022\/05\/logo-devonian-2x.png","contentUrl":"https:\/\/groupedevonian.com\/wp-content\/uploads\/2022\/05\/logo-devonian-2x.png","width":309,"height":183,"caption":"Groupe Sant\u00e9 Devonian inc."},"image":{"@id":"https:\/\/groupedevonian.com\/fr\/#\/schema\/logo\/image\/"}}]}},"_links":{"self":[{"href":"https:\/\/groupedevonian.com\/fr\/wp-json\/wp\/v2\/pages\/1802","targetHints":{"allow":["GET"]}}],"collection":[{"href":"https:\/\/groupedevonian.com\/fr\/wp-json\/wp\/v2\/pages"}],"about":[{"href":"https:\/\/groupedevonian.com\/fr\/wp-json\/wp\/v2\/types\/page"}],"author":[{"embeddable":true,"href":"https:\/\/groupedevonian.com\/fr\/wp-json\/wp\/v2\/users\/3"}],"replies":[{"embeddable":true,"href":"https:\/\/groupedevonian.com\/fr\/wp-json\/wp\/v2\/comments?post=1802"}],"version-history":[{"count":5,"href":"https:\/\/groupedevonian.com\/fr\/wp-json\/wp\/v2\/pages\/1802\/revisions"}],"predecessor-version":[{"id":13099,"href":"https:\/\/groupedevonian.com\/fr\/wp-json\/wp\/v2\/pages\/1802\/revisions\/13099"}],"wp:attachment":[{"href":"https:\/\/groupedevonian.com\/fr\/wp-json\/wp\/v2\/media?parent=1802"}],"curies":[{"name":"wp","href":"https:\/\/api.w.org\/{rel}","templated":true}]}}