{"id":1777,"date":"2016-06-15T16:32:59","date_gmt":"2016-06-15T20:32:59","guid":{"rendered":"http:\/\/groupedevonian.com\/en\/fr\/?page_id=1777"},"modified":"2025-12-15T15:26:42","modified_gmt":"2025-12-15T20:26:42","slug":"career","status":"publish","type":"page","link":"https:\/\/groupedevonian.com\/fr\/career\/","title":{"rendered":"Carri\u00e8res"},"content":{"rendered":"<p>[et_pb_section fb_built=\u00a0\u00bb1&Prime; _builder_version=\u00a0\u00bb4.27.5&Prime; _module_preset=\u00a0\u00bbdefault\u00a0\u00bb custom_padding=\u00a0\u00bb130px||130px||true|\u00a0\u00bb top_divider_color=\u00a0\u00bb#1B303B\u00a0\u00bb top_divider_height=\u00a0\u00bb50px\u00a0\u00bb bottom_divider_style=\u00a0\u00bbwave\u00a0\u00bb bottom_divider_color=\u00a0\u00bb#1F386B\u00a0\u00bb bottom_divider_height=\u00a0\u00bb50px\u00a0\u00bb bottom_divider_flip=\u00a0\u00bbhorizontal\u00a0\u00bb hover_enabled=\u00a0\u00bb0&Prime; custom_css_main_element=\u00a0\u00bbbackground: url(\/wp-content\/uploads\/2025\/11\/dots-br.png)\/*, url(\/wp-content\/uploads\/2025\/11\/lines-bl.png)*\/, url(\/wp-content\/uploads\/2025\/11\/dots-tl.png)\/*, url(\/wp-content\/uploads\/2025\/11\/lueur-bl-v2.png)*\/ !important;||background-repeat: no-repeat !important;||background-position: right bottom,\/* left bottom,*\/ left top\/*, left bottom*\/  !important;||background-size: auto !important;\u00a0\u00bb global_colors_info=\u00a0\u00bb{}\u00a0\u00bb custom_css_main_element_last_edited=\u00a0\u00bbon|phone\u00a0\u00bb custom_css_main_element_tablet=\u00a0\u00bbbackground: url(\/wp-content\/uploads\/2025\/11\/dots-br.png)\/*, url(\/wp-content\/uploads\/2025\/11\/lines-bl.png)*\/, url(\/wp-content\/uploads\/2025\/12\/dot-top-right.png)\/*, url(\/wp-content\/uploads\/2025\/11\/lueur-bl-v2.png)*\/ !important;||background-repeat: no-repeat !important;||background-position: right bottom\/*, left bottom*\/, right top\/*, left bottom *\/ !important;||background-size: auto !important;\u00a0\u00bb custom_css_main_element_phone=\u00a0\u00bbbackground:none !important;\u00a0\u00bb sticky_enabled=\u00a0\u00bb0&Prime;][et_pb_row custom_padding_last_edited=\u00a0\u00bbon|tablet\u00a0\u00bb _builder_version=\u00a0\u00bb4.27.4&Prime; _module_preset=\u00a0\u00bbdefault\u00a0\u00bb background_enable_image=\u00a0\u00bboff\u00a0\u00bb background_size=\u00a0\u00bbcontain\u00a0\u00bb background_blend=\u00a0\u00bbsoft-light\u00a0\u00bb max_width=\u00a0\u00bb80%\u00a0\u00bb custom_margin_tablet=\u00a0\u00bb0px||||false|false\u00a0\u00bb custom_margin_phone=\u00a0\u00bb0px||||false|false\u00a0\u00bb custom_margin_last_edited=\u00a0\u00bbon|tablet\u00a0\u00bb custom_padding_tablet=\u00a0\u00bb0px||||false|false\u00a0\u00bb custom_padding_phone=\u00a0\u00bb0px||||false|false\u00a0\u00bb global_colors_info=\u00a0\u00bb{}\u00a0\u00bb][et_pb_column type=\u00a0\u00bb4_4&Prime; _builder_version=\u00a0\u00bb4.27.4&Prime; _module_preset=\u00a0\u00bbdefault\u00a0\u00bb global_colors_info=\u00a0\u00bb{}\u00a0\u00bb][et_pb_text admin_label=\u00a0\u00bbCareers\u00a0\u00bb _builder_version=\u00a0\u00bb4.27.5&Prime; _module_preset=\u00a0\u00bbdefault\u00a0\u00bb header_2_text_color=\u00a0\u00bb#1F386B\u00a0\u00bb header_2_font_size=\u00a0\u00bb36px\u00a0\u00bb background_enable_color=\u00a0\u00bboff\u00a0\u00bb global_colors_info=\u00a0\u00bb{}\u00a0\u00bb]<\/p>\n<h1><strong>Carri\u00e8res<\/strong><\/h1>\n<p>[\/et_pb_text][et_pb_text admin_label=\u00a0\u00bbWe are always looking&#8230;\u00a0\u00bb _builder_version=\u00a0\u00bb4.27.4&Prime; _module_preset=\u00a0\u00bbdefault\u00a0\u00bb header_2_text_color=\u00a0\u00bb#5ABCAD\u00a0\u00bb width=\u00a0\u00bb100%\u00a0\u00bb max_width=\u00a0\u00bb100%\u00a0\u00bb custom_margin=\u00a0\u00bb|0px|||false|false\u00a0\u00bb custom_padding=\u00a0\u00bb|0px|||false|false\u00a0\u00bb global_colors_info=\u00a0\u00bb{}\u00a0\u00bb]<\/p>\n<p>Nous sommes toujours \u00e0 la recherche de personnes talentueuses pour joindre notre \u00e9quipe. Si vous \u00eates une personne motiv\u00e9e par de nouveaux d\u00e9fis, appr\u00e9ciez un milieu de travail dynamique et souhaitez contribuer \u00e0 notre succ\u00e8s, veuillez faire parvenir votre curriculum vit\u00e6 et votre lettre de pr\u00e9sentation par courriel \u00e0 <a href=\"mailto:info@groupedevonian.com\">info@groupedevonian.com<\/a>.<\/p>\n<p><\/p>\n<p>Nous remercions tous les candidats de leur int\u00e9r\u00eat; toutefois, nous communiquerons uniquement avec les personnes s\u00e9lectionn\u00e9es pour une entrevue.<\/p>\n<p><\/p>\n<p>Groupe Sant\u00e9 Devonian Inc. est un employeur offrant l\u2019\u00e9galit\u00e9 des chances.<\/p>\n<p>[\/et_pb_text][\/et_pb_column][\/et_pb_row][\/et_pb_section]<\/p>\n","protected":false},"excerpt":{"rendered":"<p>Carri\u00e8resNous sommes toujours \u00e0 la recherche de personnes talentueuses pour joindre notre \u00e9quipe. Si vous \u00eates une personne motiv\u00e9e par de nouveaux d\u00e9fis, appr\u00e9ciez un milieu de travail dynamique et souhaitez contribuer \u00e0 notre succ\u00e8s, veuillez faire parvenir votre curriculum vit\u00e6 et votre lettre de pr\u00e9sentation par courriel \u00e0 info@groupedevonian.com.Nous remercions tous les candidats de [&hellip;]<\/p>\n","protected":false},"author":3,"featured_media":0,"parent":0,"menu_order":70,"comment_status":"closed","ping_status":"closed","template":"","meta":{"_et_pb_use_builder":"on","_et_pb_old_content":"<p>\u00a0<\/p><h2>Careers<\/h2><p>\u00a0<\/p><p align=\"justify\">We are always looking for great people to join our team. If you are excited by new challenges and a thriving work environment and wish to contribute to our success, kindly send your resume with cover letter via E-mail to <a href=\"mailto:info@groupedevonian.com\">info@groupedevonian.com<\/a>.<\/p><p>We thank all candidates for submitting their resumes, however, only those selected candidates will be contacted.<\/p><p>We are an equal opportunity employer.<\/p><p>\u00a0<\/p><p>\u00a0<\/p><p>\u00a0<\/p><p>\u00a0<\/p><p>\u00a0<\/p>","_et_gb_content_width":"","footnotes":""},"class_list":["post-1777","page","type-page","status-publish","hentry"],"yoast_head":"<!-- This site is optimized with the Yoast SEO plugin v27.5 - https:\/\/yoast.com\/product\/yoast-seo-wordpress\/ -->\n<title>Carri\u00e8res - DEVONIAN HEALTH GROUP INC.<\/title>\n<meta name=\"robots\" content=\"index, follow, max-snippet:-1, max-image-preview:large, max-video-preview:-1\" \/>\n<link rel=\"canonical\" href=\"https:\/\/groupedevonian.com\/fr\/career\/\" \/>\n<meta property=\"og:locale\" content=\"fr_FR\" \/>\n<meta property=\"og:type\" content=\"article\" \/>\n<meta property=\"og:title\" content=\"Carri\u00e8res - DEVONIAN HEALTH GROUP INC.\" \/>\n<meta property=\"og:description\" content=\"Carri\u00e8resNous sommes toujours \u00e0 la recherche de personnes talentueuses pour joindre notre \u00e9quipe. Si vous \u00eates une personne motiv\u00e9e par de nouveaux d\u00e9fis, appr\u00e9ciez un milieu de travail dynamique et souhaitez contribuer \u00e0 notre succ\u00e8s, veuillez faire parvenir votre curriculum vit\u00e6 et votre lettre de pr\u00e9sentation par courriel \u00e0 info@groupedevonian.com.Nous remercions tous les candidats de [&hellip;]\" \/>\n<meta property=\"og:url\" content=\"https:\/\/groupedevonian.com\/fr\/career\/\" \/>\n<meta property=\"og:site_name\" content=\"DEVONIAN HEALTH GROUP INC.\" \/>\n<meta property=\"article:modified_time\" content=\"2025-12-15T20:26:42+00:00\" \/>\n<meta name=\"twitter:card\" content=\"summary_large_image\" \/>\n<meta name=\"twitter:label1\" content=\"Dur\u00e9e de lecture estim\u00e9e\" \/>\n\t<meta name=\"twitter:data1\" content=\"1 minute\" \/>\n<script type=\"application\/ld+json\" class=\"yoast-schema-graph\">{\"@context\":\"https:\\\/\\\/schema.org\",\"@graph\":[{\"@type\":\"WebPage\",\"@id\":\"https:\\\/\\\/groupedevonian.com\\\/fr\\\/career\\\/\",\"url\":\"https:\\\/\\\/groupedevonian.com\\\/fr\\\/career\\\/\",\"name\":\"Carri\u00e8res - DEVONIAN HEALTH GROUP INC.\",\"isPartOf\":{\"@id\":\"https:\\\/\\\/groupedevonian.com\\\/fr\\\/#website\"},\"datePublished\":\"2016-06-15T20:32:59+00:00\",\"dateModified\":\"2025-12-15T20:26:42+00:00\",\"breadcrumb\":{\"@id\":\"https:\\\/\\\/groupedevonian.com\\\/fr\\\/career\\\/#breadcrumb\"},\"inLanguage\":\"fr-FR\",\"potentialAction\":[{\"@type\":\"ReadAction\",\"target\":[\"https:\\\/\\\/groupedevonian.com\\\/fr\\\/career\\\/\"]}]},{\"@type\":\"BreadcrumbList\",\"@id\":\"https:\\\/\\\/groupedevonian.com\\\/fr\\\/career\\\/#breadcrumb\",\"itemListElement\":[{\"@type\":\"ListItem\",\"position\":1,\"name\":\"Home\",\"item\":\"https:\\\/\\\/groupedevonian.com\\\/fr\\\/\"},{\"@type\":\"ListItem\",\"position\":2,\"name\":\"Carri\u00e8res\"}]},{\"@type\":\"WebSite\",\"@id\":\"https:\\\/\\\/groupedevonian.com\\\/fr\\\/#website\",\"url\":\"https:\\\/\\\/groupedevonian.com\\\/fr\\\/\",\"name\":\"DEVONIAN HEALTH GROUP INC.\",\"description\":\"Botanical pharmaceutical corporation\",\"publisher\":{\"@id\":\"https:\\\/\\\/groupedevonian.com\\\/fr\\\/#organization\"},\"potentialAction\":[{\"@type\":\"SearchAction\",\"target\":{\"@type\":\"EntryPoint\",\"urlTemplate\":\"https:\\\/\\\/groupedevonian.com\\\/fr\\\/?s={search_term_string}\"},\"query-input\":{\"@type\":\"PropertyValueSpecification\",\"valueRequired\":true,\"valueName\":\"search_term_string\"}}],\"inLanguage\":\"fr-FR\"},{\"@type\":\"Organization\",\"@id\":\"https:\\\/\\\/groupedevonian.com\\\/fr\\\/#organization\",\"name\":\"Groupe Sant\u00e9 Devonian inc.\",\"alternateName\":\"Groupe Sant\u00e9 Devonian inc.\",\"url\":\"https:\\\/\\\/groupedevonian.com\\\/fr\\\/\",\"logo\":{\"@type\":\"ImageObject\",\"inLanguage\":\"fr-FR\",\"@id\":\"https:\\\/\\\/groupedevonian.com\\\/fr\\\/#\\\/schema\\\/logo\\\/image\\\/\",\"url\":\"https:\\\/\\\/groupedevonian.com\\\/wp-content\\\/uploads\\\/2022\\\/05\\\/logo-devonian-2x.png\",\"contentUrl\":\"https:\\\/\\\/groupedevonian.com\\\/wp-content\\\/uploads\\\/2022\\\/05\\\/logo-devonian-2x.png\",\"width\":309,\"height\":183,\"caption\":\"Groupe Sant\u00e9 Devonian inc.\"},\"image\":{\"@id\":\"https:\\\/\\\/groupedevonian.com\\\/fr\\\/#\\\/schema\\\/logo\\\/image\\\/\"}}]}<\/script>\n<!-- \/ Yoast SEO plugin. -->","yoast_head_json":{"title":"Carri\u00e8res - DEVONIAN HEALTH GROUP INC.","robots":{"index":"index","follow":"follow","max-snippet":"max-snippet:-1","max-image-preview":"max-image-preview:large","max-video-preview":"max-video-preview:-1"},"canonical":"https:\/\/groupedevonian.com\/fr\/career\/","og_locale":"fr_FR","og_type":"article","og_title":"Carri\u00e8res - DEVONIAN HEALTH GROUP INC.","og_description":"Carri\u00e8resNous sommes toujours \u00e0 la recherche de personnes talentueuses pour joindre notre \u00e9quipe. Si vous \u00eates une personne motiv\u00e9e par de nouveaux d\u00e9fis, appr\u00e9ciez un milieu de travail dynamique et souhaitez contribuer \u00e0 notre succ\u00e8s, veuillez faire parvenir votre curriculum vit\u00e6 et votre lettre de pr\u00e9sentation par courriel \u00e0 info@groupedevonian.com.Nous remercions tous les candidats de [&hellip;]","og_url":"https:\/\/groupedevonian.com\/fr\/career\/","og_site_name":"DEVONIAN HEALTH GROUP INC.","article_modified_time":"2025-12-15T20:26:42+00:00","twitter_card":"summary_large_image","twitter_misc":{"Dur\u00e9e de lecture estim\u00e9e":"1 minute"},"schema":{"@context":"https:\/\/schema.org","@graph":[{"@type":"WebPage","@id":"https:\/\/groupedevonian.com\/fr\/career\/","url":"https:\/\/groupedevonian.com\/fr\/career\/","name":"Carri\u00e8res - DEVONIAN HEALTH GROUP INC.","isPartOf":{"@id":"https:\/\/groupedevonian.com\/fr\/#website"},"datePublished":"2016-06-15T20:32:59+00:00","dateModified":"2025-12-15T20:26:42+00:00","breadcrumb":{"@id":"https:\/\/groupedevonian.com\/fr\/career\/#breadcrumb"},"inLanguage":"fr-FR","potentialAction":[{"@type":"ReadAction","target":["https:\/\/groupedevonian.com\/fr\/career\/"]}]},{"@type":"BreadcrumbList","@id":"https:\/\/groupedevonian.com\/fr\/career\/#breadcrumb","itemListElement":[{"@type":"ListItem","position":1,"name":"Home","item":"https:\/\/groupedevonian.com\/fr\/"},{"@type":"ListItem","position":2,"name":"Carri\u00e8res"}]},{"@type":"WebSite","@id":"https:\/\/groupedevonian.com\/fr\/#website","url":"https:\/\/groupedevonian.com\/fr\/","name":"DEVONIAN HEALTH GROUP INC.","description":"Botanical pharmaceutical corporation","publisher":{"@id":"https:\/\/groupedevonian.com\/fr\/#organization"},"potentialAction":[{"@type":"SearchAction","target":{"@type":"EntryPoint","urlTemplate":"https:\/\/groupedevonian.com\/fr\/?s={search_term_string}"},"query-input":{"@type":"PropertyValueSpecification","valueRequired":true,"valueName":"search_term_string"}}],"inLanguage":"fr-FR"},{"@type":"Organization","@id":"https:\/\/groupedevonian.com\/fr\/#organization","name":"Groupe Sant\u00e9 Devonian inc.","alternateName":"Groupe Sant\u00e9 Devonian inc.","url":"https:\/\/groupedevonian.com\/fr\/","logo":{"@type":"ImageObject","inLanguage":"fr-FR","@id":"https:\/\/groupedevonian.com\/fr\/#\/schema\/logo\/image\/","url":"https:\/\/groupedevonian.com\/wp-content\/uploads\/2022\/05\/logo-devonian-2x.png","contentUrl":"https:\/\/groupedevonian.com\/wp-content\/uploads\/2022\/05\/logo-devonian-2x.png","width":309,"height":183,"caption":"Groupe Sant\u00e9 Devonian inc."},"image":{"@id":"https:\/\/groupedevonian.com\/fr\/#\/schema\/logo\/image\/"}}]}},"_links":{"self":[{"href":"https:\/\/groupedevonian.com\/fr\/wp-json\/wp\/v2\/pages\/1777","targetHints":{"allow":["GET"]}}],"collection":[{"href":"https:\/\/groupedevonian.com\/fr\/wp-json\/wp\/v2\/pages"}],"about":[{"href":"https:\/\/groupedevonian.com\/fr\/wp-json\/wp\/v2\/types\/page"}],"author":[{"embeddable":true,"href":"https:\/\/groupedevonian.com\/fr\/wp-json\/wp\/v2\/users\/3"}],"replies":[{"embeddable":true,"href":"https:\/\/groupedevonian.com\/fr\/wp-json\/wp\/v2\/comments?post=1777"}],"version-history":[{"count":5,"href":"https:\/\/groupedevonian.com\/fr\/wp-json\/wp\/v2\/pages\/1777\/revisions"}],"predecessor-version":[{"id":12952,"href":"https:\/\/groupedevonian.com\/fr\/wp-json\/wp\/v2\/pages\/1777\/revisions\/12952"}],"wp:attachment":[{"href":"https:\/\/groupedevonian.com\/fr\/wp-json\/wp\/v2\/media?parent=1777"}],"curies":[{"name":"wp","href":"https:\/\/api.w.org\/{rel}","templated":true}]}}