{"id":1766,"date":"2015-05-25T12:08:50","date_gmt":"2015-05-25T16:08:50","guid":{"rendered":"http:\/\/groupedevonian.com\/en\/fr\/?page_id=1766"},"modified":"2025-12-15T15:38:51","modified_gmt":"2025-12-15T20:38:51","slug":"technology","status":"publish","type":"page","link":"https:\/\/groupedevonian.com\/fr\/technology\/","title":{"rendered":"Technologie"},"content":{"rendered":"<p>[et_pb_section fb_built=\u00a0\u00bb1&Prime; _builder_version=\u00a0\u00bb4.27.5&Prime; _module_preset=\u00a0\u00bbdefault\u00a0\u00bb custom_padding=\u00a0\u00bb100px||100px||true|\u00a0\u00bb top_divider_color=\u00a0\u00bb#1B303B\u00a0\u00bb top_divider_height=\u00a0\u00bb50px\u00a0\u00bb bottom_divider_style=\u00a0\u00bbwave\u00a0\u00bb bottom_divider_color=\u00a0\u00bb#1F386B\u00a0\u00bb bottom_divider_height=\u00a0\u00bb50px\u00a0\u00bb bottom_divider_flip=\u00a0\u00bbhorizontal\u00a0\u00bb custom_css_main_element=\u00a0\u00bbbackground: url(\/wp-content\/uploads\/2025\/11\/dots-br.png)\/*, url(\/wp-content\/uploads\/2025\/11\/lines-bl.png)*\/, url(\/wp-content\/uploads\/2025\/11\/dots-tl.png)\/*, url(\/wp-content\/uploads\/2025\/11\/lueur-bl-v2.png)*\/ !important;||background-repeat: no-repeat !important;||background-position: right bottom,\/* left bottom,*\/ left top\/*, left bottom*\/  !important;||background-size: auto !important;\u00a0\u00bb global_colors_info=\u00a0\u00bb{}\u00a0\u00bb custom_css_main_element_last_edited=\u00a0\u00bbon|phone\u00a0\u00bb custom_css_main_element_tablet=\u00a0\u00bbbackground: url(\/wp-content\/uploads\/2025\/11\/dots-br.png)\/*, url(\/wp-content\/uploads\/2025\/11\/lines-bl.png)*\/, url(\/wp-content\/uploads\/2025\/12\/dot-top-right.png)\/*, url(\/wp-content\/uploads\/2025\/11\/lueur-bl-v2.png)*\/ !important;||background-repeat: no-repeat !important;||background-position: right bottom\/*, left bottom*\/, right top\/*, left bottom *\/ !important;||background-size: auto !important;\u00a0\u00bb custom_css_main_element_phone=\u00a0\u00bbbackground:none !important;\u00a0\u00bb][et_pb_row custom_padding_last_edited=\u00a0\u00bbon|tablet\u00a0\u00bb _builder_version=\u00a0\u00bb4.27.4&Prime; _module_preset=\u00a0\u00bbdefault\u00a0\u00bb background_enable_image=\u00a0\u00bboff\u00a0\u00bb background_size=\u00a0\u00bbcontain\u00a0\u00bb background_blend=\u00a0\u00bbsoft-light\u00a0\u00bb max_width=\u00a0\u00bb80%\u00a0\u00bb custom_margin_tablet=\u00a0\u00bb0px||||false|false\u00a0\u00bb custom_margin_phone=\u00a0\u00bb0px||||false|false\u00a0\u00bb custom_margin_last_edited=\u00a0\u00bbon|tablet\u00a0\u00bb custom_padding=\u00a0\u00bb0px||23px||false|false\u00a0\u00bb custom_padding_tablet=\u00a0\u00bb0px||||false|false\u00a0\u00bb custom_padding_phone=\u00a0\u00bb0px||||false|false\u00a0\u00bb global_colors_info=\u00a0\u00bb{}\u00a0\u00bb][et_pb_column type=\u00a0\u00bb4_4&Prime; _builder_version=\u00a0\u00bb4.27.4&Prime; _module_preset=\u00a0\u00bbdefault\u00a0\u00bb global_colors_info=\u00a0\u00bb{}\u00a0\u00bb][et_pb_text admin_label=\u00a0\u00bbTechnology\u00a0\u00bb _builder_version=\u00a0\u00bb4.27.5&Prime; _module_preset=\u00a0\u00bbdefault\u00a0\u00bb header_2_text_color=\u00a0\u00bb#1F386B\u00a0\u00bb header_2_font_size=\u00a0\u00bb36px\u00a0\u00bb background_enable_color=\u00a0\u00bboff\u00a0\u00bb global_colors_info=\u00a0\u00bb{}\u00a0\u00bb]<\/p>\n<h2><strong>Technologie<\/strong><\/h2>\n<p>[\/et_pb_text][\/et_pb_column][\/et_pb_row][et_pb_row column_structure=\u00a0\u00bb1_2,1_2&Prime; custom_padding_last_edited=\u00a0\u00bbon|tablet\u00a0\u00bb _builder_version=\u00a0\u00bb4.27.4&Prime; _module_preset=\u00a0\u00bbdefault\u00a0\u00bb background_enable_image=\u00a0\u00bboff\u00a0\u00bb background_size=\u00a0\u00bbcontain\u00a0\u00bb background_blend=\u00a0\u00bbsoft-light\u00a0\u00bb max_width=\u00a0\u00bb80%\u00a0\u00bb custom_margin_tablet=\u00a0\u00bb0px||||false|false\u00a0\u00bb custom_margin_phone=\u00a0\u00bb0px||||false|false\u00a0\u00bb custom_margin_last_edited=\u00a0\u00bbon|tablet\u00a0\u00bb custom_padding=\u00a0\u00bb0px||||false|false\u00a0\u00bb custom_padding_tablet=\u00a0\u00bb0px||||false|false\u00a0\u00bb custom_padding_phone=\u00a0\u00bb0px||||false|false\u00a0\u00bb global_colors_info=\u00a0\u00bb{}\u00a0\u00bb][et_pb_column type=\u00a0\u00bb1_2&Prime; _builder_version=\u00a0\u00bb4.27.4&Prime; _module_preset=\u00a0\u00bbdefault\u00a0\u00bb global_colors_info=\u00a0\u00bb{}\u00a0\u00bb][et_pb_text admin_label=\u00a0\u00bbSource of new products for the pharmaceutical industry\u00a0\u00bb _builder_version=\u00a0\u00bb4.27.5&Prime; _module_preset=\u00a0\u00bbdefault\u00a0\u00bb header_2_text_color=\u00a0\u00bb#1F386B\u00a0\u00bb width=\u00a0\u00bb100%\u00a0\u00bb max_width=\u00a0\u00bb100%\u00a0\u00bb custom_margin=\u00a0\u00bb|0px|||false|false\u00a0\u00bb custom_padding=\u00a0\u00bb|0px|||false|false\u00a0\u00bb global_colors_info=\u00a0\u00bb{}\u00a0\u00bb]<\/p>\n<h2>Source de nouveaux produits pour l\u2019industrie pharmaceutique<\/h2>\n<p>&nbsp;<\/p>\n<p>La technologie de Groupe Sant\u00e9 Devonian Inc. repose sur une vaste plateforme d\u00e9velopp\u00e9e au cours de plus de 20 ann\u00e9es de recherche. Cette plateforme permet un proc\u00e9d\u00e9 unique, \u00e0 base d\u2019eau, d\u2019extraction, de purification, de stabilisation et de conditionnement de complexes mol\u00e9culaires sous forme d\u2019ingr\u00e9dients actifs (IA) : la technologie d\u2019extraction et de stabilisation supramol\u00e9culaire (\u00ab SUPREX<sup>MC<\/sup> \u00bb).<\/p>\n<p>La technologie SUPREX<sup>MC<\/sup> est prot\u00e9g\u00e9e par un important portefeuille de propri\u00e9t\u00e9 intellectuelle. Chaque ingr\u00e9dient actif (IA) poss\u00e8de le potentiel de cibler plusieurs maladies, faisant de cette plateforme un outil th\u00e9rapeutique robuste et polyvalent.<\/p>\n<p>Thykamine<sup>MC<\/sup> est le premier IBA d\u00e9velopp\u00e9 \u00e0 partir de cette technologie. Ses puissantes activit\u00e9s <strong>anti-inflammatoires<\/strong>, antioxydantes et immunomodulatrices ont \u00e9t\u00e9 d\u00e9montr\u00e9es dans plusieurs \u00e9tudes pr\u00e9cliniques (pharmacologie <em>in vitro<\/em> et <em>in vivo<\/em>, pharmacologie de s\u00e9curit\u00e9 et \u00e9tudes de toxicologie), ainsi que dans une \u00e9tude clinique de phase 1 men\u00e9e chez des volontaires adultes en bonne sant\u00e9, et dans une \u00e9tude clinique de phase 2a de preuve de concept chez des patients atteints de rectocolite ulc\u00e9reuse distale l\u00e9g\u00e8re \u00e0 mod\u00e9r\u00e9e.<\/p>\n<p>Nous avons achev\u00e9 une \u00e9tude de <strong>phase 2a<\/strong> d\u2019une dur\u00e9e de deux semaines, randomis\u00e9e, \u00e0 double insu, contr\u00f4l\u00e9e par placebo et \u00e9valuant diff\u00e9rentes doses, afin d\u2019examiner l\u2019innocuit\u00e9, la tol\u00e9rabilit\u00e9 et l\u2019efficacit\u00e9 exploratoire de l\u2019\u00e9nema rectal Thykamine<sup>MC<\/sup> (250, 500 et 1 000 mg une fois par jour) chez des patients atteints de colite ulc\u00e9reuse distale l\u00e9g\u00e8re \u00e0 mod\u00e9r\u00e9e. En plus de l\u2019innocuit\u00e9, l\u2019\u00e9tude visait \u00e0 \u00e9valuer la r\u00e9ponse clinique ainsi que les variations de biomarqueurs \u00e9tablis de l\u2019inflammation (CRP, hsCRP, ESR, FC et FL), de m\u00eame que des biomarqueurs exploratoires mesur\u00e9s dans le s\u00e9rum, le plasma, l\u2019urine et des biopsies tissulaires.<\/p>\n<p>Malgr\u00e9 la courte dur\u00e9e du traitement, Thykamine<sup>MC<\/sup> a entra\u00een\u00e9 des diminutions statistiquement significatives de la lactoferrine f\u00e9cale et des r\u00e9ductions marqu\u00e9es \u2014 quoique non significatives \u2014 de la calprotectine f\u00e9cale. Il a \u00e9galement induit des baisses prononc\u00e9es de la CRP et de la hsCRP ainsi que des r\u00e9ductions modestes de l\u2019ESR, avec des tendances constantes en faveur de Thykamine<sup>MC <\/sup>par rapport au placebo. Sur le plan clinique, Thykamine<sup>MC<\/sup> a significativement am\u00e9lior\u00e9 le saignement rectal et pr\u00e9sent\u00e9 des tendances favorables concernant la fr\u00e9quence des selles\/diarrh\u00e9e et la douleur abdominale, soutenues par des am\u00e9liorations de la dimension \u00ab sympt\u00f4mes intestinaux \u00bb de l\u2019IBDQ. Combin\u00e9s \u00e0 son excellent profil d\u2019innocuit\u00e9, ces r\u00e9sultats cliniques et biomarqueurs d\u00e9montrent une activit\u00e9 biologique claire et soutiennent le potentiel th\u00e9rapeutique de Thykamine<sup>MC<\/sup> dans la colite ulc\u00e9reuse distale.<\/p>\n<p>[\/et_pb_text][\/et_pb_column][et_pb_column type=\u00a0\u00bb1_2&Prime; _builder_version=\u00a0\u00bb4.27.4&Prime; _module_preset=\u00a0\u00bbdefault\u00a0\u00bb global_colors_info=\u00a0\u00bb{}\u00a0\u00bb][et_pb_text admin_label=\u00a0\u00bbDevonian has also completed&#8230;\u00a0\u00bb _builder_version=\u00a0\u00bb4.27.5&Prime; _module_preset=\u00a0\u00bbdefault\u00a0\u00bb header_2_text_color=\u00a0\u00bb#5ABCAD\u00a0\u00bb width=\u00a0\u00bb100%\u00a0\u00bb max_width=\u00a0\u00bb100%\u00a0\u00bb custom_margin=\u00a0\u00bb|0px|||false|false\u00a0\u00bb custom_padding=\u00a0\u00bb|0px|||false|false\u00a0\u00bb global_colors_info=\u00a0\u00bb{}\u00a0\u00bb]<\/p>\n<p>Devonian a \u00e9galement compl\u00e9t\u00e9 une <strong>\u00e9tude clinique de phase 2 \u00e9valuant une formulation topique (cr\u00e8me)<\/strong> de Thykamine<sup>MC<\/sup> chez des patients atteints de dermatite atopique l\u00e9g\u00e8re \u00e0 mod\u00e9r\u00e9e. Le traitement en monoth\u00e9rapie a obtenu des r\u00e9sultats positifs, atteignant le crit\u00e8re principal d\u2019\u00e9valuation avec une signification statistique, d\u00e9montrant une am\u00e9lioration marqu\u00e9e de la clart\u00e9 de la peau, selon l\u2019\u00e9valuation globale de l\u2019investigateur (IGA). L\u2019essai a \u00e9galement montr\u00e9 des r\u00e9sultats statistiquement significatifs pour les crit\u00e8res secondaires : surface corporelle atteinte (BSA), prurit, score POEM et qualit\u00e9 de vie. Thykamine<sup>MC<\/sup> a \u00e9t\u00e9 bien tol\u00e9r\u00e9, avec un profil d\u2019innocuit\u00e9 coh\u00e9rent avec les \u00e9tudes ant\u00e9rieures. Ces r\u00e9sultats d\u2019efficacit\u00e9 et de s\u00e9curit\u00e9 soutiennent la poursuite du d\u00e9veloppement en phase 3 chez l\u2019adulte ainsi que l\u2019amorce d\u2019un programme p\u00e9diatrique pour la dermatite atopique l\u00e9g\u00e8re \u00e0 mod\u00e9r\u00e9e.<\/p>\n<p>\u00c0 ce jour, l\u2019ensemble des donn\u00e9es recueillies confirme le potentiel de Thykamine<sup>MC<\/sup> comme plateforme th\u00e9rapeutique <strong>visant plusieurs maladies inflammatoires<\/strong>.<\/p>\n<p>Bien que le d\u00e9veloppement de m\u00e9dicaments sur ordonnance demeure le c\u0153ur des activit\u00e9s de Devonian, la soci\u00e9t\u00e9 participe \u00e9galement \u00e0 la mise au point de produits dermo-cosm\u00e9ceutiques de grande valeur, dans le cadre d\u2019une strat\u00e9gie secondaire visant \u00e0 g\u00e9n\u00e9rer des revenus \u00e0 court terme et \u00e0 optimiser l\u2019efficacit\u00e9 de la production.<\/p>\n<p>Devonian poss\u00e8de une <strong>usine d\u2019extraction \u00e0 la fine pointe de la technologie<\/strong>, assurant une tra\u00e7abilit\u00e9 compl\u00e8te du processus, de la graine \u00e0 la pilule.<\/p>\n<p>[\/et_pb_text][\/et_pb_column][\/et_pb_row][\/et_pb_section]<\/p>\n","protected":false},"excerpt":{"rendered":"<p>TechnologieSource de nouveaux produits pour l\u2019industrie pharmaceutique &nbsp; La technologie de Groupe Sant\u00e9 Devonian Inc. repose sur une vaste plateforme d\u00e9velopp\u00e9e au cours de plus de 20 ann\u00e9es de recherche. Cette plateforme permet un proc\u00e9d\u00e9 unique, \u00e0 base d\u2019eau, d\u2019extraction, de purification, de stabilisation et de conditionnement de complexes mol\u00e9culaires sous forme d\u2019ingr\u00e9dients actifs (IA) [&hellip;]<\/p>\n","protected":false},"author":3,"featured_media":0,"parent":0,"menu_order":30,"comment_status":"closed","ping_status":"closed","template":"","meta":{"_et_pb_use_builder":"on","_et_pb_old_content":"","_et_gb_content_width":"","footnotes":""},"class_list":["post-1766","page","type-page","status-publish","hentry"],"yoast_head":"<!-- This site is optimized with the Yoast SEO plugin v27.3 - https:\/\/yoast.com\/product\/yoast-seo-wordpress\/ -->\n<title>Technologie - DEVONIAN HEALTH GROUP INC.<\/title>\n<meta name=\"robots\" content=\"index, follow, max-snippet:-1, max-image-preview:large, max-video-preview:-1\" \/>\n<link rel=\"canonical\" href=\"https:\/\/groupedevonian.com\/fr\/technology\/\" \/>\n<meta property=\"og:locale\" content=\"fr_FR\" \/>\n<meta property=\"og:type\" content=\"article\" \/>\n<meta property=\"og:title\" content=\"Technologie - DEVONIAN HEALTH GROUP INC.\" \/>\n<meta property=\"og:description\" content=\"TechnologieSource de nouveaux produits pour l\u2019industrie pharmaceutique &nbsp; La technologie de Groupe Sant\u00e9 Devonian Inc. repose sur une vaste plateforme d\u00e9velopp\u00e9e au cours de plus de 20 ann\u00e9es de recherche. Cette plateforme permet un proc\u00e9d\u00e9 unique, \u00e0 base d\u2019eau, d\u2019extraction, de purification, de stabilisation et de conditionnement de complexes mol\u00e9culaires sous forme d\u2019ingr\u00e9dients actifs (IA) [&hellip;]\" \/>\n<meta property=\"og:url\" content=\"https:\/\/groupedevonian.com\/fr\/technology\/\" \/>\n<meta property=\"og:site_name\" content=\"DEVONIAN HEALTH GROUP INC.\" \/>\n<meta property=\"article:modified_time\" content=\"2025-12-15T20:38:51+00:00\" \/>\n<meta name=\"twitter:card\" content=\"summary_large_image\" \/>\n<meta name=\"twitter:label1\" content=\"Dur\u00e9e de lecture estim\u00e9e\" \/>\n\t<meta name=\"twitter:data1\" content=\"4 minutes\" \/>\n<script type=\"application\/ld+json\" class=\"yoast-schema-graph\">{\"@context\":\"https:\\\/\\\/schema.org\",\"@graph\":[{\"@type\":\"WebPage\",\"@id\":\"https:\\\/\\\/groupedevonian.com\\\/fr\\\/technology\\\/\",\"url\":\"https:\\\/\\\/groupedevonian.com\\\/fr\\\/technology\\\/\",\"name\":\"Technologie - DEVONIAN HEALTH GROUP INC.\",\"isPartOf\":{\"@id\":\"https:\\\/\\\/groupedevonian.com\\\/fr\\\/#website\"},\"datePublished\":\"2015-05-25T16:08:50+00:00\",\"dateModified\":\"2025-12-15T20:38:51+00:00\",\"breadcrumb\":{\"@id\":\"https:\\\/\\\/groupedevonian.com\\\/fr\\\/technology\\\/#breadcrumb\"},\"inLanguage\":\"fr-FR\",\"potentialAction\":[{\"@type\":\"ReadAction\",\"target\":[\"https:\\\/\\\/groupedevonian.com\\\/fr\\\/technology\\\/\"]}]},{\"@type\":\"BreadcrumbList\",\"@id\":\"https:\\\/\\\/groupedevonian.com\\\/fr\\\/technology\\\/#breadcrumb\",\"itemListElement\":[{\"@type\":\"ListItem\",\"position\":1,\"name\":\"Home\",\"item\":\"https:\\\/\\\/groupedevonian.com\\\/fr\\\/\"},{\"@type\":\"ListItem\",\"position\":2,\"name\":\"Technologie\"}]},{\"@type\":\"WebSite\",\"@id\":\"https:\\\/\\\/groupedevonian.com\\\/fr\\\/#website\",\"url\":\"https:\\\/\\\/groupedevonian.com\\\/fr\\\/\",\"name\":\"DEVONIAN HEALTH GROUP INC.\",\"description\":\"Botanical pharmaceutical corporation\",\"publisher\":{\"@id\":\"https:\\\/\\\/groupedevonian.com\\\/fr\\\/#organization\"},\"potentialAction\":[{\"@type\":\"SearchAction\",\"target\":{\"@type\":\"EntryPoint\",\"urlTemplate\":\"https:\\\/\\\/groupedevonian.com\\\/fr\\\/?s={search_term_string}\"},\"query-input\":{\"@type\":\"PropertyValueSpecification\",\"valueRequired\":true,\"valueName\":\"search_term_string\"}}],\"inLanguage\":\"fr-FR\"},{\"@type\":\"Organization\",\"@id\":\"https:\\\/\\\/groupedevonian.com\\\/fr\\\/#organization\",\"name\":\"Groupe Sant\u00e9 Devonian inc.\",\"alternateName\":\"Groupe Sant\u00e9 Devonian inc.\",\"url\":\"https:\\\/\\\/groupedevonian.com\\\/fr\\\/\",\"logo\":{\"@type\":\"ImageObject\",\"inLanguage\":\"fr-FR\",\"@id\":\"https:\\\/\\\/groupedevonian.com\\\/fr\\\/#\\\/schema\\\/logo\\\/image\\\/\",\"url\":\"https:\\\/\\\/groupedevonian.com\\\/wp-content\\\/uploads\\\/2022\\\/05\\\/logo-devonian-2x.png\",\"contentUrl\":\"https:\\\/\\\/groupedevonian.com\\\/wp-content\\\/uploads\\\/2022\\\/05\\\/logo-devonian-2x.png\",\"width\":309,\"height\":183,\"caption\":\"Groupe Sant\u00e9 Devonian inc.\"},\"image\":{\"@id\":\"https:\\\/\\\/groupedevonian.com\\\/fr\\\/#\\\/schema\\\/logo\\\/image\\\/\"}}]}<\/script>\n<!-- \/ Yoast SEO plugin. -->","yoast_head_json":{"title":"Technologie - DEVONIAN HEALTH GROUP INC.","robots":{"index":"index","follow":"follow","max-snippet":"max-snippet:-1","max-image-preview":"max-image-preview:large","max-video-preview":"max-video-preview:-1"},"canonical":"https:\/\/groupedevonian.com\/fr\/technology\/","og_locale":"fr_FR","og_type":"article","og_title":"Technologie - DEVONIAN HEALTH GROUP INC.","og_description":"TechnologieSource de nouveaux produits pour l\u2019industrie pharmaceutique &nbsp; La technologie de Groupe Sant\u00e9 Devonian Inc. repose sur une vaste plateforme d\u00e9velopp\u00e9e au cours de plus de 20 ann\u00e9es de recherche. Cette plateforme permet un proc\u00e9d\u00e9 unique, \u00e0 base d\u2019eau, d\u2019extraction, de purification, de stabilisation et de conditionnement de complexes mol\u00e9culaires sous forme d\u2019ingr\u00e9dients actifs (IA) [&hellip;]","og_url":"https:\/\/groupedevonian.com\/fr\/technology\/","og_site_name":"DEVONIAN HEALTH GROUP INC.","article_modified_time":"2025-12-15T20:38:51+00:00","twitter_card":"summary_large_image","twitter_misc":{"Dur\u00e9e de lecture estim\u00e9e":"4 minutes"},"schema":{"@context":"https:\/\/schema.org","@graph":[{"@type":"WebPage","@id":"https:\/\/groupedevonian.com\/fr\/technology\/","url":"https:\/\/groupedevonian.com\/fr\/technology\/","name":"Technologie - DEVONIAN HEALTH GROUP INC.","isPartOf":{"@id":"https:\/\/groupedevonian.com\/fr\/#website"},"datePublished":"2015-05-25T16:08:50+00:00","dateModified":"2025-12-15T20:38:51+00:00","breadcrumb":{"@id":"https:\/\/groupedevonian.com\/fr\/technology\/#breadcrumb"},"inLanguage":"fr-FR","potentialAction":[{"@type":"ReadAction","target":["https:\/\/groupedevonian.com\/fr\/technology\/"]}]},{"@type":"BreadcrumbList","@id":"https:\/\/groupedevonian.com\/fr\/technology\/#breadcrumb","itemListElement":[{"@type":"ListItem","position":1,"name":"Home","item":"https:\/\/groupedevonian.com\/fr\/"},{"@type":"ListItem","position":2,"name":"Technologie"}]},{"@type":"WebSite","@id":"https:\/\/groupedevonian.com\/fr\/#website","url":"https:\/\/groupedevonian.com\/fr\/","name":"DEVONIAN HEALTH GROUP INC.","description":"Botanical pharmaceutical corporation","publisher":{"@id":"https:\/\/groupedevonian.com\/fr\/#organization"},"potentialAction":[{"@type":"SearchAction","target":{"@type":"EntryPoint","urlTemplate":"https:\/\/groupedevonian.com\/fr\/?s={search_term_string}"},"query-input":{"@type":"PropertyValueSpecification","valueRequired":true,"valueName":"search_term_string"}}],"inLanguage":"fr-FR"},{"@type":"Organization","@id":"https:\/\/groupedevonian.com\/fr\/#organization","name":"Groupe Sant\u00e9 Devonian inc.","alternateName":"Groupe Sant\u00e9 Devonian inc.","url":"https:\/\/groupedevonian.com\/fr\/","logo":{"@type":"ImageObject","inLanguage":"fr-FR","@id":"https:\/\/groupedevonian.com\/fr\/#\/schema\/logo\/image\/","url":"https:\/\/groupedevonian.com\/wp-content\/uploads\/2022\/05\/logo-devonian-2x.png","contentUrl":"https:\/\/groupedevonian.com\/wp-content\/uploads\/2022\/05\/logo-devonian-2x.png","width":309,"height":183,"caption":"Groupe Sant\u00e9 Devonian inc."},"image":{"@id":"https:\/\/groupedevonian.com\/fr\/#\/schema\/logo\/image\/"}}]}},"_links":{"self":[{"href":"https:\/\/groupedevonian.com\/fr\/wp-json\/wp\/v2\/pages\/1766","targetHints":{"allow":["GET"]}}],"collection":[{"href":"https:\/\/groupedevonian.com\/fr\/wp-json\/wp\/v2\/pages"}],"about":[{"href":"https:\/\/groupedevonian.com\/fr\/wp-json\/wp\/v2\/types\/page"}],"author":[{"embeddable":true,"href":"https:\/\/groupedevonian.com\/fr\/wp-json\/wp\/v2\/users\/3"}],"replies":[{"embeddable":true,"href":"https:\/\/groupedevonian.com\/fr\/wp-json\/wp\/v2\/comments?post=1766"}],"version-history":[{"count":5,"href":"https:\/\/groupedevonian.com\/fr\/wp-json\/wp\/v2\/pages\/1766\/revisions"}],"predecessor-version":[{"id":12962,"href":"https:\/\/groupedevonian.com\/fr\/wp-json\/wp\/v2\/pages\/1766\/revisions\/12962"}],"wp:attachment":[{"href":"https:\/\/groupedevonian.com\/fr\/wp-json\/wp\/v2\/media?parent=1766"}],"curies":[{"name":"wp","href":"https:\/\/api.w.org\/{rel}","templated":true}]}}